{"id":19767,"date":"2026-02-06T16:46:39","date_gmt":"2026-02-06T15:46:39","guid":{"rendered":"https:\/\/paranocta.com\/?post_type=product&#038;p=19767"},"modified":"2026-02-12T11:03:19","modified_gmt":"2026-02-12T10:03:19","slug":"lampada-da-terra-paranocta-nero-grafite","status":"publish","type":"product","link":"https:\/\/paranocta.com\/it\/catalogo\/lampada-da-terra-paranocta-nero-grafite\/","title":{"rendered":"Lampada da terra Paranocta NERO GRAFITE"},"content":{"rendered":"<p data-start=\"0\" data-end=\"94\"><strong>Illuminazione professionale senza fili, innovativa e multifunzionale <\/strong><strong data-start=\"71\" data-end=\"94\">PRODOTTO IN FRANCIA<\/strong><\/p>\n<p data-start=\"96\" data-end=\"234\">3 in 1, Paranocta \u00e8 modulabile: lampada da terra, lanterna e lampada allo stesso tempo, \u00e8 ideale per l\u2019interno, la terrazza e molto altro.<\/p>\n<p data-start=\"236\" data-end=\"266\">La lampada da terra comprende:<\/p>\n<ul>\n<li>la lampada LED senza fili ricaricabile Bulbee, qualit\u00e0 professionale, con connettore magnetico. <strong>Batteria agli ioni di litio francese eco-progettata.<\/strong> Cavo magnetico e caricatore 5 V 2 A inclusi<\/li>\n<li>una lanterna in polietilene ad Alta Densit\u00e0 (grande diffusore L 37 x l 15 cm &#8211; 300 g)<\/li>\n<li>un\u2019asta con punta in ottone, composta da 3 tubi avvitabili (altezza regolabile) in alluminio verniciato a polvere termoindurente anti-UV ad Alta Resistenza, verde salvia finitura sabbiata opaca (RAL 7034)<\/li>\n<li>una custodia per il trasporto e lo stoccaggio in neoprene, qualit\u00e0 muta da sub (L 53 x l 16 x h 16 cm &#8211; 368 g)<\/li>\n<\/ul>\n<p>&nbsp;<\/p>\n<p data-start=\"880\" data-end=\"1127\" data-is-last-node=\"\" data-is-only-node=\"\"><strong data-start=\"880\" data-end=\"892\">Potenza:<\/strong> 500 lm<\/p>\n<p data-start=\"880\" data-end=\"1127\" data-is-last-node=\"\" data-is-only-node=\"\"><strong data-start=\"902\" data-end=\"928\">Temperatura di colore:<\/strong> bianco caldo (3000 K)<\/p>\n<p data-start=\"880\" data-end=\"1127\" data-is-last-node=\"\" data-is-only-node=\"\"><strong data-start=\"953\" data-end=\"994\" data-is-only-node=\"\">Superficie di illuminazione efficace:<\/strong> 30 m\u00b2<\/p>\n<p data-start=\"880\" data-end=\"1127\" data-is-last-node=\"\" data-is-only-node=\"\"><strong data-start=\"1003\" data-end=\"1017\">Autonomia:<\/strong> 9 h<\/p>\n<p data-start=\"880\" data-end=\"1127\" data-is-last-node=\"\" data-is-only-node=\"\"><strong data-start=\"1024\" data-end=\"1056\">Dimensioni lampada da terra:<\/strong> h 185 x l 15 cm<\/p>\n<p data-start=\"880\" data-end=\"1127\" data-is-last-node=\"\" data-is-only-node=\"\"><strong data-start=\"1075\" data-end=\"1118\">Peso lampada da terra (solo struttura):<\/strong> 1,600 kg<\/p>\n<p>&nbsp;<\/p>\n<p><iframe title=\"YouTube video player\" src=\"https:\/\/www.youtube.com\/embed\/dLjYeU_0ukk\" width=\"560\" height=\"315\" frameborder=\"0\" allowfullscreen=\"allowfullscreen\"><\/iframe><\/p>\n","protected":false},"excerpt":{"rendered":"<p data-start=\"0\" data-end=\"247\">Con la silhouette di <strong>una torcia rivisitata<\/strong>, la <strong>lampada da terra senza fili<\/strong> Paranocta si erge sulla terrazza di un ristorante, nelle fioriere di una location per eventi, sulla sabbia di uno stabilimento balneare e si abbina a ogni stile di outdoor.<\/p>\n<p data-start=\"249\" data-end=\"388\">La sera, grazie alla sua base coordinata, trova posto tra i tavoli, tra i lettini prendisole e diffonde una <strong>luce confortevole e avvolgente.<\/strong><\/p>\n<p data-start=\"390\" data-end=\"531\">La sua <strong>altezza regolabile<\/strong> si adatta agli arredi; in versione ridotta, la lampada da terra diventa un tavolino luminoso per uno <strong>spazio lounge.<\/strong><\/p>\n<p data-start=\"533\" data-end=\"669\">La pinza da tavolo coordinata consente invece un fissaggio sospeso senza ingombro a terra, ideale per <strong>tavoli alti, cocktail table e bar.<\/strong><\/p>\n<p data-start=\"671\" data-end=\"858\">Il suo stelo verde salvia dona <strong>dolcezza e modernit\u00e0<\/strong> e si abbina perfettamente alle tonalit\u00e0 vegetali del giardino, armonizzandosi <strong>con il legno, le fibre naturali e i tessuti color avorio.<\/strong><\/p>\n<p data-start=\"860\" data-end=\"942\">Modulabile, senza stelo diventa lanterna o lampada, da appoggiare o da sospendere.<\/p>\n<h3>304.17 \u20ac IVA<\/h3>\n<p><img decoding=\"async\" class=\"alignnone size-full wp-image-10287\" src=\"https:\/\/paranocta.com\/wp-content\/uploads\/2023\/11\/PICTO-Conception-francaise-seul-VEC.png\" alt=\"\" width=\"85\" height=\"84\" \/><\/p>\n<div class=\"em-related-colors\">\n<h4>Altri colori:<\/h4>\n<\/div>\n<div class=\"em-related-colors\">\n<p><a href=\"\/catalogue\/professionnel\/lampadaires-pro\/lampadaire-paranocta-ivoire\/\"><img decoding=\"async\" class=\"aligncenter\" src=\"https:\/\/paranocta.com\/wp-content\/uploads\/2023\/03\/pied-base-ivoire-Paranocta.png\" alt=\"\" width=\"1000\" height=\"1000\" \/><\/a><a href=\"\/catalogue\/professionnel\/lampadaires-pro\/lampadaire-paranocta-rouille\/\"><img decoding=\"async\" class=\"aligncenter\" src=\"https:\/\/paranocta.com\/wp-content\/uploads\/2024\/04\/pied-base-rouille-Paranocta.png\" alt=\"\" width=\"1000\" height=\"1000\" \/><\/a><a href=\"\/catalogue\/professionnel\/lampadaires-pro\/lampadaire-paranocta-vert-sauge\/\"><img decoding=\"async\" class=\"aligncenter\" src=\"https:\/\/paranocta.com\/wp-content\/uploads\/2024\/04\/Lampadaire-sans-fil-exterieur-paranocta-vert-sauge.png\" alt=\"\" width=\"1000\" height=\"1000\" \/><\/a><\/p>\n<\/div>\n","protected":false},"featured_media":5500,"template":"","meta":[],"product_brand":[],"product_cat":[298],"product_tag":[],"class_list":{"0":"post-19767","1":"product","2":"type-product","3":"status-publish","4":"has-post-thumbnail","6":"product_cat-lampada-de-terra","8":"first","9":"instock","10":"sold-individually","11":"taxable","12":"shipping-taxable","13":"product-type-simple"},"yoast_head":"<!-- This site is optimized with the Yoast SEO plugin v27.3 - https:\/\/yoast.com\/product\/yoast-seo-wordpress\/ -->\n<title>Lampada da terra Paranocta NERO GRAFITE - Paranocta<\/title>\n<meta name=\"description\" content=\"Le lampadaire sans fil Paranocta r\u00e9volutionne les soir\u00e9es en terrasse... Avec lui, c&#039;est la lumi\u00e8re qui se d\u00e9place l\u00e0 o\u00f9 on en a besoin et non l&#039;inverse, et \u00e7a, \u00e7a change tout.\" \/>\n<meta name=\"robots\" content=\"index, follow, max-snippet:-1, max-image-preview:large, max-video-preview:-1\" \/>\n<link rel=\"canonical\" href=\"https:\/\/paranocta.com\/it\/catalogo\/lampada-da-terra-paranocta-nero-grafite\/\" \/>\n<meta property=\"og:locale\" content=\"it_IT\" \/>\n<meta property=\"og:type\" content=\"article\" \/>\n<meta property=\"og:title\" content=\"Lampada da terra Paranocta NERO GRAFITE - Paranocta\" \/>\n<meta property=\"og:description\" content=\"Le lampadaire sans fil Paranocta r\u00e9volutionne les soir\u00e9es en terrasse... Avec lui, c&#039;est la lumi\u00e8re qui se d\u00e9place l\u00e0 o\u00f9 on en a besoin et non l&#039;inverse, et \u00e7a, \u00e7a change tout.\" \/>\n<meta property=\"og:url\" content=\"https:\/\/paranocta.com\/it\/catalogo\/lampada-da-terra-paranocta-nero-grafite\/\" \/>\n<meta property=\"og:site_name\" content=\"Paranocta\" \/>\n<meta property=\"article:publisher\" content=\"https:\/\/www.facebook.com\/paranocta\/\" \/>\n<meta property=\"article:modified_time\" content=\"2026-02-12T10:03:19+00:00\" \/>\n<meta property=\"og:image\" content=\"https:\/\/paranocta.com\/wp-content\/uploads\/2020\/07\/Lampadaire-exterieur-sans-fil-rechargeable-noir-graphite-paranocta.jpg\" \/>\n\t<meta property=\"og:image:width\" content=\"1000\" \/>\n\t<meta property=\"og:image:height\" content=\"1535\" \/>\n\t<meta property=\"og:image:type\" content=\"image\/jpeg\" \/>\n<meta name=\"twitter:card\" content=\"summary_large_image\" \/>\n<meta name=\"twitter:label1\" content=\"Tempo di lettura stimato\" \/>\n\t<meta name=\"twitter:data1\" content=\"2 minuti\" \/>\n<script type=\"application\/ld+json\" class=\"yoast-schema-graph\">{\"@context\":\"https:\\\/\\\/schema.org\",\"@graph\":[{\"@type\":\"WebPage\",\"@id\":\"https:\\\/\\\/paranocta.com\\\/it\\\/catalogo\\\/lampada-da-terra-paranocta-nero-grafite\\\/\",\"url\":\"https:\\\/\\\/paranocta.com\\\/it\\\/catalogo\\\/lampada-da-terra-paranocta-nero-grafite\\\/\",\"name\":\"Lampada da terra Paranocta NERO GRAFITE - Paranocta\",\"isPartOf\":{\"@id\":\"https:\\\/\\\/paranocta.com\\\/it\\\/#website\"},\"primaryImageOfPage\":{\"@id\":\"https:\\\/\\\/paranocta.com\\\/it\\\/catalogo\\\/lampada-da-terra-paranocta-nero-grafite\\\/#primaryimage\"},\"image\":{\"@id\":\"https:\\\/\\\/paranocta.com\\\/it\\\/catalogo\\\/lampada-da-terra-paranocta-nero-grafite\\\/#primaryimage\"},\"thumbnailUrl\":\"https:\\\/\\\/paranocta.com\\\/wp-content\\\/uploads\\\/2020\\\/07\\\/Lampadaire-exterieur-sans-fil-rechargeable-noir-graphite-paranocta.jpg\",\"datePublished\":\"2026-02-06T15:46:39+00:00\",\"dateModified\":\"2026-02-12T10:03:19+00:00\",\"description\":\"Le lampadaire sans fil Paranocta r\u00e9volutionne les soir\u00e9es en terrasse... Avec lui, c'est la lumi\u00e8re qui se d\u00e9place l\u00e0 o\u00f9 on en a besoin et non l'inverse, et \u00e7a, \u00e7a change tout.\",\"breadcrumb\":{\"@id\":\"https:\\\/\\\/paranocta.com\\\/it\\\/catalogo\\\/lampada-da-terra-paranocta-nero-grafite\\\/#breadcrumb\"},\"inLanguage\":\"it-IT\",\"potentialAction\":[{\"@type\":\"ReadAction\",\"target\":[\"https:\\\/\\\/paranocta.com\\\/it\\\/catalogo\\\/lampada-da-terra-paranocta-nero-grafite\\\/\"]}]},{\"@type\":\"ImageObject\",\"inLanguage\":\"it-IT\",\"@id\":\"https:\\\/\\\/paranocta.com\\\/it\\\/catalogo\\\/lampada-da-terra-paranocta-nero-grafite\\\/#primaryimage\",\"url\":\"https:\\\/\\\/paranocta.com\\\/wp-content\\\/uploads\\\/2020\\\/07\\\/Lampadaire-exterieur-sans-fil-rechargeable-noir-graphite-paranocta.jpg\",\"contentUrl\":\"https:\\\/\\\/paranocta.com\\\/wp-content\\\/uploads\\\/2020\\\/07\\\/Lampadaire-exterieur-sans-fil-rechargeable-noir-graphite-paranocta.jpg\",\"width\":1000,\"height\":1535,\"caption\":\"lampadaire sans fil ext\u00e9rieur design sur batterie\"},{\"@type\":\"BreadcrumbList\",\"@id\":\"https:\\\/\\\/paranocta.com\\\/it\\\/catalogo\\\/lampada-da-terra-paranocta-nero-grafite\\\/#breadcrumb\",\"itemListElement\":[{\"@type\":\"ListItem\",\"position\":1,\"name\":\"Accueil\",\"item\":\"https:\\\/\\\/paranocta.com\\\/it\\\/\"},{\"@type\":\"ListItem\",\"position\":2,\"name\":\"Produits\",\"item\":\"https:\\\/\\\/paranocta.com\\\/boutique\\\/\"},{\"@type\":\"ListItem\",\"position\":3,\"name\":\"Lampada da terra Paranocta NERO GRAFITE\"}]},{\"@type\":\"WebSite\",\"@id\":\"https:\\\/\\\/paranocta.com\\\/it\\\/#website\",\"url\":\"https:\\\/\\\/paranocta.com\\\/it\\\/\",\"name\":\"Paranocta\",\"description\":\"Le lampadaire sans fil id\u00e9al pour toutes vos soir\u00e9es\",\"publisher\":{\"@id\":\"https:\\\/\\\/paranocta.com\\\/it\\\/#organization\"},\"potentialAction\":[{\"@type\":\"SearchAction\",\"target\":{\"@type\":\"EntryPoint\",\"urlTemplate\":\"https:\\\/\\\/paranocta.com\\\/it\\\/?s={search_term_string}\"},\"query-input\":{\"@type\":\"PropertyValueSpecification\",\"valueRequired\":true,\"valueName\":\"search_term_string\"}}],\"inLanguage\":\"it-IT\"},{\"@type\":\"Organization\",\"@id\":\"https:\\\/\\\/paranocta.com\\\/it\\\/#organization\",\"name\":\"Paranocta\",\"url\":\"https:\\\/\\\/paranocta.com\\\/it\\\/\",\"logo\":{\"@type\":\"ImageObject\",\"inLanguage\":\"it-IT\",\"@id\":\"https:\\\/\\\/paranocta.com\\\/it\\\/#\\\/schema\\\/logo\\\/image\\\/\",\"url\":\"https:\\\/\\\/paranocta.com\\\/wp-content\\\/uploads\\\/2023\\\/09\\\/LOGO-Paranocta-header-VEC.png\",\"contentUrl\":\"https:\\\/\\\/paranocta.com\\\/wp-content\\\/uploads\\\/2023\\\/09\\\/LOGO-Paranocta-header-VEC.png\",\"width\":355,\"height\":285,\"caption\":\"Paranocta\"},\"image\":{\"@id\":\"https:\\\/\\\/paranocta.com\\\/it\\\/#\\\/schema\\\/logo\\\/image\\\/\"},\"sameAs\":[\"https:\\\/\\\/www.facebook.com\\\/paranocta\\\/\",\"https:\\\/\\\/www.instagram.com\\\/paranocta\\\/\"]}]}<\/script>\n<!-- \/ Yoast SEO plugin. -->","yoast_head_json":{"title":"Lampada da terra Paranocta NERO GRAFITE - Paranocta","description":"Le lampadaire sans fil Paranocta r\u00e9volutionne les soir\u00e9es en terrasse... Avec lui, c'est la lumi\u00e8re qui se d\u00e9place l\u00e0 o\u00f9 on en a besoin et non l'inverse, et \u00e7a, \u00e7a change tout.","robots":{"index":"index","follow":"follow","max-snippet":"max-snippet:-1","max-image-preview":"max-image-preview:large","max-video-preview":"max-video-preview:-1"},"canonical":"https:\/\/paranocta.com\/it\/catalogo\/lampada-da-terra-paranocta-nero-grafite\/","og_locale":"it_IT","og_type":"article","og_title":"Lampada da terra Paranocta NERO GRAFITE - Paranocta","og_description":"Le lampadaire sans fil Paranocta r\u00e9volutionne les soir\u00e9es en terrasse... Avec lui, c'est la lumi\u00e8re qui se d\u00e9place l\u00e0 o\u00f9 on en a besoin et non l'inverse, et \u00e7a, \u00e7a change tout.","og_url":"https:\/\/paranocta.com\/it\/catalogo\/lampada-da-terra-paranocta-nero-grafite\/","og_site_name":"Paranocta","article_publisher":"https:\/\/www.facebook.com\/paranocta\/","article_modified_time":"2026-02-12T10:03:19+00:00","og_image":[{"width":1000,"height":1535,"url":"https:\/\/paranocta.com\/wp-content\/uploads\/2020\/07\/Lampadaire-exterieur-sans-fil-rechargeable-noir-graphite-paranocta.jpg","type":"image\/jpeg"}],"twitter_card":"summary_large_image","twitter_misc":{"Tempo di lettura stimato":"2 minuti"},"schema":{"@context":"https:\/\/schema.org","@graph":[{"@type":"WebPage","@id":"https:\/\/paranocta.com\/it\/catalogo\/lampada-da-terra-paranocta-nero-grafite\/","url":"https:\/\/paranocta.com\/it\/catalogo\/lampada-da-terra-paranocta-nero-grafite\/","name":"Lampada da terra Paranocta NERO GRAFITE - Paranocta","isPartOf":{"@id":"https:\/\/paranocta.com\/it\/#website"},"primaryImageOfPage":{"@id":"https:\/\/paranocta.com\/it\/catalogo\/lampada-da-terra-paranocta-nero-grafite\/#primaryimage"},"image":{"@id":"https:\/\/paranocta.com\/it\/catalogo\/lampada-da-terra-paranocta-nero-grafite\/#primaryimage"},"thumbnailUrl":"https:\/\/paranocta.com\/wp-content\/uploads\/2020\/07\/Lampadaire-exterieur-sans-fil-rechargeable-noir-graphite-paranocta.jpg","datePublished":"2026-02-06T15:46:39+00:00","dateModified":"2026-02-12T10:03:19+00:00","description":"Le lampadaire sans fil Paranocta r\u00e9volutionne les soir\u00e9es en terrasse... Avec lui, c'est la lumi\u00e8re qui se d\u00e9place l\u00e0 o\u00f9 on en a besoin et non l'inverse, et \u00e7a, \u00e7a change tout.","breadcrumb":{"@id":"https:\/\/paranocta.com\/it\/catalogo\/lampada-da-terra-paranocta-nero-grafite\/#breadcrumb"},"inLanguage":"it-IT","potentialAction":[{"@type":"ReadAction","target":["https:\/\/paranocta.com\/it\/catalogo\/lampada-da-terra-paranocta-nero-grafite\/"]}]},{"@type":"ImageObject","inLanguage":"it-IT","@id":"https:\/\/paranocta.com\/it\/catalogo\/lampada-da-terra-paranocta-nero-grafite\/#primaryimage","url":"https:\/\/paranocta.com\/wp-content\/uploads\/2020\/07\/Lampadaire-exterieur-sans-fil-rechargeable-noir-graphite-paranocta.jpg","contentUrl":"https:\/\/paranocta.com\/wp-content\/uploads\/2020\/07\/Lampadaire-exterieur-sans-fil-rechargeable-noir-graphite-paranocta.jpg","width":1000,"height":1535,"caption":"lampadaire sans fil ext\u00e9rieur design sur batterie"},{"@type":"BreadcrumbList","@id":"https:\/\/paranocta.com\/it\/catalogo\/lampada-da-terra-paranocta-nero-grafite\/#breadcrumb","itemListElement":[{"@type":"ListItem","position":1,"name":"Accueil","item":"https:\/\/paranocta.com\/it\/"},{"@type":"ListItem","position":2,"name":"Produits","item":"https:\/\/paranocta.com\/boutique\/"},{"@type":"ListItem","position":3,"name":"Lampada da terra Paranocta NERO GRAFITE"}]},{"@type":"WebSite","@id":"https:\/\/paranocta.com\/it\/#website","url":"https:\/\/paranocta.com\/it\/","name":"Paranocta","description":"Le lampadaire sans fil id\u00e9al pour toutes vos soir\u00e9es","publisher":{"@id":"https:\/\/paranocta.com\/it\/#organization"},"potentialAction":[{"@type":"SearchAction","target":{"@type":"EntryPoint","urlTemplate":"https:\/\/paranocta.com\/it\/?s={search_term_string}"},"query-input":{"@type":"PropertyValueSpecification","valueRequired":true,"valueName":"search_term_string"}}],"inLanguage":"it-IT"},{"@type":"Organization","@id":"https:\/\/paranocta.com\/it\/#organization","name":"Paranocta","url":"https:\/\/paranocta.com\/it\/","logo":{"@type":"ImageObject","inLanguage":"it-IT","@id":"https:\/\/paranocta.com\/it\/#\/schema\/logo\/image\/","url":"https:\/\/paranocta.com\/wp-content\/uploads\/2023\/09\/LOGO-Paranocta-header-VEC.png","contentUrl":"https:\/\/paranocta.com\/wp-content\/uploads\/2023\/09\/LOGO-Paranocta-header-VEC.png","width":355,"height":285,"caption":"Paranocta"},"image":{"@id":"https:\/\/paranocta.com\/it\/#\/schema\/logo\/image\/"},"sameAs":["https:\/\/www.facebook.com\/paranocta\/","https:\/\/www.instagram.com\/paranocta\/"]}]}},"_links":{"self":[{"href":"https:\/\/paranocta.com\/it\/wp-json\/wp\/v2\/product\/19767","targetHints":{"allow":["GET"]}}],"collection":[{"href":"https:\/\/paranocta.com\/it\/wp-json\/wp\/v2\/product"}],"about":[{"href":"https:\/\/paranocta.com\/it\/wp-json\/wp\/v2\/types\/product"}],"wp:featuredmedia":[{"embeddable":true,"href":"https:\/\/paranocta.com\/it\/wp-json\/wp\/v2\/media\/5500"}],"wp:attachment":[{"href":"https:\/\/paranocta.com\/it\/wp-json\/wp\/v2\/media?parent=19767"}],"wp:term":[{"taxonomy":"product_brand","embeddable":true,"href":"https:\/\/paranocta.com\/it\/wp-json\/wp\/v2\/product_brand?post=19767"},{"taxonomy":"product_cat","embeddable":true,"href":"https:\/\/paranocta.com\/it\/wp-json\/wp\/v2\/product_cat?post=19767"},{"taxonomy":"product_tag","embeddable":true,"href":"https:\/\/paranocta.com\/it\/wp-json\/wp\/v2\/product_tag?post=19767"}],"curies":[{"name":"wp","href":"https:\/\/api.w.org\/{rel}","templated":true}]}}