{"id":19750,"date":"2026-02-06T16:31:53","date_gmt":"2026-02-06T15:31:53","guid":{"rendered":"https:\/\/paranocta.com\/?post_type=product&#038;p=19750"},"modified":"2026-02-12T11:10:42","modified_gmt":"2026-02-12T10:10:42","slug":"paralume-in-corda-divinocta","status":"publish","type":"product","link":"https:\/\/paranocta.com\/it\/catalogo\/paralume-in-corda-divinocta\/","title":{"rendered":"Paralume in corda DiviNocta"},"content":{"rendered":"<p data-start=\"0\" data-end=\"217\">Realizzati con materiali durevoli come la fibra sintetica Olefin, combinata con acciaio inox verniciato a polvere termoindurente, offrono un\u2019eccezionale resistenza alle intemperie con un\u2019estetica naturale ed elegante.<\/p>\n<p><img decoding=\"async\" class=\"alignnone size-medium wp-image-14798\" src=\"https:\/\/paranocta.com\/wp-content\/uploads\/2025\/03\/Taille-des-abat-jours-Olefin-DiviNocta-by-Paranocta-2025-300x159.png\" alt=\"\" width=\"300\" height=\"159\" srcset=\"https:\/\/paranocta.com\/wp-content\/uploads\/2025\/03\/Taille-des-abat-jours-Olefin-DiviNocta-by-Paranocta-2025-300x159.png 300w, https:\/\/paranocta.com\/wp-content\/uploads\/2025\/03\/Taille-des-abat-jours-Olefin-DiviNocta-by-Paranocta-2025.png 421w\" sizes=\"(max-width: 300px) 100vw, 300px\" \/><\/p>\n<p data-start=\"219\" data-end=\"440\">Grazie alla sua cinghia di sospensione coordinata in tessuto Olefin 100% outdoor e all\u2019adattatore magnetico in acciaio inox dorato (venduti separatamente), installare una sospensione \u00e8 semplicissimo, senza lavori n\u00e9 cavi.<\/p>\n<p data-start=\"442\" data-end=\"511\" data-is-last-node=\"\" data-is-only-node=\"\"><strong data-start=\"442\" data-end=\"451\">Peso:<\/strong> 830 g (formato piccolo H20) \/ 1,960 kg (formato grande H35)<\/p>\n<p><iframe title=\"YouTube video player\" src=\"https:\/\/www.youtube.com\/embed\/jHbub0v6Y4Y\" width=\"560\" height=\"315\" frameborder=\"0\" allowfullscreen=\"allowfullscreen\"><\/iframe><\/p>\n","protected":false},"excerpt":{"rendered":"<div class=\"flex flex-col text-sm pb-25\">\n<article class=\"text-token-text-primary w-full focus:outline-none [--shadow-height:45px] has-data-writing-block:pointer-events-none has-data-writing-block:-mt-(--shadow-height) has-data-writing-block:pt-(--shadow-height) [&amp;:has([data-writing-block])&gt;*]:pointer-events-auto scroll-mt-[calc(var(--header-height)+min(200px,max(70px,20svh)))]\" dir=\"auto\" tabindex=\"-1\" data-turn-id=\"ea979cc4-41c2-4f2d-8b82-6fc0cf24e78f\" data-testid=\"conversation-turn-26\" data-scroll-anchor=\"true\" data-turn=\"assistant\">\n<div class=\"text-base my-auto mx-auto pb-10 [--thread-content-margin:--spacing(4)] @w-sm\/main:[--thread-content-margin:--spacing(6)] @w-lg\/main:[--thread-content-margin:--spacing(16)] px-(--thread-content-margin)\">\n<div class=\"[--thread-content-max-width:40rem] @w-lg\/main:[--thread-content-max-width:48rem] mx-auto max-w-(--thread-content-max-width) flex-1 group\/turn-messages focus-visible:outline-hidden relative flex w-full min-w-0 flex-col agent-turn\" tabindex=\"-1\">\n<div class=\"flex max-w-full flex-col grow\">\n<div class=\"min-h-8 text-message relative flex w-full flex-col items-end gap-2 text-start break-words whitespace-normal [.text-message+&amp;]:mt-1\" dir=\"auto\" data-message-author-role=\"assistant\" data-message-id=\"9fc8998e-7ef4-4be0-8a0d-daec88d7a82d\" data-message-model-slug=\"gpt-5-2\">\n<div class=\"flex w-full flex-col gap-1 empty:hidden first:pt-[1px]\">\n<div class=\"markdown prose dark:prose-invert w-full wrap-break-word dark markdown-new-styling\">\n<p data-start=\"0\" data-end=\"105\">Senza lavori n\u00e9 cavi, i paralumi DiviNocta trasformano ogni spazio in un luogo accogliente e sofisticato.<\/p>\n<p data-start=\"107\" data-end=\"201\">La corda in Olefin \u00e8 il vero asso nella manica decorativo per un outdoor raffinato e naturale.<\/p>\n<p data-start=\"203\" data-end=\"290\">Eleganti sia all\u2019esterno che all\u2019interno, i nostri paralumi sono durevoli ed ecologici.<\/p>\n<p data-start=\"292\" data-end=\"470\">Versatili, facili da installare e da mantenere, i DiviNocta valorizzano gli spazi esterni e interni creando all\u2019istante un\u2019atmosfera calda e di stile, degna dei pi\u00f9 bei ambienti.<\/p>\n<h3 data-start=\"472\" data-end=\"503\"><strong data-start=\"472\" data-end=\"503\" data-is-last-node=\"\">A partire da<\/strong> 115,00<strong data-start=\"472\" data-end=\"503\" data-is-last-node=\"\"> \u20ac IVA<\/strong><\/h3>\n<\/div>\n<\/div>\n<\/div>\n<\/div>\n<\/div>\n<\/div>\n<\/article>\n<\/div>\n","protected":false},"featured_media":15191,"template":"","meta":[],"product_brand":[],"product_cat":[303],"product_tag":[],"class_list":{"0":"post-19750","1":"product","2":"type-product","3":"status-publish","4":"has-post-thumbnail","6":"product_cat-divinocta","8":"first","9":"instock","10":"sold-individually","11":"taxable","12":"shipping-taxable","13":"product-type-simple"},"yoast_head":"<!-- This site is optimized with the Yoast SEO plugin v27.3 - https:\/\/yoast.com\/product\/yoast-seo-wordpress\/ -->\n<title>Paralume in corda DiviNocta - Paranocta<\/title>\n<meta name=\"description\" content=\"Sans travaux, ni c\u00e2bles, les abat-jours DiviNocta transforment chaque espace en un lieu accueillant et sophistiqu\u00e9 et \u00e9clairent efficacement.\" \/>\n<meta name=\"robots\" content=\"index, follow, max-snippet:-1, max-image-preview:large, max-video-preview:-1\" \/>\n<link rel=\"canonical\" href=\"https:\/\/paranocta.com\/it\/catalogo\/paralume-in-corda-divinocta\/\" \/>\n<meta property=\"og:locale\" content=\"it_IT\" \/>\n<meta property=\"og:type\" content=\"article\" \/>\n<meta property=\"og:title\" content=\"Paralume in corda DiviNocta - Paranocta\" \/>\n<meta property=\"og:description\" content=\"Sans travaux, ni c\u00e2bles, les abat-jours DiviNocta transforment chaque espace en un lieu accueillant et sophistiqu\u00e9 et \u00e9clairent efficacement.\" \/>\n<meta property=\"og:url\" content=\"https:\/\/paranocta.com\/it\/catalogo\/paralume-in-corda-divinocta\/\" \/>\n<meta property=\"og:site_name\" content=\"Paranocta\" \/>\n<meta property=\"article:publisher\" content=\"https:\/\/www.facebook.com\/paranocta\/\" \/>\n<meta property=\"article:modified_time\" content=\"2026-02-12T10:10:42+00:00\" \/>\n<meta property=\"og:image\" content=\"https:\/\/paranocta.com\/wp-content\/uploads\/2025\/03\/Abat-jour-suspension-lumineuse-sans-electricite-corde-Olefin-noir-100-exterieur-DiviNocta-by-Paranocta.png\" \/>\n\t<meta property=\"og:image:width\" content=\"600\" \/>\n\t<meta property=\"og:image:height\" content=\"600\" \/>\n\t<meta property=\"og:image:type\" content=\"image\/png\" \/>\n<meta name=\"twitter:card\" content=\"summary_large_image\" \/>\n<meta name=\"twitter:label1\" content=\"Tempo di lettura stimato\" \/>\n\t<meta name=\"twitter:data1\" content=\"1 minuto\" \/>\n<script type=\"application\/ld+json\" class=\"yoast-schema-graph\">{\"@context\":\"https:\\\/\\\/schema.org\",\"@graph\":[{\"@type\":\"WebPage\",\"@id\":\"https:\\\/\\\/paranocta.com\\\/it\\\/catalogo\\\/paralume-in-corda-divinocta\\\/\",\"url\":\"https:\\\/\\\/paranocta.com\\\/it\\\/catalogo\\\/paralume-in-corda-divinocta\\\/\",\"name\":\"Paralume in corda DiviNocta - Paranocta\",\"isPartOf\":{\"@id\":\"https:\\\/\\\/paranocta.com\\\/it\\\/#website\"},\"primaryImageOfPage\":{\"@id\":\"https:\\\/\\\/paranocta.com\\\/it\\\/catalogo\\\/paralume-in-corda-divinocta\\\/#primaryimage\"},\"image\":{\"@id\":\"https:\\\/\\\/paranocta.com\\\/it\\\/catalogo\\\/paralume-in-corda-divinocta\\\/#primaryimage\"},\"thumbnailUrl\":\"https:\\\/\\\/paranocta.com\\\/wp-content\\\/uploads\\\/2025\\\/03\\\/Abat-jour-suspension-lumineuse-sans-electricite-corde-Olefin-noir-100-exterieur-DiviNocta-by-Paranocta.png\",\"datePublished\":\"2026-02-06T15:31:53+00:00\",\"dateModified\":\"2026-02-12T10:10:42+00:00\",\"description\":\"Sans travaux, ni c\u00e2bles, les abat-jours DiviNocta transforment chaque espace en un lieu accueillant et sophistiqu\u00e9 et \u00e9clairent efficacement.\",\"breadcrumb\":{\"@id\":\"https:\\\/\\\/paranocta.com\\\/it\\\/catalogo\\\/paralume-in-corda-divinocta\\\/#breadcrumb\"},\"inLanguage\":\"it-IT\",\"potentialAction\":[{\"@type\":\"ReadAction\",\"target\":[\"https:\\\/\\\/paranocta.com\\\/it\\\/catalogo\\\/paralume-in-corda-divinocta\\\/\"]}]},{\"@type\":\"ImageObject\",\"inLanguage\":\"it-IT\",\"@id\":\"https:\\\/\\\/paranocta.com\\\/it\\\/catalogo\\\/paralume-in-corda-divinocta\\\/#primaryimage\",\"url\":\"https:\\\/\\\/paranocta.com\\\/wp-content\\\/uploads\\\/2025\\\/03\\\/Abat-jour-suspension-lumineuse-sans-electricite-corde-Olefin-noir-100-exterieur-DiviNocta-by-Paranocta.png\",\"contentUrl\":\"https:\\\/\\\/paranocta.com\\\/wp-content\\\/uploads\\\/2025\\\/03\\\/Abat-jour-suspension-lumineuse-sans-electricite-corde-Olefin-noir-100-exterieur-DiviNocta-by-Paranocta.png\",\"width\":600,\"height\":600,\"caption\":\"Abat-jour suspension lumineuse sans \u00e9lectricit\u00e9 corde Ol\u00e9fin noir 100% ext\u00e9rieur DiviNocta by Paranocta\"},{\"@type\":\"BreadcrumbList\",\"@id\":\"https:\\\/\\\/paranocta.com\\\/it\\\/catalogo\\\/paralume-in-corda-divinocta\\\/#breadcrumb\",\"itemListElement\":[{\"@type\":\"ListItem\",\"position\":1,\"name\":\"Accueil\",\"item\":\"https:\\\/\\\/paranocta.com\\\/it\\\/\"},{\"@type\":\"ListItem\",\"position\":2,\"name\":\"Produits\",\"item\":\"https:\\\/\\\/paranocta.com\\\/boutique\\\/\"},{\"@type\":\"ListItem\",\"position\":3,\"name\":\"Paralume in corda DiviNocta\"}]},{\"@type\":\"WebSite\",\"@id\":\"https:\\\/\\\/paranocta.com\\\/it\\\/#website\",\"url\":\"https:\\\/\\\/paranocta.com\\\/it\\\/\",\"name\":\"Paranocta\",\"description\":\"Le lampadaire sans fil id\u00e9al pour toutes vos soir\u00e9es\",\"publisher\":{\"@id\":\"https:\\\/\\\/paranocta.com\\\/it\\\/#organization\"},\"potentialAction\":[{\"@type\":\"SearchAction\",\"target\":{\"@type\":\"EntryPoint\",\"urlTemplate\":\"https:\\\/\\\/paranocta.com\\\/it\\\/?s={search_term_string}\"},\"query-input\":{\"@type\":\"PropertyValueSpecification\",\"valueRequired\":true,\"valueName\":\"search_term_string\"}}],\"inLanguage\":\"it-IT\"},{\"@type\":\"Organization\",\"@id\":\"https:\\\/\\\/paranocta.com\\\/it\\\/#organization\",\"name\":\"Paranocta\",\"url\":\"https:\\\/\\\/paranocta.com\\\/it\\\/\",\"logo\":{\"@type\":\"ImageObject\",\"inLanguage\":\"it-IT\",\"@id\":\"https:\\\/\\\/paranocta.com\\\/it\\\/#\\\/schema\\\/logo\\\/image\\\/\",\"url\":\"https:\\\/\\\/paranocta.com\\\/wp-content\\\/uploads\\\/2023\\\/09\\\/LOGO-Paranocta-header-VEC.png\",\"contentUrl\":\"https:\\\/\\\/paranocta.com\\\/wp-content\\\/uploads\\\/2023\\\/09\\\/LOGO-Paranocta-header-VEC.png\",\"width\":355,\"height\":285,\"caption\":\"Paranocta\"},\"image\":{\"@id\":\"https:\\\/\\\/paranocta.com\\\/it\\\/#\\\/schema\\\/logo\\\/image\\\/\"},\"sameAs\":[\"https:\\\/\\\/www.facebook.com\\\/paranocta\\\/\",\"https:\\\/\\\/www.instagram.com\\\/paranocta\\\/\"]}]}<\/script>\n<!-- \/ Yoast SEO plugin. -->","yoast_head_json":{"title":"Paralume in corda DiviNocta - Paranocta","description":"Sans travaux, ni c\u00e2bles, les abat-jours DiviNocta transforment chaque espace en un lieu accueillant et sophistiqu\u00e9 et \u00e9clairent efficacement.","robots":{"index":"index","follow":"follow","max-snippet":"max-snippet:-1","max-image-preview":"max-image-preview:large","max-video-preview":"max-video-preview:-1"},"canonical":"https:\/\/paranocta.com\/it\/catalogo\/paralume-in-corda-divinocta\/","og_locale":"it_IT","og_type":"article","og_title":"Paralume in corda DiviNocta - Paranocta","og_description":"Sans travaux, ni c\u00e2bles, les abat-jours DiviNocta transforment chaque espace en un lieu accueillant et sophistiqu\u00e9 et \u00e9clairent efficacement.","og_url":"https:\/\/paranocta.com\/it\/catalogo\/paralume-in-corda-divinocta\/","og_site_name":"Paranocta","article_publisher":"https:\/\/www.facebook.com\/paranocta\/","article_modified_time":"2026-02-12T10:10:42+00:00","og_image":[{"width":600,"height":600,"url":"https:\/\/paranocta.com\/wp-content\/uploads\/2025\/03\/Abat-jour-suspension-lumineuse-sans-electricite-corde-Olefin-noir-100-exterieur-DiviNocta-by-Paranocta.png","type":"image\/png"}],"twitter_card":"summary_large_image","twitter_misc":{"Tempo di lettura stimato":"1 minuto"},"schema":{"@context":"https:\/\/schema.org","@graph":[{"@type":"WebPage","@id":"https:\/\/paranocta.com\/it\/catalogo\/paralume-in-corda-divinocta\/","url":"https:\/\/paranocta.com\/it\/catalogo\/paralume-in-corda-divinocta\/","name":"Paralume in corda DiviNocta - Paranocta","isPartOf":{"@id":"https:\/\/paranocta.com\/it\/#website"},"primaryImageOfPage":{"@id":"https:\/\/paranocta.com\/it\/catalogo\/paralume-in-corda-divinocta\/#primaryimage"},"image":{"@id":"https:\/\/paranocta.com\/it\/catalogo\/paralume-in-corda-divinocta\/#primaryimage"},"thumbnailUrl":"https:\/\/paranocta.com\/wp-content\/uploads\/2025\/03\/Abat-jour-suspension-lumineuse-sans-electricite-corde-Olefin-noir-100-exterieur-DiviNocta-by-Paranocta.png","datePublished":"2026-02-06T15:31:53+00:00","dateModified":"2026-02-12T10:10:42+00:00","description":"Sans travaux, ni c\u00e2bles, les abat-jours DiviNocta transforment chaque espace en un lieu accueillant et sophistiqu\u00e9 et \u00e9clairent efficacement.","breadcrumb":{"@id":"https:\/\/paranocta.com\/it\/catalogo\/paralume-in-corda-divinocta\/#breadcrumb"},"inLanguage":"it-IT","potentialAction":[{"@type":"ReadAction","target":["https:\/\/paranocta.com\/it\/catalogo\/paralume-in-corda-divinocta\/"]}]},{"@type":"ImageObject","inLanguage":"it-IT","@id":"https:\/\/paranocta.com\/it\/catalogo\/paralume-in-corda-divinocta\/#primaryimage","url":"https:\/\/paranocta.com\/wp-content\/uploads\/2025\/03\/Abat-jour-suspension-lumineuse-sans-electricite-corde-Olefin-noir-100-exterieur-DiviNocta-by-Paranocta.png","contentUrl":"https:\/\/paranocta.com\/wp-content\/uploads\/2025\/03\/Abat-jour-suspension-lumineuse-sans-electricite-corde-Olefin-noir-100-exterieur-DiviNocta-by-Paranocta.png","width":600,"height":600,"caption":"Abat-jour suspension lumineuse sans \u00e9lectricit\u00e9 corde Ol\u00e9fin noir 100% ext\u00e9rieur DiviNocta by Paranocta"},{"@type":"BreadcrumbList","@id":"https:\/\/paranocta.com\/it\/catalogo\/paralume-in-corda-divinocta\/#breadcrumb","itemListElement":[{"@type":"ListItem","position":1,"name":"Accueil","item":"https:\/\/paranocta.com\/it\/"},{"@type":"ListItem","position":2,"name":"Produits","item":"https:\/\/paranocta.com\/boutique\/"},{"@type":"ListItem","position":3,"name":"Paralume in corda DiviNocta"}]},{"@type":"WebSite","@id":"https:\/\/paranocta.com\/it\/#website","url":"https:\/\/paranocta.com\/it\/","name":"Paranocta","description":"Le lampadaire sans fil id\u00e9al pour toutes vos soir\u00e9es","publisher":{"@id":"https:\/\/paranocta.com\/it\/#organization"},"potentialAction":[{"@type":"SearchAction","target":{"@type":"EntryPoint","urlTemplate":"https:\/\/paranocta.com\/it\/?s={search_term_string}"},"query-input":{"@type":"PropertyValueSpecification","valueRequired":true,"valueName":"search_term_string"}}],"inLanguage":"it-IT"},{"@type":"Organization","@id":"https:\/\/paranocta.com\/it\/#organization","name":"Paranocta","url":"https:\/\/paranocta.com\/it\/","logo":{"@type":"ImageObject","inLanguage":"it-IT","@id":"https:\/\/paranocta.com\/it\/#\/schema\/logo\/image\/","url":"https:\/\/paranocta.com\/wp-content\/uploads\/2023\/09\/LOGO-Paranocta-header-VEC.png","contentUrl":"https:\/\/paranocta.com\/wp-content\/uploads\/2023\/09\/LOGO-Paranocta-header-VEC.png","width":355,"height":285,"caption":"Paranocta"},"image":{"@id":"https:\/\/paranocta.com\/it\/#\/schema\/logo\/image\/"},"sameAs":["https:\/\/www.facebook.com\/paranocta\/","https:\/\/www.instagram.com\/paranocta\/"]}]}},"_links":{"self":[{"href":"https:\/\/paranocta.com\/it\/wp-json\/wp\/v2\/product\/19750","targetHints":{"allow":["GET"]}}],"collection":[{"href":"https:\/\/paranocta.com\/it\/wp-json\/wp\/v2\/product"}],"about":[{"href":"https:\/\/paranocta.com\/it\/wp-json\/wp\/v2\/types\/product"}],"wp:featuredmedia":[{"embeddable":true,"href":"https:\/\/paranocta.com\/it\/wp-json\/wp\/v2\/media\/15191"}],"wp:attachment":[{"href":"https:\/\/paranocta.com\/it\/wp-json\/wp\/v2\/media?parent=19750"}],"wp:term":[{"taxonomy":"product_brand","embeddable":true,"href":"https:\/\/paranocta.com\/it\/wp-json\/wp\/v2\/product_brand?post=19750"},{"taxonomy":"product_cat","embeddable":true,"href":"https:\/\/paranocta.com\/it\/wp-json\/wp\/v2\/product_cat?post=19750"},{"taxonomy":"product_tag","embeddable":true,"href":"https:\/\/paranocta.com\/it\/wp-json\/wp\/v2\/product_tag?post=19750"}],"curies":[{"name":"wp","href":"https:\/\/api.w.org\/{rel}","templated":true}]}}