{"id":19739,"date":"2026-02-06T15:14:26","date_gmt":"2026-02-06T14:14:26","guid":{"rendered":"https:\/\/paranocta.com\/?post_type=product&#038;p=19739"},"modified":"2026-02-12T12:08:34","modified_gmt":"2026-02-12T11:08:34","slug":"morsetto-da-tavolo","status":"publish","type":"product","link":"https:\/\/paranocta.com\/it\/catalogo\/professionale\/accessori\/morsetto-da-tavolo\/","title":{"rendered":"Morsetto da tavolo"},"content":{"rendered":"<article class=\"text-token-text-primary w-full focus:outline-none [--shadow-height:45px] has-data-writing-block:pointer-events-none has-data-writing-block:-mt-(--shadow-height) has-data-writing-block:pt-(--shadow-height) [&amp;:has([data-writing-block])&gt;*]:pointer-events-auto scroll-mt-(--header-height)\" dir=\"auto\" tabindex=\"-1\" data-turn-id=\"db362a4f-cd49-4fcb-befc-192bcff5ed26\" data-testid=\"conversation-turn-39\" data-scroll-anchor=\"false\" data-turn=\"user\">\n<div class=\"text-base my-auto mx-auto pt-12 [--thread-content-margin:--spacing(4)] @w-sm\/main:[--thread-content-margin:--spacing(6)] @w-lg\/main:[--thread-content-margin:--spacing(16)] px-(--thread-content-margin)\">\n<div class=\"[--thread-content-max-width:40rem] @w-lg\/main:[--thread-content-max-width:48rem] mx-auto max-w-(--thread-content-max-width) flex-1 group\/turn-messages focus-visible:outline-hidden relative flex w-full min-w-0 flex-col\" tabindex=\"-1\">\n<div class=\"flex max-w-full flex-col grow\">\n<div class=\"min-h-8 text-message relative flex w-full flex-col items-end gap-2 text-start break-words whitespace-normal [.text-message+&amp;]:mt-1\" dir=\"auto\" data-message-author-role=\"user\" data-message-id=\"db362a4f-cd49-4fcb-befc-192bcff5ed26\">\n<div class=\"flex w-full flex-col gap-1 empty:hidden items-end rtl:items-start\">\n<div class=\"user-message-bubble-color corner-superellipse\/1.1 relative rounded-[18px] px-4 py-1.5 data-[multiline]:py-3 max-w-[var(--user-chat-width,70%)]\" data-multiline=\"\">\n<div class=\"whitespace-pre-wrap\"><strong>Pinza per tavolo, buffet, bancone o ringhiera<\/strong><\/div>\n<\/div>\n<\/div>\n<\/div>\n<\/div>\n<\/div>\n<\/div>\n<\/article>\n<article class=\"text-token-text-primary w-full focus:outline-none [--shadow-height:45px] has-data-writing-block:pointer-events-none has-data-writing-block:-mt-(--shadow-height) has-data-writing-block:pt-(--shadow-height) [&amp;:has([data-writing-block])&gt;*]:pointer-events-auto scroll-mt-[calc(var(--header-height)+min(200px,max(70px,20svh)))]\" dir=\"auto\" tabindex=\"-1\" data-turn-id=\"27d8b0f5-0284-43db-9f3e-768c1a25b808\" data-testid=\"conversation-turn-40\" data-scroll-anchor=\"true\" data-turn=\"assistant\">\n<div class=\"text-base my-auto mx-auto pb-10 [--thread-content-margin:--spacing(4)] @w-sm\/main:[--thread-content-margin:--spacing(6)] @w-lg\/main:[--thread-content-margin:--spacing(16)] px-(--thread-content-margin)\">\n<div class=\"[--thread-content-max-width:40rem] @w-lg\/main:[--thread-content-max-width:48rem] mx-auto max-w-(--thread-content-max-width) flex-1 group\/turn-messages focus-visible:outline-hidden relative flex w-full min-w-0 flex-col agent-turn\" tabindex=\"-1\">\n<div class=\"flex max-w-full flex-col grow\">\n<div class=\"min-h-8 text-message relative flex w-full flex-col items-end gap-2 text-start break-words whitespace-normal [.text-message+&amp;]:mt-1\" dir=\"auto\" data-message-author-role=\"assistant\" data-message-id=\"e700b5bf-f6ae-409b-b094-12da5b5f46a0\" data-message-model-slug=\"gpt-5-2\">\n<div class=\"flex w-full flex-col gap-1 empty:hidden first:pt-[1px]\">\n<div class=\"markdown prose dark:prose-invert w-full wrap-break-word dark markdown-new-styling\">\n<p data-start=\"49\" data-end=\"208\">Ideale per risparmiare spazio o evitare una base a terra, la pinza da tavolo si adatta a tutti gli spessori di supporto o piano grazie alla sua vite in ottone.<\/p>\n<p data-start=\"210\" data-end=\"355\">Una volta fissata, il palo della lampada da terra si inserisce nel manicotto guida; la punta del palo poggia cos\u00ec al suolo, garantendo stabilit\u00e0.<\/p>\n<p data-start=\"357\" data-end=\"465\">Realizzata in zinco e alluminio, la finitura laccata color avorio assicura un utilizzo outdoor tutto l\u2019anno.<\/p>\n<p data-start=\"467\" data-end=\"561\" data-is-last-node=\"\" data-is-only-node=\"\"><strong data-start=\"467\" data-end=\"486\">Spessore piano:<\/strong> da 1 a 6 cm<\/p>\n<p data-start=\"467\" data-end=\"561\" data-is-last-node=\"\" data-is-only-node=\"\"><strong data-start=\"501\" data-end=\"538\">Diametro interno manicotto guida:<\/strong> 3 cm<\/p>\n<p data-start=\"467\" data-end=\"561\" data-is-last-node=\"\" data-is-only-node=\"\"><strong data-start=\"546\" data-end=\"555\" data-is-only-node=\"\">Peso:<\/strong> 560 g<\/p>\n<\/div>\n<\/div>\n<\/div>\n<\/div>\n<\/div>\n<\/div>\n<\/article>\n","protected":false},"excerpt":{"rendered":"<p data-start=\"0\" data-end=\"223\">Grazie alla pinza da tavolo, la lampada da terra Paranocta si fissa facilmente sul piano di un <strong>tavolo<\/strong>, di un <strong>tavolo alto<\/strong> (cocktail table),<strong> sulla ringhiera<\/strong> di una terrazza o di una <strong>chiatta<\/strong>, ma anche sul piano di un braciere.<\/p>\n<p data-start=\"225\" data-end=\"377\">Ideale anche per <strong>catering e location per eventi<\/strong> per <strong>illuminare i buffet<\/strong>: si fissa con discrezione ed eleganza, anche su un piano rivestito con tovaglia.<\/p>\n<p data-start=\"379\" data-end=\"461\" data-is-last-node=\"\" data-is-only-node=\"\">Perfetta per l\u2019<strong>accoglienza durante eventi<\/strong>, si applica semplicemente su un bancone.<\/p>\n<h3>40.83 \u20ac IVA<\/h3>\n<p>&nbsp;<\/p>\n","protected":false},"featured_media":5247,"template":"","meta":[],"product_brand":[],"product_cat":[301],"product_tag":[],"class_list":{"0":"post-19739","1":"product","2":"type-product","3":"status-publish","4":"has-post-thumbnail","6":"product_cat-accessori","8":"first","9":"instock","10":"sold-individually","11":"taxable","12":"shipping-taxable","13":"product-type-simple"},"yoast_head":"<!-- This site is optimized with the Yoast SEO plugin v27.3 - https:\/\/yoast.com\/product\/yoast-seo-wordpress\/ -->\n<title>Morsetto da tavolo - Paranocta<\/title>\n<meta name=\"description\" content=\"Gr\u00e2ce \u00e0 sa pince coordonn\u00e9e, le lampadaire sans fil ivoire Paranocta se fixe facilement sur la table de la terrasse comme sur le bar.\" \/>\n<meta name=\"robots\" content=\"index, follow, max-snippet:-1, max-image-preview:large, max-video-preview:-1\" \/>\n<link rel=\"canonical\" href=\"https:\/\/paranocta.com\/it\/catalogo\/professionale\/accessori\/morsetto-da-tavolo\/\" \/>\n<meta property=\"og:locale\" content=\"it_IT\" \/>\n<meta property=\"og:type\" content=\"article\" \/>\n<meta property=\"og:title\" content=\"Morsetto da tavolo - Paranocta\" \/>\n<meta property=\"og:description\" content=\"Gr\u00e2ce \u00e0 sa pince coordonn\u00e9e, le lampadaire sans fil ivoire Paranocta se fixe facilement sur la table de la terrasse comme sur le bar.\" \/>\n<meta property=\"og:url\" content=\"https:\/\/paranocta.com\/it\/catalogo\/professionale\/accessori\/morsetto-da-tavolo\/\" \/>\n<meta property=\"og:site_name\" content=\"Paranocta\" \/>\n<meta property=\"article:publisher\" content=\"https:\/\/www.facebook.com\/paranocta\/\" \/>\n<meta property=\"article:modified_time\" content=\"2026-02-12T11:08:34+00:00\" \/>\n<meta property=\"og:image\" content=\"https:\/\/paranocta.com\/wp-content\/uploads\/2020\/06\/Pince-table-ivoire-sabl\u00e9-mat-PARANOCTA.png\" \/>\n\t<meta property=\"og:image:width\" content=\"1000\" \/>\n\t<meta property=\"og:image:height\" content=\"1000\" \/>\n\t<meta property=\"og:image:type\" content=\"image\/png\" \/>\n<meta name=\"twitter:card\" content=\"summary_large_image\" \/>\n<meta name=\"twitter:label1\" content=\"Tempo di lettura stimato\" \/>\n\t<meta name=\"twitter:data1\" content=\"1 minuto\" \/>\n<script type=\"application\/ld+json\" class=\"yoast-schema-graph\">{\"@context\":\"https:\\\/\\\/schema.org\",\"@graph\":[{\"@type\":\"WebPage\",\"@id\":\"https:\\\/\\\/paranocta.com\\\/it\\\/catalogo\\\/professionale\\\/accessori\\\/morsetto-da-tavolo\\\/\",\"url\":\"https:\\\/\\\/paranocta.com\\\/it\\\/catalogo\\\/professionale\\\/accessori\\\/morsetto-da-tavolo\\\/\",\"name\":\"Morsetto da tavolo - Paranocta\",\"isPartOf\":{\"@id\":\"https:\\\/\\\/paranocta.com\\\/it\\\/#website\"},\"primaryImageOfPage\":{\"@id\":\"https:\\\/\\\/paranocta.com\\\/it\\\/catalogo\\\/professionale\\\/accessori\\\/morsetto-da-tavolo\\\/#primaryimage\"},\"image\":{\"@id\":\"https:\\\/\\\/paranocta.com\\\/it\\\/catalogo\\\/professionale\\\/accessori\\\/morsetto-da-tavolo\\\/#primaryimage\"},\"thumbnailUrl\":\"https:\\\/\\\/paranocta.com\\\/wp-content\\\/uploads\\\/2020\\\/06\\\/Pince-table-ivoire-sabl\u00e9-mat-PARANOCTA.png\",\"datePublished\":\"2026-02-06T14:14:26+00:00\",\"dateModified\":\"2026-02-12T11:08:34+00:00\",\"description\":\"Gr\u00e2ce \u00e0 sa pince coordonn\u00e9e, le lampadaire sans fil ivoire Paranocta se fixe facilement sur la table de la terrasse comme sur le bar.\",\"breadcrumb\":{\"@id\":\"https:\\\/\\\/paranocta.com\\\/it\\\/catalogo\\\/professionale\\\/accessori\\\/morsetto-da-tavolo\\\/#breadcrumb\"},\"inLanguage\":\"it-IT\",\"potentialAction\":[{\"@type\":\"ReadAction\",\"target\":[\"https:\\\/\\\/paranocta.com\\\/it\\\/catalogo\\\/professionale\\\/accessori\\\/morsetto-da-tavolo\\\/\"]}]},{\"@type\":\"ImageObject\",\"inLanguage\":\"it-IT\",\"@id\":\"https:\\\/\\\/paranocta.com\\\/it\\\/catalogo\\\/professionale\\\/accessori\\\/morsetto-da-tavolo\\\/#primaryimage\",\"url\":\"https:\\\/\\\/paranocta.com\\\/wp-content\\\/uploads\\\/2020\\\/06\\\/Pince-table-ivoire-sabl\u00e9-mat-PARANOCTA.png\",\"contentUrl\":\"https:\\\/\\\/paranocta.com\\\/wp-content\\\/uploads\\\/2020\\\/06\\\/Pince-table-ivoire-sabl\u00e9-mat-PARANOCTA.png\",\"width\":1000,\"height\":1000,\"caption\":\"fixation pour table\"},{\"@type\":\"BreadcrumbList\",\"@id\":\"https:\\\/\\\/paranocta.com\\\/it\\\/catalogo\\\/professionale\\\/accessori\\\/morsetto-da-tavolo\\\/#breadcrumb\",\"itemListElement\":[{\"@type\":\"ListItem\",\"position\":1,\"name\":\"Accueil\",\"item\":\"https:\\\/\\\/paranocta.com\\\/it\\\/\"},{\"@type\":\"ListItem\",\"position\":2,\"name\":\"Produits\",\"item\":\"https:\\\/\\\/paranocta.com\\\/boutique\\\/\"},{\"@type\":\"ListItem\",\"position\":3,\"name\":\"Morsetto da tavolo\"}]},{\"@type\":\"WebSite\",\"@id\":\"https:\\\/\\\/paranocta.com\\\/it\\\/#website\",\"url\":\"https:\\\/\\\/paranocta.com\\\/it\\\/\",\"name\":\"Paranocta\",\"description\":\"Le lampadaire sans fil id\u00e9al pour toutes vos soir\u00e9es\",\"publisher\":{\"@id\":\"https:\\\/\\\/paranocta.com\\\/it\\\/#organization\"},\"potentialAction\":[{\"@type\":\"SearchAction\",\"target\":{\"@type\":\"EntryPoint\",\"urlTemplate\":\"https:\\\/\\\/paranocta.com\\\/it\\\/?s={search_term_string}\"},\"query-input\":{\"@type\":\"PropertyValueSpecification\",\"valueRequired\":true,\"valueName\":\"search_term_string\"}}],\"inLanguage\":\"it-IT\"},{\"@type\":\"Organization\",\"@id\":\"https:\\\/\\\/paranocta.com\\\/it\\\/#organization\",\"name\":\"Paranocta\",\"url\":\"https:\\\/\\\/paranocta.com\\\/it\\\/\",\"logo\":{\"@type\":\"ImageObject\",\"inLanguage\":\"it-IT\",\"@id\":\"https:\\\/\\\/paranocta.com\\\/it\\\/#\\\/schema\\\/logo\\\/image\\\/\",\"url\":\"https:\\\/\\\/paranocta.com\\\/wp-content\\\/uploads\\\/2023\\\/09\\\/LOGO-Paranocta-header-VEC.png\",\"contentUrl\":\"https:\\\/\\\/paranocta.com\\\/wp-content\\\/uploads\\\/2023\\\/09\\\/LOGO-Paranocta-header-VEC.png\",\"width\":355,\"height\":285,\"caption\":\"Paranocta\"},\"image\":{\"@id\":\"https:\\\/\\\/paranocta.com\\\/it\\\/#\\\/schema\\\/logo\\\/image\\\/\"},\"sameAs\":[\"https:\\\/\\\/www.facebook.com\\\/paranocta\\\/\",\"https:\\\/\\\/www.instagram.com\\\/paranocta\\\/\"]}]}<\/script>\n<!-- \/ Yoast SEO plugin. -->","yoast_head_json":{"title":"Morsetto da tavolo - Paranocta","description":"Gr\u00e2ce \u00e0 sa pince coordonn\u00e9e, le lampadaire sans fil ivoire Paranocta se fixe facilement sur la table de la terrasse comme sur le bar.","robots":{"index":"index","follow":"follow","max-snippet":"max-snippet:-1","max-image-preview":"max-image-preview:large","max-video-preview":"max-video-preview:-1"},"canonical":"https:\/\/paranocta.com\/it\/catalogo\/professionale\/accessori\/morsetto-da-tavolo\/","og_locale":"it_IT","og_type":"article","og_title":"Morsetto da tavolo - Paranocta","og_description":"Gr\u00e2ce \u00e0 sa pince coordonn\u00e9e, le lampadaire sans fil ivoire Paranocta se fixe facilement sur la table de la terrasse comme sur le bar.","og_url":"https:\/\/paranocta.com\/it\/catalogo\/professionale\/accessori\/morsetto-da-tavolo\/","og_site_name":"Paranocta","article_publisher":"https:\/\/www.facebook.com\/paranocta\/","article_modified_time":"2026-02-12T11:08:34+00:00","og_image":[{"width":1000,"height":1000,"url":"https:\/\/paranocta.com\/wp-content\/uploads\/2020\/06\/Pince-table-ivoire-sabl\u00e9-mat-PARANOCTA.png","type":"image\/png"}],"twitter_card":"summary_large_image","twitter_misc":{"Tempo di lettura stimato":"1 minuto"},"schema":{"@context":"https:\/\/schema.org","@graph":[{"@type":"WebPage","@id":"https:\/\/paranocta.com\/it\/catalogo\/professionale\/accessori\/morsetto-da-tavolo\/","url":"https:\/\/paranocta.com\/it\/catalogo\/professionale\/accessori\/morsetto-da-tavolo\/","name":"Morsetto da tavolo - Paranocta","isPartOf":{"@id":"https:\/\/paranocta.com\/it\/#website"},"primaryImageOfPage":{"@id":"https:\/\/paranocta.com\/it\/catalogo\/professionale\/accessori\/morsetto-da-tavolo\/#primaryimage"},"image":{"@id":"https:\/\/paranocta.com\/it\/catalogo\/professionale\/accessori\/morsetto-da-tavolo\/#primaryimage"},"thumbnailUrl":"https:\/\/paranocta.com\/wp-content\/uploads\/2020\/06\/Pince-table-ivoire-sabl\u00e9-mat-PARANOCTA.png","datePublished":"2026-02-06T14:14:26+00:00","dateModified":"2026-02-12T11:08:34+00:00","description":"Gr\u00e2ce \u00e0 sa pince coordonn\u00e9e, le lampadaire sans fil ivoire Paranocta se fixe facilement sur la table de la terrasse comme sur le bar.","breadcrumb":{"@id":"https:\/\/paranocta.com\/it\/catalogo\/professionale\/accessori\/morsetto-da-tavolo\/#breadcrumb"},"inLanguage":"it-IT","potentialAction":[{"@type":"ReadAction","target":["https:\/\/paranocta.com\/it\/catalogo\/professionale\/accessori\/morsetto-da-tavolo\/"]}]},{"@type":"ImageObject","inLanguage":"it-IT","@id":"https:\/\/paranocta.com\/it\/catalogo\/professionale\/accessori\/morsetto-da-tavolo\/#primaryimage","url":"https:\/\/paranocta.com\/wp-content\/uploads\/2020\/06\/Pince-table-ivoire-sabl\u00e9-mat-PARANOCTA.png","contentUrl":"https:\/\/paranocta.com\/wp-content\/uploads\/2020\/06\/Pince-table-ivoire-sabl\u00e9-mat-PARANOCTA.png","width":1000,"height":1000,"caption":"fixation pour table"},{"@type":"BreadcrumbList","@id":"https:\/\/paranocta.com\/it\/catalogo\/professionale\/accessori\/morsetto-da-tavolo\/#breadcrumb","itemListElement":[{"@type":"ListItem","position":1,"name":"Accueil","item":"https:\/\/paranocta.com\/it\/"},{"@type":"ListItem","position":2,"name":"Produits","item":"https:\/\/paranocta.com\/boutique\/"},{"@type":"ListItem","position":3,"name":"Morsetto da tavolo"}]},{"@type":"WebSite","@id":"https:\/\/paranocta.com\/it\/#website","url":"https:\/\/paranocta.com\/it\/","name":"Paranocta","description":"Le lampadaire sans fil id\u00e9al pour toutes vos soir\u00e9es","publisher":{"@id":"https:\/\/paranocta.com\/it\/#organization"},"potentialAction":[{"@type":"SearchAction","target":{"@type":"EntryPoint","urlTemplate":"https:\/\/paranocta.com\/it\/?s={search_term_string}"},"query-input":{"@type":"PropertyValueSpecification","valueRequired":true,"valueName":"search_term_string"}}],"inLanguage":"it-IT"},{"@type":"Organization","@id":"https:\/\/paranocta.com\/it\/#organization","name":"Paranocta","url":"https:\/\/paranocta.com\/it\/","logo":{"@type":"ImageObject","inLanguage":"it-IT","@id":"https:\/\/paranocta.com\/it\/#\/schema\/logo\/image\/","url":"https:\/\/paranocta.com\/wp-content\/uploads\/2023\/09\/LOGO-Paranocta-header-VEC.png","contentUrl":"https:\/\/paranocta.com\/wp-content\/uploads\/2023\/09\/LOGO-Paranocta-header-VEC.png","width":355,"height":285,"caption":"Paranocta"},"image":{"@id":"https:\/\/paranocta.com\/it\/#\/schema\/logo\/image\/"},"sameAs":["https:\/\/www.facebook.com\/paranocta\/","https:\/\/www.instagram.com\/paranocta\/"]}]}},"_links":{"self":[{"href":"https:\/\/paranocta.com\/it\/wp-json\/wp\/v2\/product\/19739","targetHints":{"allow":["GET"]}}],"collection":[{"href":"https:\/\/paranocta.com\/it\/wp-json\/wp\/v2\/product"}],"about":[{"href":"https:\/\/paranocta.com\/it\/wp-json\/wp\/v2\/types\/product"}],"wp:featuredmedia":[{"embeddable":true,"href":"https:\/\/paranocta.com\/it\/wp-json\/wp\/v2\/media\/5247"}],"wp:attachment":[{"href":"https:\/\/paranocta.com\/it\/wp-json\/wp\/v2\/media?parent=19739"}],"wp:term":[{"taxonomy":"product_brand","embeddable":true,"href":"https:\/\/paranocta.com\/it\/wp-json\/wp\/v2\/product_brand?post=19739"},{"taxonomy":"product_cat","embeddable":true,"href":"https:\/\/paranocta.com\/it\/wp-json\/wp\/v2\/product_cat?post=19739"},{"taxonomy":"product_tag","embeddable":true,"href":"https:\/\/paranocta.com\/it\/wp-json\/wp\/v2\/product_tag?post=19739"}],"curies":[{"name":"wp","href":"https:\/\/api.w.org\/{rel}","templated":true}]}}