{"id":19734,"date":"2026-02-06T15:05:54","date_gmt":"2026-02-06T14:05:54","guid":{"rendered":"https:\/\/paranocta.com\/?post_type=product&#038;p=19734"},"modified":"2026-02-12T12:17:20","modified_gmt":"2026-02-12T11:17:20","slug":"adattatore-magnetico-a-vite-per-braccio-galanocta","status":"publish","type":"product","link":"https:\/\/paranocta.com\/it\/catalogo\/professionale\/galanocta\/adattatore-magnetico-a-vite-per-braccio-galanocta\/","title":{"rendered":"Adattatore magnetico a vite per braccio GalaNocta"},"content":{"rendered":"<article class=\"text-token-text-primary w-full focus:outline-none [--shadow-height:45px] has-data-writing-block:pointer-events-none has-data-writing-block:-mt-(--shadow-height) has-data-writing-block:pt-(--shadow-height) [&amp;:has([data-writing-block])&gt;*]:pointer-events-auto scroll-mt-(--header-height)\" dir=\"auto\" tabindex=\"-1\" data-turn-id=\"8570c8c0-44ad-47de-b97e-d47b6d6d2bf2\" data-testid=\"conversation-turn-47\" data-scroll-anchor=\"false\" data-turn=\"user\"><\/article>\n<article class=\"text-token-text-primary w-full focus:outline-none [--shadow-height:45px] has-data-writing-block:pointer-events-none has-data-writing-block:-mt-(--shadow-height) has-data-writing-block:pt-(--shadow-height) [&amp;:has([data-writing-block])&gt;*]:pointer-events-auto scroll-mt-[calc(var(--header-height)+min(200px,max(70px,20svh)))]\" dir=\"auto\" tabindex=\"-1\" data-turn-id=\"4d34c835-6e35-4fad-83c7-f15d408b01bd\" data-testid=\"conversation-turn-48\" data-scroll-anchor=\"true\" data-turn=\"assistant\">\n<div class=\"text-base my-auto mx-auto pb-10 [--thread-content-margin:--spacing(4)] @w-sm\/main:[--thread-content-margin:--spacing(6)] @w-lg\/main:[--thread-content-margin:--spacing(16)] px-(--thread-content-margin)\">\n<div class=\"[--thread-content-max-width:40rem] @w-lg\/main:[--thread-content-max-width:48rem] mx-auto max-w-(--thread-content-max-width) flex-1 group\/turn-messages focus-visible:outline-hidden relative flex w-full min-w-0 flex-col agent-turn\" tabindex=\"-1\">\n<div class=\"flex max-w-full flex-col grow\">\n<div class=\"min-h-8 text-message relative flex w-full flex-col items-end gap-2 text-start break-words whitespace-normal [.text-message+&amp;]:mt-1\" dir=\"auto\" data-message-author-role=\"assistant\" data-message-id=\"0e0227e7-ada1-4ebb-b278-4e1f24189f73\" data-message-model-slug=\"gpt-5-2\">\n<div class=\"flex w-full flex-col gap-1 empty:hidden first:pt-[1px]\">\n<div class=\"markdown prose dark:prose-invert w-full wrap-break-word dark markdown-new-styling\">\n<p data-start=\"0\" data-end=\"71\"><strong>Adattatore magnetico con vite piatta per braccio decentrato GalaNocta<\/strong><\/p>\n<p data-start=\"73\" data-end=\"415\">In acciaio inox dorato, si fissa al braccio decentrato tramite la sua vite zigrinata; il paralume viene cos\u00ec mantenuto grazie a due anelli removibili (altezza regolabile). Una volta fissato l\u2019insieme al braccio, la vite magnetica posizionata sulla lampada senza fili Bulbee consente di effettuare il contatto magnetico in modo molto semplice.<\/p>\n<p data-start=\"417\" data-end=\"491\">\u00c8 altrettanto facile rimuovere la lampada con un semplice gesto del polso.<\/p>\n<p data-start=\"493\" data-end=\"523\"><em>Compatibile con paralume E14<\/em><\/p>\n<p data-start=\"525\" data-end=\"583\" data-is-last-node=\"\" data-is-only-node=\"\"><strong data-start=\"525\" data-end=\"534\">Peso:<\/strong> 295 g<\/p>\n<p data-start=\"525\" data-end=\"583\" data-is-last-node=\"\" data-is-only-node=\"\"><strong data-start=\"543\" data-end=\"555\">Altezza:<\/strong> 85 mm<\/p>\n<p data-start=\"525\" data-end=\"583\" data-is-last-node=\"\" data-is-only-node=\"\"><strong data-start=\"564\" data-end=\"577\" data-is-only-node=\"\">Diametro:<\/strong> 35 mm<\/p>\n<\/div>\n<\/div>\n<\/div>\n<\/div>\n<\/div>\n<\/div>\n<\/article>\n<p><iframe title=\"YouTube video player\" src=\"https:\/\/www.youtube.com\/embed\/jHbub0v6Y4Y\" width=\"560\" height=\"315\" frameborder=\"0\" allowfullscreen=\"allowfullscreen\"><\/iframe><\/p>\n","protected":false},"excerpt":{"rendered":"<p data-start=\"0\" data-end=\"139\">L\u2019adattatore magnetico consente di utilizzare un paralume decorativo e di fissarlo con estrema semplicit\u00e0 sul braccio decentrato GalaNocta.<\/p>\n<p data-start=\"141\" data-end=\"297\">Realizzato in acciaio inox dorato, \u00e8 elegante e robusto. Molto funzionale, le sue due ghiere regolabili permettono di fissare il paralume in modo intuitivo.<\/p>\n<h3>49.00 \u20ac IVA<\/h3>\n","protected":false},"featured_media":18719,"template":"","meta":[],"product_brand":[],"product_cat":[302],"product_tag":[],"class_list":{"0":"post-19734","1":"product","2":"type-product","3":"status-publish","4":"has-post-thumbnail","6":"product_cat-galanocta","8":"first","9":"instock","10":"sold-individually","11":"taxable","12":"shipping-taxable","13":"product-type-simple"},"yoast_head":"<!-- This site is optimized with the Yoast SEO plugin v27.3 - https:\/\/yoast.com\/product\/yoast-seo-wordpress\/ -->\n<title>Adattatore magnetico a vite per braccio GalaNocta - Paranocta<\/title>\n<meta name=\"description\" content=\"L&#039;adaptateur magn\u00e9tique permet de solidariser un abat-jour d\u00e9coratif au le bras d\u00e9port\u00e9 GalaNocta tr\u00e8s simplement et de fixer la lampe sans fil Bulbee.\" \/>\n<meta name=\"robots\" content=\"index, follow, max-snippet:-1, max-image-preview:large, max-video-preview:-1\" \/>\n<link rel=\"canonical\" href=\"https:\/\/paranocta.com\/it\/catalogo\/professionale\/galanocta\/adattatore-magnetico-a-vite-per-braccio-galanocta\/\" \/>\n<meta property=\"og:locale\" content=\"it_IT\" \/>\n<meta property=\"og:type\" content=\"article\" \/>\n<meta property=\"og:title\" content=\"Adattatore magnetico a vite per braccio GalaNocta - Paranocta\" \/>\n<meta property=\"og:description\" content=\"L&#039;adaptateur magn\u00e9tique permet de solidariser un abat-jour d\u00e9coratif au le bras d\u00e9port\u00e9 GalaNocta tr\u00e8s simplement et de fixer la lampe sans fil Bulbee.\" \/>\n<meta property=\"og:url\" content=\"https:\/\/paranocta.com\/it\/catalogo\/professionale\/galanocta\/adattatore-magnetico-a-vite-per-braccio-galanocta\/\" \/>\n<meta property=\"og:site_name\" content=\"Paranocta\" \/>\n<meta property=\"article:publisher\" content=\"https:\/\/www.facebook.com\/paranocta\/\" \/>\n<meta property=\"article:modified_time\" content=\"2026-02-12T11:17:20+00:00\" \/>\n<meta property=\"og:image\" content=\"https:\/\/paranocta.com\/wp-content\/uploads\/2025\/03\/Adaptateur-magnetique-pour-bras-de-table-galaNocta-PARANOCTA-1.png\" \/>\n\t<meta property=\"og:image:width\" content=\"710\" \/>\n\t<meta property=\"og:image:height\" content=\"710\" \/>\n\t<meta property=\"og:image:type\" content=\"image\/png\" \/>\n<meta name=\"twitter:card\" content=\"summary_large_image\" \/>\n<meta name=\"twitter:label1\" content=\"Tempo di lettura stimato\" \/>\n\t<meta name=\"twitter:data1\" content=\"1 minuto\" \/>\n<script type=\"application\/ld+json\" class=\"yoast-schema-graph\">{\"@context\":\"https:\\\/\\\/schema.org\",\"@graph\":[{\"@type\":\"WebPage\",\"@id\":\"https:\\\/\\\/paranocta.com\\\/it\\\/catalogo\\\/professionale\\\/galanocta\\\/adattatore-magnetico-a-vite-per-braccio-galanocta\\\/\",\"url\":\"https:\\\/\\\/paranocta.com\\\/it\\\/catalogo\\\/professionale\\\/galanocta\\\/adattatore-magnetico-a-vite-per-braccio-galanocta\\\/\",\"name\":\"Adattatore magnetico a vite per braccio GalaNocta - Paranocta\",\"isPartOf\":{\"@id\":\"https:\\\/\\\/paranocta.com\\\/it\\\/#website\"},\"primaryImageOfPage\":{\"@id\":\"https:\\\/\\\/paranocta.com\\\/it\\\/catalogo\\\/professionale\\\/galanocta\\\/adattatore-magnetico-a-vite-per-braccio-galanocta\\\/#primaryimage\"},\"image\":{\"@id\":\"https:\\\/\\\/paranocta.com\\\/it\\\/catalogo\\\/professionale\\\/galanocta\\\/adattatore-magnetico-a-vite-per-braccio-galanocta\\\/#primaryimage\"},\"thumbnailUrl\":\"https:\\\/\\\/paranocta.com\\\/wp-content\\\/uploads\\\/2025\\\/03\\\/Adaptateur-magnetique-pour-bras-de-table-galaNocta-PARANOCTA-1.png\",\"datePublished\":\"2026-02-06T14:05:54+00:00\",\"dateModified\":\"2026-02-12T11:17:20+00:00\",\"description\":\"L'adaptateur magn\u00e9tique permet de solidariser un abat-jour d\u00e9coratif au le bras d\u00e9port\u00e9 GalaNocta tr\u00e8s simplement et de fixer la lampe sans fil Bulbee.\",\"breadcrumb\":{\"@id\":\"https:\\\/\\\/paranocta.com\\\/it\\\/catalogo\\\/professionale\\\/galanocta\\\/adattatore-magnetico-a-vite-per-braccio-galanocta\\\/#breadcrumb\"},\"inLanguage\":\"it-IT\",\"potentialAction\":[{\"@type\":\"ReadAction\",\"target\":[\"https:\\\/\\\/paranocta.com\\\/it\\\/catalogo\\\/professionale\\\/galanocta\\\/adattatore-magnetico-a-vite-per-braccio-galanocta\\\/\"]}]},{\"@type\":\"ImageObject\",\"inLanguage\":\"it-IT\",\"@id\":\"https:\\\/\\\/paranocta.com\\\/it\\\/catalogo\\\/professionale\\\/galanocta\\\/adattatore-magnetico-a-vite-per-braccio-galanocta\\\/#primaryimage\",\"url\":\"https:\\\/\\\/paranocta.com\\\/wp-content\\\/uploads\\\/2025\\\/03\\\/Adaptateur-magnetique-pour-bras-de-table-galaNocta-PARANOCTA-1.png\",\"contentUrl\":\"https:\\\/\\\/paranocta.com\\\/wp-content\\\/uploads\\\/2025\\\/03\\\/Adaptateur-magnetique-pour-bras-de-table-galaNocta-PARANOCTA-1.png\",\"width\":710,\"height\":710},{\"@type\":\"BreadcrumbList\",\"@id\":\"https:\\\/\\\/paranocta.com\\\/it\\\/catalogo\\\/professionale\\\/galanocta\\\/adattatore-magnetico-a-vite-per-braccio-galanocta\\\/#breadcrumb\",\"itemListElement\":[{\"@type\":\"ListItem\",\"position\":1,\"name\":\"Accueil\",\"item\":\"https:\\\/\\\/paranocta.com\\\/it\\\/\"},{\"@type\":\"ListItem\",\"position\":2,\"name\":\"Produits\",\"item\":\"https:\\\/\\\/paranocta.com\\\/boutique\\\/\"},{\"@type\":\"ListItem\",\"position\":3,\"name\":\"Adattatore magnetico a vite per braccio GalaNocta\"}]},{\"@type\":\"WebSite\",\"@id\":\"https:\\\/\\\/paranocta.com\\\/it\\\/#website\",\"url\":\"https:\\\/\\\/paranocta.com\\\/it\\\/\",\"name\":\"Paranocta\",\"description\":\"Le lampadaire sans fil id\u00e9al pour toutes vos soir\u00e9es\",\"publisher\":{\"@id\":\"https:\\\/\\\/paranocta.com\\\/it\\\/#organization\"},\"potentialAction\":[{\"@type\":\"SearchAction\",\"target\":{\"@type\":\"EntryPoint\",\"urlTemplate\":\"https:\\\/\\\/paranocta.com\\\/it\\\/?s={search_term_string}\"},\"query-input\":{\"@type\":\"PropertyValueSpecification\",\"valueRequired\":true,\"valueName\":\"search_term_string\"}}],\"inLanguage\":\"it-IT\"},{\"@type\":\"Organization\",\"@id\":\"https:\\\/\\\/paranocta.com\\\/it\\\/#organization\",\"name\":\"Paranocta\",\"url\":\"https:\\\/\\\/paranocta.com\\\/it\\\/\",\"logo\":{\"@type\":\"ImageObject\",\"inLanguage\":\"it-IT\",\"@id\":\"https:\\\/\\\/paranocta.com\\\/it\\\/#\\\/schema\\\/logo\\\/image\\\/\",\"url\":\"https:\\\/\\\/paranocta.com\\\/wp-content\\\/uploads\\\/2023\\\/09\\\/LOGO-Paranocta-header-VEC.png\",\"contentUrl\":\"https:\\\/\\\/paranocta.com\\\/wp-content\\\/uploads\\\/2023\\\/09\\\/LOGO-Paranocta-header-VEC.png\",\"width\":355,\"height\":285,\"caption\":\"Paranocta\"},\"image\":{\"@id\":\"https:\\\/\\\/paranocta.com\\\/it\\\/#\\\/schema\\\/logo\\\/image\\\/\"},\"sameAs\":[\"https:\\\/\\\/www.facebook.com\\\/paranocta\\\/\",\"https:\\\/\\\/www.instagram.com\\\/paranocta\\\/\"]}]}<\/script>\n<!-- \/ Yoast SEO plugin. -->","yoast_head_json":{"title":"Adattatore magnetico a vite per braccio GalaNocta - Paranocta","description":"L'adaptateur magn\u00e9tique permet de solidariser un abat-jour d\u00e9coratif au le bras d\u00e9port\u00e9 GalaNocta tr\u00e8s simplement et de fixer la lampe sans fil Bulbee.","robots":{"index":"index","follow":"follow","max-snippet":"max-snippet:-1","max-image-preview":"max-image-preview:large","max-video-preview":"max-video-preview:-1"},"canonical":"https:\/\/paranocta.com\/it\/catalogo\/professionale\/galanocta\/adattatore-magnetico-a-vite-per-braccio-galanocta\/","og_locale":"it_IT","og_type":"article","og_title":"Adattatore magnetico a vite per braccio GalaNocta - Paranocta","og_description":"L'adaptateur magn\u00e9tique permet de solidariser un abat-jour d\u00e9coratif au le bras d\u00e9port\u00e9 GalaNocta tr\u00e8s simplement et de fixer la lampe sans fil Bulbee.","og_url":"https:\/\/paranocta.com\/it\/catalogo\/professionale\/galanocta\/adattatore-magnetico-a-vite-per-braccio-galanocta\/","og_site_name":"Paranocta","article_publisher":"https:\/\/www.facebook.com\/paranocta\/","article_modified_time":"2026-02-12T11:17:20+00:00","og_image":[{"width":710,"height":710,"url":"https:\/\/paranocta.com\/wp-content\/uploads\/2025\/03\/Adaptateur-magnetique-pour-bras-de-table-galaNocta-PARANOCTA-1.png","type":"image\/png"}],"twitter_card":"summary_large_image","twitter_misc":{"Tempo di lettura stimato":"1 minuto"},"schema":{"@context":"https:\/\/schema.org","@graph":[{"@type":"WebPage","@id":"https:\/\/paranocta.com\/it\/catalogo\/professionale\/galanocta\/adattatore-magnetico-a-vite-per-braccio-galanocta\/","url":"https:\/\/paranocta.com\/it\/catalogo\/professionale\/galanocta\/adattatore-magnetico-a-vite-per-braccio-galanocta\/","name":"Adattatore magnetico a vite per braccio GalaNocta - Paranocta","isPartOf":{"@id":"https:\/\/paranocta.com\/it\/#website"},"primaryImageOfPage":{"@id":"https:\/\/paranocta.com\/it\/catalogo\/professionale\/galanocta\/adattatore-magnetico-a-vite-per-braccio-galanocta\/#primaryimage"},"image":{"@id":"https:\/\/paranocta.com\/it\/catalogo\/professionale\/galanocta\/adattatore-magnetico-a-vite-per-braccio-galanocta\/#primaryimage"},"thumbnailUrl":"https:\/\/paranocta.com\/wp-content\/uploads\/2025\/03\/Adaptateur-magnetique-pour-bras-de-table-galaNocta-PARANOCTA-1.png","datePublished":"2026-02-06T14:05:54+00:00","dateModified":"2026-02-12T11:17:20+00:00","description":"L'adaptateur magn\u00e9tique permet de solidariser un abat-jour d\u00e9coratif au le bras d\u00e9port\u00e9 GalaNocta tr\u00e8s simplement et de fixer la lampe sans fil Bulbee.","breadcrumb":{"@id":"https:\/\/paranocta.com\/it\/catalogo\/professionale\/galanocta\/adattatore-magnetico-a-vite-per-braccio-galanocta\/#breadcrumb"},"inLanguage":"it-IT","potentialAction":[{"@type":"ReadAction","target":["https:\/\/paranocta.com\/it\/catalogo\/professionale\/galanocta\/adattatore-magnetico-a-vite-per-braccio-galanocta\/"]}]},{"@type":"ImageObject","inLanguage":"it-IT","@id":"https:\/\/paranocta.com\/it\/catalogo\/professionale\/galanocta\/adattatore-magnetico-a-vite-per-braccio-galanocta\/#primaryimage","url":"https:\/\/paranocta.com\/wp-content\/uploads\/2025\/03\/Adaptateur-magnetique-pour-bras-de-table-galaNocta-PARANOCTA-1.png","contentUrl":"https:\/\/paranocta.com\/wp-content\/uploads\/2025\/03\/Adaptateur-magnetique-pour-bras-de-table-galaNocta-PARANOCTA-1.png","width":710,"height":710},{"@type":"BreadcrumbList","@id":"https:\/\/paranocta.com\/it\/catalogo\/professionale\/galanocta\/adattatore-magnetico-a-vite-per-braccio-galanocta\/#breadcrumb","itemListElement":[{"@type":"ListItem","position":1,"name":"Accueil","item":"https:\/\/paranocta.com\/it\/"},{"@type":"ListItem","position":2,"name":"Produits","item":"https:\/\/paranocta.com\/boutique\/"},{"@type":"ListItem","position":3,"name":"Adattatore magnetico a vite per braccio GalaNocta"}]},{"@type":"WebSite","@id":"https:\/\/paranocta.com\/it\/#website","url":"https:\/\/paranocta.com\/it\/","name":"Paranocta","description":"Le lampadaire sans fil id\u00e9al pour toutes vos soir\u00e9es","publisher":{"@id":"https:\/\/paranocta.com\/it\/#organization"},"potentialAction":[{"@type":"SearchAction","target":{"@type":"EntryPoint","urlTemplate":"https:\/\/paranocta.com\/it\/?s={search_term_string}"},"query-input":{"@type":"PropertyValueSpecification","valueRequired":true,"valueName":"search_term_string"}}],"inLanguage":"it-IT"},{"@type":"Organization","@id":"https:\/\/paranocta.com\/it\/#organization","name":"Paranocta","url":"https:\/\/paranocta.com\/it\/","logo":{"@type":"ImageObject","inLanguage":"it-IT","@id":"https:\/\/paranocta.com\/it\/#\/schema\/logo\/image\/","url":"https:\/\/paranocta.com\/wp-content\/uploads\/2023\/09\/LOGO-Paranocta-header-VEC.png","contentUrl":"https:\/\/paranocta.com\/wp-content\/uploads\/2023\/09\/LOGO-Paranocta-header-VEC.png","width":355,"height":285,"caption":"Paranocta"},"image":{"@id":"https:\/\/paranocta.com\/it\/#\/schema\/logo\/image\/"},"sameAs":["https:\/\/www.facebook.com\/paranocta\/","https:\/\/www.instagram.com\/paranocta\/"]}]}},"_links":{"self":[{"href":"https:\/\/paranocta.com\/it\/wp-json\/wp\/v2\/product\/19734","targetHints":{"allow":["GET"]}}],"collection":[{"href":"https:\/\/paranocta.com\/it\/wp-json\/wp\/v2\/product"}],"about":[{"href":"https:\/\/paranocta.com\/it\/wp-json\/wp\/v2\/types\/product"}],"wp:featuredmedia":[{"embeddable":true,"href":"https:\/\/paranocta.com\/it\/wp-json\/wp\/v2\/media\/18719"}],"wp:attachment":[{"href":"https:\/\/paranocta.com\/it\/wp-json\/wp\/v2\/media?parent=19734"}],"wp:term":[{"taxonomy":"product_brand","embeddable":true,"href":"https:\/\/paranocta.com\/it\/wp-json\/wp\/v2\/product_brand?post=19734"},{"taxonomy":"product_cat","embeddable":true,"href":"https:\/\/paranocta.com\/it\/wp-json\/wp\/v2\/product_cat?post=19734"},{"taxonomy":"product_tag","embeddable":true,"href":"https:\/\/paranocta.com\/it\/wp-json\/wp\/v2\/product_tag?post=19734"}],"curies":[{"name":"wp","href":"https:\/\/api.w.org\/{rel}","templated":true}]}}