{"id":19729,"date":"2026-02-05T17:08:10","date_gmt":"2026-02-05T16:08:10","guid":{"rendered":"https:\/\/paranocta.com\/?post_type=product&#038;p=19729"},"modified":"2026-02-12T12:23:22","modified_gmt":"2026-02-12T11:23:22","slug":"stazione-di-ricarica-professionale","status":"publish","type":"product","link":"https:\/\/paranocta.com\/it\/catalogo\/professionale\/accessori\/stazione-di-ricarica-professionale\/","title":{"rendered":"Stazione di ricarica professionale"},"content":{"rendered":"<p data-start=\"0\" data-end=\"50\"><strong>Stazione di ricarica professionale per 6 lampade<\/strong><\/p>\n<p data-start=\"52\" data-end=\"329\">Consente una<strong> ricarica semplice e veloce<\/strong> grazie ai <strong>contatti magnetici.<\/strong> Permette di <strong>risparmiare tempo e spazio<\/strong> e offre <strong>grande ergonomia<\/strong>: ultra portatile, \u00e8 molto utile per l\u2019installazione delle lampade Bulbee perch\u00e9 consente di avvicinarle il pi\u00f9 possibile al punto di fissaggio.<\/p>\n<p data-start=\"331\" data-end=\"449\"><strong>Compatta<\/strong>, \u00e8 anche <strong>impilabile<\/strong> per accogliere e ricaricare fino a 12 lampade in uno spazio ridotto, con ingombro minimo.<\/p>\n<p data-start=\"451\" data-end=\"488\"><em>Lampade Bulbee vendute separatamente.<\/em><\/p>\n<p data-start=\"490\" data-end=\"587\" data-is-last-node=\"\" data-is-only-node=\"\"><strong data-start=\"490\" data-end=\"505\">Dimensioni:<\/strong> L 41 x l 23,5 x h 17,5 cm<\/p>\n<p data-start=\"490\" data-end=\"587\" data-is-last-node=\"\" data-is-only-node=\"\"><strong data-start=\"534\" data-end=\"543\">Peso:<\/strong> 2,120 kg (caricata con 6 lampade: 3,900 kg)<\/p>\n<p>&nbsp;<\/p>\n<p><iframe title=\"Station de charge professionnelle pour charge simultan\u00e9e de 6 lampes Bulbee by PARANOCTA\" width=\"1170\" height=\"658\" src=\"https:\/\/www.youtube.com\/embed\/SPkmKpEN2-E?feature=oembed&#038;enablejsapi=1&#038;origin=https:\/\/paranocta.com\" frameborder=\"0\" allow=\"accelerometer; autoplay; clipboard-write; encrypted-media; gyroscope; picture-in-picture; web-share\" referrerpolicy=\"strict-origin-when-cross-origin\" allowfullscreen><\/iframe><\/p>\n","protected":false},"excerpt":{"rendered":"<p data-start=\"0\" data-end=\"86\">Indispensabile per i professionisti della ristorazione, dell\u2019ospitalit\u00e0 e dell\u2019eventi!<\/p>\n<p data-start=\"88\" data-end=\"234\">Grazie alla sua maniglia, la stazione consente di raccogliere 6 lampade alla volta e di metterle in carica in pochi secondi, con estrema facilit\u00e0.<\/p>\n<p data-start=\"236\" data-end=\"479\">Risparmio di tempo durante l\u2019installazione e il riordino a fine serata, risparmio di spazio per lo stoccaggio e la ricarica: \u00e8 la soluzione ideale per rendere le operazioni quotidiane semplici e piacevoli. I vostri collaboratori la adoreranno!<\/p>\n<h3>240.83 \u20ac IVA<\/h3>\n","protected":false},"featured_media":15330,"template":"","meta":[],"product_brand":[],"product_cat":[301],"product_tag":[],"class_list":{"0":"post-19729","1":"product","2":"type-product","3":"status-publish","4":"has-post-thumbnail","6":"product_cat-accessori","8":"first","9":"instock","10":"sold-individually","11":"taxable","12":"shipping-taxable","13":"product-type-simple"},"yoast_head":"<!-- This site is optimized with the Yoast SEO plugin v27.3 - https:\/\/yoast.com\/product\/yoast-seo-wordpress\/ -->\n<title>Stazione di ricarica professionale - Paranocta<\/title>\n<meta name=\"description\" content=\"La station de charge permet une mise en charge simple et rapide gr\u00e2ce \u00e0 des contacts magn\u00e9tiques. Elle permet un gain de temps et d&#039;espace : tr\u00e8s ergonomique et ultra nomade, elle est tr\u00e8s utile pour la mise en place des lampes Bulbee car permet de les approcher au plus pr\u00e8s de leur lieu de fixation. Compacte, elle est aussi empilable pour accueillir et charger jusqu&#039;\u00e0 12 lampes sur un espace r\u00e9duit.\" \/>\n<meta name=\"robots\" content=\"index, follow, max-snippet:-1, max-image-preview:large, max-video-preview:-1\" \/>\n<link rel=\"canonical\" href=\"https:\/\/paranocta.com\/it\/catalogo\/professionale\/accessori\/stazione-di-ricarica-professionale\/\" \/>\n<meta property=\"og:locale\" content=\"it_IT\" \/>\n<meta property=\"og:type\" content=\"article\" \/>\n<meta property=\"og:title\" content=\"Stazione di ricarica professionale - Paranocta\" \/>\n<meta property=\"og:description\" content=\"La station de charge permet une mise en charge simple et rapide gr\u00e2ce \u00e0 des contacts magn\u00e9tiques. Elle permet un gain de temps et d&#039;espace : tr\u00e8s ergonomique et ultra nomade, elle est tr\u00e8s utile pour la mise en place des lampes Bulbee car permet de les approcher au plus pr\u00e8s de leur lieu de fixation. Compacte, elle est aussi empilable pour accueillir et charger jusqu&#039;\u00e0 12 lampes sur un espace r\u00e9duit.\" \/>\n<meta property=\"og:url\" content=\"https:\/\/paranocta.com\/it\/catalogo\/professionale\/accessori\/stazione-di-ricarica-professionale\/\" \/>\n<meta property=\"og:site_name\" content=\"Paranocta\" \/>\n<meta property=\"article:publisher\" content=\"https:\/\/www.facebook.com\/paranocta\/\" \/>\n<meta property=\"article:modified_time\" content=\"2026-02-12T11:23:22+00:00\" \/>\n<meta property=\"og:image\" content=\"https:\/\/paranocta.com\/wp-content\/uploads\/2025\/04\/Station-de-charge-professionnelle-pour-lampe-sans-fil-Bulbee-by-Paranocta.png\" \/>\n\t<meta property=\"og:image:width\" content=\"600\" \/>\n\t<meta property=\"og:image:height\" content=\"600\" \/>\n\t<meta property=\"og:image:type\" content=\"image\/png\" \/>\n<meta name=\"twitter:card\" content=\"summary_large_image\" \/>\n<meta name=\"twitter:label1\" content=\"Tempo di lettura stimato\" \/>\n\t<meta name=\"twitter:data1\" content=\"1 minuto\" \/>\n<script type=\"application\/ld+json\" class=\"yoast-schema-graph\">{\"@context\":\"https:\\\/\\\/schema.org\",\"@graph\":[{\"@type\":\"WebPage\",\"@id\":\"https:\\\/\\\/paranocta.com\\\/it\\\/catalogo\\\/professionale\\\/accessori\\\/stazione-di-ricarica-professionale\\\/\",\"url\":\"https:\\\/\\\/paranocta.com\\\/it\\\/catalogo\\\/professionale\\\/accessori\\\/stazione-di-ricarica-professionale\\\/\",\"name\":\"Stazione di ricarica professionale - Paranocta\",\"isPartOf\":{\"@id\":\"https:\\\/\\\/paranocta.com\\\/it\\\/#website\"},\"primaryImageOfPage\":{\"@id\":\"https:\\\/\\\/paranocta.com\\\/it\\\/catalogo\\\/professionale\\\/accessori\\\/stazione-di-ricarica-professionale\\\/#primaryimage\"},\"image\":{\"@id\":\"https:\\\/\\\/paranocta.com\\\/it\\\/catalogo\\\/professionale\\\/accessori\\\/stazione-di-ricarica-professionale\\\/#primaryimage\"},\"thumbnailUrl\":\"https:\\\/\\\/paranocta.com\\\/wp-content\\\/uploads\\\/2025\\\/04\\\/Station-de-charge-professionnelle-pour-lampe-sans-fil-Bulbee-by-Paranocta.png\",\"datePublished\":\"2026-02-05T16:08:10+00:00\",\"dateModified\":\"2026-02-12T11:23:22+00:00\",\"description\":\"La station de charge permet une mise en charge simple et rapide gr\u00e2ce \u00e0 des contacts magn\u00e9tiques. Elle permet un gain de temps et d'espace : tr\u00e8s ergonomique et ultra nomade, elle est tr\u00e8s utile pour la mise en place des lampes Bulbee car permet de les approcher au plus pr\u00e8s de leur lieu de fixation. Compacte, elle est aussi empilable pour accueillir et charger jusqu'\u00e0 12 lampes sur un espace r\u00e9duit.\",\"breadcrumb\":{\"@id\":\"https:\\\/\\\/paranocta.com\\\/it\\\/catalogo\\\/professionale\\\/accessori\\\/stazione-di-ricarica-professionale\\\/#breadcrumb\"},\"inLanguage\":\"it-IT\",\"potentialAction\":[{\"@type\":\"ReadAction\",\"target\":[\"https:\\\/\\\/paranocta.com\\\/it\\\/catalogo\\\/professionale\\\/accessori\\\/stazione-di-ricarica-professionale\\\/\"]}]},{\"@type\":\"ImageObject\",\"inLanguage\":\"it-IT\",\"@id\":\"https:\\\/\\\/paranocta.com\\\/it\\\/catalogo\\\/professionale\\\/accessori\\\/stazione-di-ricarica-professionale\\\/#primaryimage\",\"url\":\"https:\\\/\\\/paranocta.com\\\/wp-content\\\/uploads\\\/2025\\\/04\\\/Station-de-charge-professionnelle-pour-lampe-sans-fil-Bulbee-by-Paranocta.png\",\"contentUrl\":\"https:\\\/\\\/paranocta.com\\\/wp-content\\\/uploads\\\/2025\\\/04\\\/Station-de-charge-professionnelle-pour-lampe-sans-fil-Bulbee-by-Paranocta.png\",\"width\":600,\"height\":600,\"caption\":\"Station de charge professionnelle pour lampe sans fil Bulbee by Paranocta\"},{\"@type\":\"BreadcrumbList\",\"@id\":\"https:\\\/\\\/paranocta.com\\\/it\\\/catalogo\\\/professionale\\\/accessori\\\/stazione-di-ricarica-professionale\\\/#breadcrumb\",\"itemListElement\":[{\"@type\":\"ListItem\",\"position\":1,\"name\":\"Accueil\",\"item\":\"https:\\\/\\\/paranocta.com\\\/it\\\/\"},{\"@type\":\"ListItem\",\"position\":2,\"name\":\"Produits\",\"item\":\"https:\\\/\\\/paranocta.com\\\/boutique\\\/\"},{\"@type\":\"ListItem\",\"position\":3,\"name\":\"Stazione di ricarica professionale\"}]},{\"@type\":\"WebSite\",\"@id\":\"https:\\\/\\\/paranocta.com\\\/it\\\/#website\",\"url\":\"https:\\\/\\\/paranocta.com\\\/it\\\/\",\"name\":\"Paranocta\",\"description\":\"Le lampadaire sans fil id\u00e9al pour toutes vos soir\u00e9es\",\"publisher\":{\"@id\":\"https:\\\/\\\/paranocta.com\\\/it\\\/#organization\"},\"potentialAction\":[{\"@type\":\"SearchAction\",\"target\":{\"@type\":\"EntryPoint\",\"urlTemplate\":\"https:\\\/\\\/paranocta.com\\\/it\\\/?s={search_term_string}\"},\"query-input\":{\"@type\":\"PropertyValueSpecification\",\"valueRequired\":true,\"valueName\":\"search_term_string\"}}],\"inLanguage\":\"it-IT\"},{\"@type\":\"Organization\",\"@id\":\"https:\\\/\\\/paranocta.com\\\/it\\\/#organization\",\"name\":\"Paranocta\",\"url\":\"https:\\\/\\\/paranocta.com\\\/it\\\/\",\"logo\":{\"@type\":\"ImageObject\",\"inLanguage\":\"it-IT\",\"@id\":\"https:\\\/\\\/paranocta.com\\\/it\\\/#\\\/schema\\\/logo\\\/image\\\/\",\"url\":\"https:\\\/\\\/paranocta.com\\\/wp-content\\\/uploads\\\/2023\\\/09\\\/LOGO-Paranocta-header-VEC.png\",\"contentUrl\":\"https:\\\/\\\/paranocta.com\\\/wp-content\\\/uploads\\\/2023\\\/09\\\/LOGO-Paranocta-header-VEC.png\",\"width\":355,\"height\":285,\"caption\":\"Paranocta\"},\"image\":{\"@id\":\"https:\\\/\\\/paranocta.com\\\/it\\\/#\\\/schema\\\/logo\\\/image\\\/\"},\"sameAs\":[\"https:\\\/\\\/www.facebook.com\\\/paranocta\\\/\",\"https:\\\/\\\/www.instagram.com\\\/paranocta\\\/\"]}]}<\/script>\n<!-- \/ Yoast SEO plugin. -->","yoast_head_json":{"title":"Stazione di ricarica professionale - Paranocta","description":"La station de charge permet une mise en charge simple et rapide gr\u00e2ce \u00e0 des contacts magn\u00e9tiques. Elle permet un gain de temps et d'espace : tr\u00e8s ergonomique et ultra nomade, elle est tr\u00e8s utile pour la mise en place des lampes Bulbee car permet de les approcher au plus pr\u00e8s de leur lieu de fixation. Compacte, elle est aussi empilable pour accueillir et charger jusqu'\u00e0 12 lampes sur un espace r\u00e9duit.","robots":{"index":"index","follow":"follow","max-snippet":"max-snippet:-1","max-image-preview":"max-image-preview:large","max-video-preview":"max-video-preview:-1"},"canonical":"https:\/\/paranocta.com\/it\/catalogo\/professionale\/accessori\/stazione-di-ricarica-professionale\/","og_locale":"it_IT","og_type":"article","og_title":"Stazione di ricarica professionale - Paranocta","og_description":"La station de charge permet une mise en charge simple et rapide gr\u00e2ce \u00e0 des contacts magn\u00e9tiques. Elle permet un gain de temps et d'espace : tr\u00e8s ergonomique et ultra nomade, elle est tr\u00e8s utile pour la mise en place des lampes Bulbee car permet de les approcher au plus pr\u00e8s de leur lieu de fixation. Compacte, elle est aussi empilable pour accueillir et charger jusqu'\u00e0 12 lampes sur un espace r\u00e9duit.","og_url":"https:\/\/paranocta.com\/it\/catalogo\/professionale\/accessori\/stazione-di-ricarica-professionale\/","og_site_name":"Paranocta","article_publisher":"https:\/\/www.facebook.com\/paranocta\/","article_modified_time":"2026-02-12T11:23:22+00:00","og_image":[{"width":600,"height":600,"url":"https:\/\/paranocta.com\/wp-content\/uploads\/2025\/04\/Station-de-charge-professionnelle-pour-lampe-sans-fil-Bulbee-by-Paranocta.png","type":"image\/png"}],"twitter_card":"summary_large_image","twitter_misc":{"Tempo di lettura stimato":"1 minuto"},"schema":{"@context":"https:\/\/schema.org","@graph":[{"@type":"WebPage","@id":"https:\/\/paranocta.com\/it\/catalogo\/professionale\/accessori\/stazione-di-ricarica-professionale\/","url":"https:\/\/paranocta.com\/it\/catalogo\/professionale\/accessori\/stazione-di-ricarica-professionale\/","name":"Stazione di ricarica professionale - Paranocta","isPartOf":{"@id":"https:\/\/paranocta.com\/it\/#website"},"primaryImageOfPage":{"@id":"https:\/\/paranocta.com\/it\/catalogo\/professionale\/accessori\/stazione-di-ricarica-professionale\/#primaryimage"},"image":{"@id":"https:\/\/paranocta.com\/it\/catalogo\/professionale\/accessori\/stazione-di-ricarica-professionale\/#primaryimage"},"thumbnailUrl":"https:\/\/paranocta.com\/wp-content\/uploads\/2025\/04\/Station-de-charge-professionnelle-pour-lampe-sans-fil-Bulbee-by-Paranocta.png","datePublished":"2026-02-05T16:08:10+00:00","dateModified":"2026-02-12T11:23:22+00:00","description":"La station de charge permet une mise en charge simple et rapide gr\u00e2ce \u00e0 des contacts magn\u00e9tiques. Elle permet un gain de temps et d'espace : tr\u00e8s ergonomique et ultra nomade, elle est tr\u00e8s utile pour la mise en place des lampes Bulbee car permet de les approcher au plus pr\u00e8s de leur lieu de fixation. Compacte, elle est aussi empilable pour accueillir et charger jusqu'\u00e0 12 lampes sur un espace r\u00e9duit.","breadcrumb":{"@id":"https:\/\/paranocta.com\/it\/catalogo\/professionale\/accessori\/stazione-di-ricarica-professionale\/#breadcrumb"},"inLanguage":"it-IT","potentialAction":[{"@type":"ReadAction","target":["https:\/\/paranocta.com\/it\/catalogo\/professionale\/accessori\/stazione-di-ricarica-professionale\/"]}]},{"@type":"ImageObject","inLanguage":"it-IT","@id":"https:\/\/paranocta.com\/it\/catalogo\/professionale\/accessori\/stazione-di-ricarica-professionale\/#primaryimage","url":"https:\/\/paranocta.com\/wp-content\/uploads\/2025\/04\/Station-de-charge-professionnelle-pour-lampe-sans-fil-Bulbee-by-Paranocta.png","contentUrl":"https:\/\/paranocta.com\/wp-content\/uploads\/2025\/04\/Station-de-charge-professionnelle-pour-lampe-sans-fil-Bulbee-by-Paranocta.png","width":600,"height":600,"caption":"Station de charge professionnelle pour lampe sans fil Bulbee by Paranocta"},{"@type":"BreadcrumbList","@id":"https:\/\/paranocta.com\/it\/catalogo\/professionale\/accessori\/stazione-di-ricarica-professionale\/#breadcrumb","itemListElement":[{"@type":"ListItem","position":1,"name":"Accueil","item":"https:\/\/paranocta.com\/it\/"},{"@type":"ListItem","position":2,"name":"Produits","item":"https:\/\/paranocta.com\/boutique\/"},{"@type":"ListItem","position":3,"name":"Stazione di ricarica professionale"}]},{"@type":"WebSite","@id":"https:\/\/paranocta.com\/it\/#website","url":"https:\/\/paranocta.com\/it\/","name":"Paranocta","description":"Le lampadaire sans fil id\u00e9al pour toutes vos soir\u00e9es","publisher":{"@id":"https:\/\/paranocta.com\/it\/#organization"},"potentialAction":[{"@type":"SearchAction","target":{"@type":"EntryPoint","urlTemplate":"https:\/\/paranocta.com\/it\/?s={search_term_string}"},"query-input":{"@type":"PropertyValueSpecification","valueRequired":true,"valueName":"search_term_string"}}],"inLanguage":"it-IT"},{"@type":"Organization","@id":"https:\/\/paranocta.com\/it\/#organization","name":"Paranocta","url":"https:\/\/paranocta.com\/it\/","logo":{"@type":"ImageObject","inLanguage":"it-IT","@id":"https:\/\/paranocta.com\/it\/#\/schema\/logo\/image\/","url":"https:\/\/paranocta.com\/wp-content\/uploads\/2023\/09\/LOGO-Paranocta-header-VEC.png","contentUrl":"https:\/\/paranocta.com\/wp-content\/uploads\/2023\/09\/LOGO-Paranocta-header-VEC.png","width":355,"height":285,"caption":"Paranocta"},"image":{"@id":"https:\/\/paranocta.com\/it\/#\/schema\/logo\/image\/"},"sameAs":["https:\/\/www.facebook.com\/paranocta\/","https:\/\/www.instagram.com\/paranocta\/"]}]}},"_links":{"self":[{"href":"https:\/\/paranocta.com\/it\/wp-json\/wp\/v2\/product\/19729","targetHints":{"allow":["GET"]}}],"collection":[{"href":"https:\/\/paranocta.com\/it\/wp-json\/wp\/v2\/product"}],"about":[{"href":"https:\/\/paranocta.com\/it\/wp-json\/wp\/v2\/types\/product"}],"wp:featuredmedia":[{"embeddable":true,"href":"https:\/\/paranocta.com\/it\/wp-json\/wp\/v2\/media\/15330"}],"wp:attachment":[{"href":"https:\/\/paranocta.com\/it\/wp-json\/wp\/v2\/media?parent=19729"}],"wp:term":[{"taxonomy":"product_brand","embeddable":true,"href":"https:\/\/paranocta.com\/it\/wp-json\/wp\/v2\/product_brand?post=19729"},{"taxonomy":"product_cat","embeddable":true,"href":"https:\/\/paranocta.com\/it\/wp-json\/wp\/v2\/product_cat?post=19729"},{"taxonomy":"product_tag","embeddable":true,"href":"https:\/\/paranocta.com\/it\/wp-json\/wp\/v2\/product_tag?post=19729"}],"curies":[{"name":"wp","href":"https:\/\/api.w.org\/{rel}","templated":true}]}}