{"id":19728,"date":"2026-02-05T17:05:26","date_gmt":"2026-02-05T16:05:26","guid":{"rendered":"https:\/\/paranocta.com\/?post_type=product&#038;p=19728"},"modified":"2026-02-18T14:01:30","modified_gmt":"2026-02-18T13:01:30","slug":"llampada-led-senza-fili-bulbee","status":"publish","type":"product","link":"https:\/\/paranocta.com\/it\/catalogo\/professionale\/lampada-led-senza-fili-bulbee\/","title":{"rendered":"Lampada led senza fili Bulbee"},"content":{"rendered":"<p><strong>Una lampadina senza fili innovativa e altamente versatile<\/strong><\/p>\n<div class=\"flex flex-col text-sm pb-25\">\n<article class=\"text-token-text-primary w-full focus:outline-none [--shadow-height:45px] has-data-writing-block:pointer-events-none has-data-writing-block:-mt-(--shadow-height) has-data-writing-block:pt-(--shadow-height) [&amp;:has([data-writing-block])&gt;*]:pointer-events-auto scroll-mt-[calc(var(--header-height)+min(200px,max(70px,20svh)))]\" dir=\"auto\" tabindex=\"-1\" data-turn-id=\"5b4c7d77-7146-45eb-a47b-21005d042f47\" data-testid=\"conversation-turn-60\" data-scroll-anchor=\"true\" data-turn=\"assistant\">\n<div class=\"text-base my-auto mx-auto pb-10 [--thread-content-margin:--spacing(4)] @w-sm\/main:[--thread-content-margin:--spacing(6)] @w-lg\/main:[--thread-content-margin:--spacing(16)] px-(--thread-content-margin)\">\n<div class=\"[--thread-content-max-width:40rem] @w-lg\/main:[--thread-content-max-width:48rem] mx-auto max-w-(--thread-content-max-width) flex-1 group\/turn-messages focus-visible:outline-hidden relative flex w-full min-w-0 flex-col agent-turn\" tabindex=\"-1\">\n<div class=\"flex max-w-full flex-col grow\">\n<div class=\"min-h-8 text-message relative flex w-full flex-col items-end gap-2 text-start break-words whitespace-normal [.text-message+&amp;]:mt-1\" dir=\"auto\" data-message-author-role=\"assistant\" data-message-id=\"7cdd3248-102e-4aef-b2a2-2182005976d9\" data-message-model-slug=\"gpt-5-2\">\n<div class=\"flex w-full flex-col gap-1 empty:hidden first:pt-[1px]\">\n<div class=\"markdown prose dark:prose-invert w-full wrap-break-word dark markdown-new-styling\">\n<p>La lampada Bulbee si<strong> ricarica tramite presa elettrica<\/strong> come uno smartphone. Integra una <strong>batteria agli ioni di litio<\/strong> ad alte prestazioni da 190 g, eco-progettata in Francia, che offre un\u2019autonomia fino <strong>a 9 ore alla massima potenza.<\/strong><\/p>\n<p data-start=\"292\" data-end=\"382\">La <strong>ricarica<\/strong> \u00e8 <strong>rapida e affidabile<\/strong> grazie al <strong>connettore magnetico di qualit\u00e0 professionale.<\/strong><\/p>\n<p data-start=\"384\" data-end=\"550\">L\u2019intensit\u00e0 della LED \u00e8 regolabile manualmente (4 livelli) oppure a distanza tramite l\u2019app dedicata Bulbee Lamp, scaricabile gratuitamente su Google Play e App Store.<\/p>\n<p data-start=\"552\" data-end=\"630\">Il <strong>dissipatore<\/strong> in alluminio anodizzato color ottone dona eleganza ed estetica.<\/p>\n<p data-start=\"632\" data-end=\"728\">L\u2019obl\u00f2 trasparente che protegge la LED \u00e8 in policarbonato, <strong>altamente resistente a urti e cadute.<\/strong><\/p>\n<p data-start=\"730\" data-end=\"808\">Impermeabile, IP65, \u00e8 adatta anche in prossimit\u00e0 di piscine e ambienti marini.<\/p>\n<p data-start=\"810\" data-end=\"844\">La lampada Bulbee \u00e8 fornita con:<\/p>\n<ul>\n<li style=\"list-style-type: none;\">\n<ul>\n<li>una scatola astuccio<\/li>\n<li>un cavo magnetico<\/li>\n<li>un caricatore 5 V 2 A<\/li>\n<li>una guida rapida (e sulla lampada un QR code consente di accedere al manuale d\u2019uso)<\/li>\n<\/ul>\n<\/li>\n<\/ul>\n<p data-start=\"1005\" data-end=\"1165\" data-is-last-node=\"\" data-is-only-node=\"\"><strong data-start=\"1027\" data-end=\"1068\">Superficie di illuminazione efficace:<\/strong> 30 m\u00b2<\/p>\n<p data-start=\"1005\" data-end=\"1165\" data-is-last-node=\"\" data-is-only-node=\"\"><strong data-start=\"1077\" data-end=\"1091\">Autonomia:<\/strong> 9 ore al 100%<\/p>\n<p data-start=\"1005\" data-end=\"1165\" data-is-last-node=\"\" data-is-only-node=\"\"><strong data-start=\"1108\" data-end=\"1123\">Dimensioni:<\/strong> L 100 x l 100 x h 90 mm<\/p>\n<p data-start=\"1005\" data-end=\"1165\" data-is-last-node=\"\" data-is-only-node=\"\"><strong data-start=\"1150\" data-end=\"1159\">Peso:<\/strong> 430 g<\/p>\n<p data-start=\"1005\" data-end=\"1165\" data-is-last-node=\"\" data-is-only-node=\"\">\n<\/div>\n<\/div>\n<\/div>\n<\/div>\n<\/div>\n<\/div>\n<\/article>\n<\/div>\n<p><iframe title=\"YouTube video player\" src=\"https:\/\/www.youtube.com\/embed\/RuSJGVgSZQc\" width=\"560\" height=\"315\" frameborder=\"0\" allowfullscreen=\"allowfullscreen\"><\/iframe><\/p>\n","protected":false},"excerpt":{"rendered":"<article class=\"text-token-text-primary w-full focus:outline-none [--shadow-height:45px] has-data-writing-block:pointer-events-none has-data-writing-block:-mt-(--shadow-height) has-data-writing-block:pt-(--shadow-height) [&amp;:has([data-writing-block])&gt;*]:pointer-events-auto scroll-mt-(--header-height)\" dir=\"auto\" tabindex=\"-1\" data-turn-id=\"03b16e87-1dff-4a04-a230-88cb794debc8\" data-testid=\"conversation-turn-61\" data-scroll-anchor=\"false\" data-turn=\"user\"><\/article>\n<article class=\"text-token-text-primary w-full focus:outline-none [--shadow-height:45px] has-data-writing-block:pointer-events-none has-data-writing-block:-mt-(--shadow-height) has-data-writing-block:pt-(--shadow-height) [&amp;:has([data-writing-block])&gt;*]:pointer-events-auto scroll-mt-[calc(var(--header-height)+min(200px,max(70px,20svh)))]\" dir=\"auto\" tabindex=\"-1\" data-turn-id=\"4d6729a8-d8a9-4dda-93a6-42b75cc4f873\" data-testid=\"conversation-turn-62\" data-scroll-anchor=\"true\" data-turn=\"assistant\">\n<div class=\"text-base my-auto mx-auto pb-10 [--thread-content-margin:--spacing(4)] @w-sm\/main:[--thread-content-margin:--spacing(6)] @w-lg\/main:[--thread-content-margin:--spacing(16)] px-(--thread-content-margin)\">\n<div class=\"[--thread-content-max-width:40rem] @w-lg\/main:[--thread-content-max-width:48rem] mx-auto max-w-(--thread-content-max-width) flex-1 group\/turn-messages focus-visible:outline-hidden relative flex w-full min-w-0 flex-col agent-turn\" tabindex=\"-1\">\n<div class=\"flex max-w-full flex-col grow\">\n<div class=\"min-h-8 text-message relative flex w-full flex-col items-end gap-2 text-start break-words whitespace-normal [.text-message+&amp;]:mt-1\" dir=\"auto\" data-message-author-role=\"assistant\" data-message-id=\"9ae49b4a-49a8-42b0-865e-28c0933b64ae\" data-message-model-slug=\"gpt-5-2\">\n<div class=\"flex w-full flex-col gap-1 empty:hidden first:pt-[1px]\">\n<div class=\"markdown prose dark:prose-invert w-full wrap-break-word dark markdown-new-styling\">\n<p data-start=\"0\" data-end=\"146\">Bulbee \u00e8 una lampadina <strong>LED<\/strong> senza fili innovativa e di design. <strong>Ricaricabile e connessa<\/strong>, semplifica l\u2019illuminazione sia all\u2019esterno che all\u2019interno.<\/p>\n<p data-start=\"148\" data-end=\"244\">Di <strong>qualit\u00e0 professionale,<\/strong> il suo connettore magnetico garantisce una ricarica semplice e sicura.<\/p>\n<p data-start=\"246\" data-end=\"305\">La <strong>batteria<\/strong> agli ioni di litio \u00e8 <strong>eco-progettata in Francia.<\/strong><\/p>\n<p data-start=\"307\" data-end=\"381\">Compatta, potente e molto decorativa, offre 30 m\u00b2 di luce efficace a 360\u00b0.<\/p>\n<p data-start=\"383\" data-end=\"551\">Grazie al suo obl\u00f2 opalino, pu\u00f2 essere utilizzata da <strong>sola, appoggiata o sospesa<\/strong> tramite la cinghia regolabile da avvitare sulla parte superiore (venduta separatamente).<\/p>\n<p data-start=\"553\" data-end=\"691\">Inserita nel grande diffusore a forma di \u201cpan di zucchero\u201d della lampada Paranocta, si trasforma in<strong> lanterna da appoggio o in sospensione.<\/strong><\/p>\n<\/div>\n<\/div>\n<\/div>\n<\/div>\n<\/div>\n<\/div>\n<\/article>\n<h3>165.83 \u20ac IVA<\/h3>\n<p><img decoding=\"async\" class=\"alignnone size-full wp-image-10287\" src=\"https:\/\/paranocta.com\/wp-content\/uploads\/2023\/11\/PICTO-Conception-francaise-seul-VEC.png\" alt=\"\" width=\"85\" height=\"84\" \/><\/p>\n","protected":false},"featured_media":18912,"template":"","meta":[],"product_brand":[],"product_cat":[300],"product_tag":[],"class_list":{"0":"post-19728","1":"product","2":"type-product","3":"status-publish","4":"has-post-thumbnail","6":"product_cat-lampada-led-senza-fili-bulbee","8":"first","9":"instock","10":"sold-individually","11":"taxable","12":"shipping-taxable","13":"product-type-simple"},"yoast_head":"<!-- This site is optimized with the Yoast SEO plugin v27.3 - https:\/\/yoast.com\/product\/yoast-seo-wordpress\/ -->\n<title>Lampada led senza fili Bulbee - Paranocta<\/title>\n<meta name=\"description\" content=\"Bulbee est l&#039;ampoule sans fil innovante qui simplifie l&#039;\u00e9clairage ext\u00e9rieur. Seule, pos\u00e9e ou suspendue, elle permet aussi de cr\u00e9er vos propres luminaires.\" \/>\n<meta name=\"robots\" content=\"index, follow, max-snippet:-1, max-image-preview:large, max-video-preview:-1\" \/>\n<link rel=\"canonical\" href=\"https:\/\/paranocta.com\/it\/catalogo\/professionale\/lampada-led-senza-fili-bulbee\/\" \/>\n<meta property=\"og:locale\" content=\"it_IT\" \/>\n<meta property=\"og:type\" content=\"article\" \/>\n<meta property=\"og:title\" content=\"Lampada led senza fili Bulbee - Paranocta\" \/>\n<meta property=\"og:description\" content=\"Bulbee est l&#039;ampoule sans fil innovante qui simplifie l&#039;\u00e9clairage ext\u00e9rieur. Seule, pos\u00e9e ou suspendue, elle permet aussi de cr\u00e9er vos propres luminaires.\" \/>\n<meta property=\"og:url\" content=\"https:\/\/paranocta.com\/it\/catalogo\/professionale\/lampada-led-senza-fili-bulbee\/\" \/>\n<meta property=\"og:site_name\" content=\"Paranocta\" \/>\n<meta property=\"article:publisher\" content=\"https:\/\/www.facebook.com\/paranocta\/\" \/>\n<meta property=\"article:modified_time\" content=\"2026-02-18T13:01:30+00:00\" \/>\n<meta property=\"og:image\" content=\"https:\/\/paranocta.com\/wp-content\/uploads\/2025\/03\/Lampe-BULBEE-PARANOCTA.png\" \/>\n\t<meta property=\"og:image:width\" content=\"1000\" \/>\n\t<meta property=\"og:image:height\" content=\"1000\" \/>\n\t<meta property=\"og:image:type\" content=\"image\/png\" \/>\n<meta name=\"twitter:card\" content=\"summary_large_image\" \/>\n<meta name=\"twitter:label1\" content=\"Tempo di lettura stimato\" \/>\n\t<meta name=\"twitter:data1\" content=\"2 minuti\" \/>\n<script type=\"application\/ld+json\" class=\"yoast-schema-graph\">{\"@context\":\"https:\\\/\\\/schema.org\",\"@graph\":[{\"@type\":\"WebPage\",\"@id\":\"https:\\\/\\\/paranocta.com\\\/it\\\/catalogo\\\/professionale\\\/lampada-led-senza-fili-bulbee\\\/\",\"url\":\"https:\\\/\\\/paranocta.com\\\/it\\\/catalogo\\\/professionale\\\/lampada-led-senza-fili-bulbee\\\/\",\"name\":\"Lampada led senza fili Bulbee - Paranocta\",\"isPartOf\":{\"@id\":\"https:\\\/\\\/paranocta.com\\\/it\\\/#website\"},\"primaryImageOfPage\":{\"@id\":\"https:\\\/\\\/paranocta.com\\\/it\\\/catalogo\\\/professionale\\\/lampada-led-senza-fili-bulbee\\\/#primaryimage\"},\"image\":{\"@id\":\"https:\\\/\\\/paranocta.com\\\/it\\\/catalogo\\\/professionale\\\/lampada-led-senza-fili-bulbee\\\/#primaryimage\"},\"thumbnailUrl\":\"https:\\\/\\\/paranocta.com\\\/wp-content\\\/uploads\\\/2025\\\/03\\\/Lampe-BULBEE-PARANOCTA.png\",\"datePublished\":\"2026-02-05T16:05:26+00:00\",\"dateModified\":\"2026-02-18T13:01:30+00:00\",\"description\":\"Bulbee est l'ampoule sans fil innovante qui simplifie l'\u00e9clairage ext\u00e9rieur. Seule, pos\u00e9e ou suspendue, elle permet aussi de cr\u00e9er vos propres luminaires.\",\"breadcrumb\":{\"@id\":\"https:\\\/\\\/paranocta.com\\\/it\\\/catalogo\\\/professionale\\\/lampada-led-senza-fili-bulbee\\\/#breadcrumb\"},\"inLanguage\":\"it-IT\",\"potentialAction\":[{\"@type\":\"ReadAction\",\"target\":[\"https:\\\/\\\/paranocta.com\\\/it\\\/catalogo\\\/professionale\\\/lampada-led-senza-fili-bulbee\\\/\"]}]},{\"@type\":\"ImageObject\",\"inLanguage\":\"it-IT\",\"@id\":\"https:\\\/\\\/paranocta.com\\\/it\\\/catalogo\\\/professionale\\\/lampada-led-senza-fili-bulbee\\\/#primaryimage\",\"url\":\"https:\\\/\\\/paranocta.com\\\/wp-content\\\/uploads\\\/2025\\\/03\\\/Lampe-BULBEE-PARANOCTA.png\",\"contentUrl\":\"https:\\\/\\\/paranocta.com\\\/wp-content\\\/uploads\\\/2025\\\/03\\\/Lampe-BULBEE-PARANOCTA.png\",\"width\":1000,\"height\":1000,\"caption\":\"Lampe sans fil Bulbee rechargeable sur batterie by paranocta\"},{\"@type\":\"BreadcrumbList\",\"@id\":\"https:\\\/\\\/paranocta.com\\\/it\\\/catalogo\\\/professionale\\\/lampada-led-senza-fili-bulbee\\\/#breadcrumb\",\"itemListElement\":[{\"@type\":\"ListItem\",\"position\":1,\"name\":\"Accueil\",\"item\":\"https:\\\/\\\/paranocta.com\\\/it\\\/\"},{\"@type\":\"ListItem\",\"position\":2,\"name\":\"Produits\",\"item\":\"https:\\\/\\\/paranocta.com\\\/boutique\\\/\"},{\"@type\":\"ListItem\",\"position\":3,\"name\":\"Lampada led senza fili Bulbee\"}]},{\"@type\":\"WebSite\",\"@id\":\"https:\\\/\\\/paranocta.com\\\/it\\\/#website\",\"url\":\"https:\\\/\\\/paranocta.com\\\/it\\\/\",\"name\":\"Paranocta\",\"description\":\"Le lampadaire sans fil id\u00e9al pour toutes vos soir\u00e9es\",\"publisher\":{\"@id\":\"https:\\\/\\\/paranocta.com\\\/it\\\/#organization\"},\"potentialAction\":[{\"@type\":\"SearchAction\",\"target\":{\"@type\":\"EntryPoint\",\"urlTemplate\":\"https:\\\/\\\/paranocta.com\\\/it\\\/?s={search_term_string}\"},\"query-input\":{\"@type\":\"PropertyValueSpecification\",\"valueRequired\":true,\"valueName\":\"search_term_string\"}}],\"inLanguage\":\"it-IT\"},{\"@type\":\"Organization\",\"@id\":\"https:\\\/\\\/paranocta.com\\\/it\\\/#organization\",\"name\":\"Paranocta\",\"url\":\"https:\\\/\\\/paranocta.com\\\/it\\\/\",\"logo\":{\"@type\":\"ImageObject\",\"inLanguage\":\"it-IT\",\"@id\":\"https:\\\/\\\/paranocta.com\\\/it\\\/#\\\/schema\\\/logo\\\/image\\\/\",\"url\":\"https:\\\/\\\/paranocta.com\\\/wp-content\\\/uploads\\\/2023\\\/09\\\/LOGO-Paranocta-header-VEC.png\",\"contentUrl\":\"https:\\\/\\\/paranocta.com\\\/wp-content\\\/uploads\\\/2023\\\/09\\\/LOGO-Paranocta-header-VEC.png\",\"width\":355,\"height\":285,\"caption\":\"Paranocta\"},\"image\":{\"@id\":\"https:\\\/\\\/paranocta.com\\\/it\\\/#\\\/schema\\\/logo\\\/image\\\/\"},\"sameAs\":[\"https:\\\/\\\/www.facebook.com\\\/paranocta\\\/\",\"https:\\\/\\\/www.instagram.com\\\/paranocta\\\/\"]}]}<\/script>\n<!-- \/ Yoast SEO plugin. -->","yoast_head_json":{"title":"Lampada led senza fili Bulbee - Paranocta","description":"Bulbee est l'ampoule sans fil innovante qui simplifie l'\u00e9clairage ext\u00e9rieur. Seule, pos\u00e9e ou suspendue, elle permet aussi de cr\u00e9er vos propres luminaires.","robots":{"index":"index","follow":"follow","max-snippet":"max-snippet:-1","max-image-preview":"max-image-preview:large","max-video-preview":"max-video-preview:-1"},"canonical":"https:\/\/paranocta.com\/it\/catalogo\/professionale\/lampada-led-senza-fili-bulbee\/","og_locale":"it_IT","og_type":"article","og_title":"Lampada led senza fili Bulbee - Paranocta","og_description":"Bulbee est l'ampoule sans fil innovante qui simplifie l'\u00e9clairage ext\u00e9rieur. Seule, pos\u00e9e ou suspendue, elle permet aussi de cr\u00e9er vos propres luminaires.","og_url":"https:\/\/paranocta.com\/it\/catalogo\/professionale\/lampada-led-senza-fili-bulbee\/","og_site_name":"Paranocta","article_publisher":"https:\/\/www.facebook.com\/paranocta\/","article_modified_time":"2026-02-18T13:01:30+00:00","og_image":[{"width":1000,"height":1000,"url":"https:\/\/paranocta.com\/wp-content\/uploads\/2025\/03\/Lampe-BULBEE-PARANOCTA.png","type":"image\/png"}],"twitter_card":"summary_large_image","twitter_misc":{"Tempo di lettura stimato":"2 minuti"},"schema":{"@context":"https:\/\/schema.org","@graph":[{"@type":"WebPage","@id":"https:\/\/paranocta.com\/it\/catalogo\/professionale\/lampada-led-senza-fili-bulbee\/","url":"https:\/\/paranocta.com\/it\/catalogo\/professionale\/lampada-led-senza-fili-bulbee\/","name":"Lampada led senza fili Bulbee - Paranocta","isPartOf":{"@id":"https:\/\/paranocta.com\/it\/#website"},"primaryImageOfPage":{"@id":"https:\/\/paranocta.com\/it\/catalogo\/professionale\/lampada-led-senza-fili-bulbee\/#primaryimage"},"image":{"@id":"https:\/\/paranocta.com\/it\/catalogo\/professionale\/lampada-led-senza-fili-bulbee\/#primaryimage"},"thumbnailUrl":"https:\/\/paranocta.com\/wp-content\/uploads\/2025\/03\/Lampe-BULBEE-PARANOCTA.png","datePublished":"2026-02-05T16:05:26+00:00","dateModified":"2026-02-18T13:01:30+00:00","description":"Bulbee est l'ampoule sans fil innovante qui simplifie l'\u00e9clairage ext\u00e9rieur. Seule, pos\u00e9e ou suspendue, elle permet aussi de cr\u00e9er vos propres luminaires.","breadcrumb":{"@id":"https:\/\/paranocta.com\/it\/catalogo\/professionale\/lampada-led-senza-fili-bulbee\/#breadcrumb"},"inLanguage":"it-IT","potentialAction":[{"@type":"ReadAction","target":["https:\/\/paranocta.com\/it\/catalogo\/professionale\/lampada-led-senza-fili-bulbee\/"]}]},{"@type":"ImageObject","inLanguage":"it-IT","@id":"https:\/\/paranocta.com\/it\/catalogo\/professionale\/lampada-led-senza-fili-bulbee\/#primaryimage","url":"https:\/\/paranocta.com\/wp-content\/uploads\/2025\/03\/Lampe-BULBEE-PARANOCTA.png","contentUrl":"https:\/\/paranocta.com\/wp-content\/uploads\/2025\/03\/Lampe-BULBEE-PARANOCTA.png","width":1000,"height":1000,"caption":"Lampe sans fil Bulbee rechargeable sur batterie by paranocta"},{"@type":"BreadcrumbList","@id":"https:\/\/paranocta.com\/it\/catalogo\/professionale\/lampada-led-senza-fili-bulbee\/#breadcrumb","itemListElement":[{"@type":"ListItem","position":1,"name":"Accueil","item":"https:\/\/paranocta.com\/it\/"},{"@type":"ListItem","position":2,"name":"Produits","item":"https:\/\/paranocta.com\/boutique\/"},{"@type":"ListItem","position":3,"name":"Lampada led senza fili Bulbee"}]},{"@type":"WebSite","@id":"https:\/\/paranocta.com\/it\/#website","url":"https:\/\/paranocta.com\/it\/","name":"Paranocta","description":"Le lampadaire sans fil id\u00e9al pour toutes vos soir\u00e9es","publisher":{"@id":"https:\/\/paranocta.com\/it\/#organization"},"potentialAction":[{"@type":"SearchAction","target":{"@type":"EntryPoint","urlTemplate":"https:\/\/paranocta.com\/it\/?s={search_term_string}"},"query-input":{"@type":"PropertyValueSpecification","valueRequired":true,"valueName":"search_term_string"}}],"inLanguage":"it-IT"},{"@type":"Organization","@id":"https:\/\/paranocta.com\/it\/#organization","name":"Paranocta","url":"https:\/\/paranocta.com\/it\/","logo":{"@type":"ImageObject","inLanguage":"it-IT","@id":"https:\/\/paranocta.com\/it\/#\/schema\/logo\/image\/","url":"https:\/\/paranocta.com\/wp-content\/uploads\/2023\/09\/LOGO-Paranocta-header-VEC.png","contentUrl":"https:\/\/paranocta.com\/wp-content\/uploads\/2023\/09\/LOGO-Paranocta-header-VEC.png","width":355,"height":285,"caption":"Paranocta"},"image":{"@id":"https:\/\/paranocta.com\/it\/#\/schema\/logo\/image\/"},"sameAs":["https:\/\/www.facebook.com\/paranocta\/","https:\/\/www.instagram.com\/paranocta\/"]}]}},"_links":{"self":[{"href":"https:\/\/paranocta.com\/it\/wp-json\/wp\/v2\/product\/19728","targetHints":{"allow":["GET"]}}],"collection":[{"href":"https:\/\/paranocta.com\/it\/wp-json\/wp\/v2\/product"}],"about":[{"href":"https:\/\/paranocta.com\/it\/wp-json\/wp\/v2\/types\/product"}],"wp:featuredmedia":[{"embeddable":true,"href":"https:\/\/paranocta.com\/it\/wp-json\/wp\/v2\/media\/18912"}],"wp:attachment":[{"href":"https:\/\/paranocta.com\/it\/wp-json\/wp\/v2\/media?parent=19728"}],"wp:term":[{"taxonomy":"product_brand","embeddable":true,"href":"https:\/\/paranocta.com\/it\/wp-json\/wp\/v2\/product_brand?post=19728"},{"taxonomy":"product_cat","embeddable":true,"href":"https:\/\/paranocta.com\/it\/wp-json\/wp\/v2\/product_cat?post=19728"},{"taxonomy":"product_tag","embeddable":true,"href":"https:\/\/paranocta.com\/it\/wp-json\/wp\/v2\/product_tag?post=19728"}],"curies":[{"name":"wp","href":"https:\/\/api.w.org\/{rel}","templated":true}]}}