{"id":19535,"date":"2026-01-29T21:38:02","date_gmt":"2026-01-29T20:38:02","guid":{"rendered":"https:\/\/paranocta.com\/?page_id=19535"},"modified":"2026-01-29T21:40:06","modified_gmt":"2026-01-29T20:40:06","slug":"contatti","status":"publish","type":"page","link":"https:\/\/paranocta.com\/it\/contattaci\/","title":{"rendered":"Contattaci"},"content":{"rendered":"<p>[vc_row][vc_column][vc_empty_space height=&#8221;94px&#8221;][vc_column_text]<\/p>\n<h3 style=\"text-align: center; margin-bottom: 0;\"><strong><span style=\"font-size: 35px;\">Contact<\/span><\/strong><\/h3>\n<p style=\"text-align: center; padding-bottom: 13px; padding-top: 2px; letter-spacing: .9px;\"><span style=\"font-size: 15px;\">Une question ?<\/span><\/p>\n<p>[\/vc_column_text][\/vc_column][\/vc_row][vc_row overlay_dotted=&#8221;&#8221; css=&#8221;.vc_custom_1480491358682{margin-top: 0px !important;margin-right: 0px !important;margin-bottom: 25px !important;margin-left: 0px !important;border-top-width: 0px !important;border-right-width: 0px !important;border-bottom-width: 0px !important;border-left-width: 0px !important;padding-top: 0px !important;padding-right: 0px !important;padding-bottom: 0px !important;padding-left: 0px !important;}&#8221;][vc_column css=&#8221;.vc_custom_1478579926524{margin: 0px !important;border-width: 0px !important;padding: 0px !important;}&#8221;][vc_single_image image=&#8221;2879&#8243; img_size=&#8221;full&#8221; alignment=&#8221;center&#8221;][\/vc_column][\/vc_row][vc_row][vc_column width=&#8221;2\/3&#8243; el_class=&#8221;contact-form&#8221;]\n<div class=\"wpcf7 no-js\" id=\"wpcf7-f12-o1\" lang=\"en-US\" dir=\"ltr\" data-wpcf7-id=\"12\">\n<div class=\"screen-reader-response\"><p role=\"status\" aria-live=\"polite\" aria-atomic=\"true\"><\/p> <ul><\/ul><\/div>\n<form action=\"\/it\/wp-json\/wp\/v2\/pages\/19535#wpcf7-f12-o1\" method=\"post\" class=\"wpcf7-form init\" aria-label=\"Contact form\" novalidate=\"novalidate\" data-status=\"init\">\n<fieldset class=\"hidden-fields-container\"><input type=\"hidden\" name=\"_wpcf7\" value=\"12\" \/><input type=\"hidden\" name=\"_wpcf7_version\" value=\"6.1.5\" \/><input type=\"hidden\" name=\"_wpcf7_locale\" value=\"en_US\" \/><input type=\"hidden\" name=\"_wpcf7_unit_tag\" value=\"wpcf7-f12-o1\" \/><input type=\"hidden\" name=\"_wpcf7_container_post\" value=\"0\" \/><input type=\"hidden\" name=\"_wpcf7_posted_data_hash\" value=\"\" \/><input type=\"hidden\" name=\"_wpcf7_recaptcha_response\" value=\"\" \/>\n<\/fieldset>\n<p><label><span class=\"wpcf7-form-control-wrap\" data-name=\"text-29\"><input size=\"40\" maxlength=\"400\" class=\"wpcf7-form-control wpcf7-text wpcf7-validates-as-required\" aria-required=\"true\" aria-invalid=\"false\" placeholder=\"Pr\u00e9nom Nom\" value=\"\" type=\"text\" name=\"text-29\" \/><\/span><\/label><label><span class=\"wpcf7-form-control-wrap\" data-name=\"email-674\"><input size=\"40\" maxlength=\"400\" class=\"wpcf7-form-control wpcf7-email wpcf7-validates-as-required wpcf7-text wpcf7-validates-as-email\" aria-required=\"true\" aria-invalid=\"false\" placeholder=\"Email\" value=\"\" type=\"email\" name=\"email-674\" \/><\/span><\/label>\n<\/p>\n<p><span class=\"wpcf7-form-control-wrap\" data-name=\"text-425\"><input size=\"40\" maxlength=\"400\" class=\"wpcf7-form-control wpcf7-text wpcf7-validates-as-required\" aria-required=\"true\" aria-invalid=\"false\" placeholder=\"Code postal\" value=\"\" type=\"text\" name=\"text-425\" \/><\/span>\n<\/p>\n<p><span class=\"wpcf7-form-control-wrap\" data-name=\"select-791\"><select class=\"wpcf7-form-control wpcf7-select\" aria-invalid=\"false\" name=\"select-791\"><option value=\"Fonction\">Fonction<\/option><option value=\"Particulier\">Particulier<\/option><option value=\"Propri\u00e9taire ou directeur d&#039;un restaurant et\/ou h\u00f4tel\">Propri\u00e9taire ou directeur d&#039;un restaurant et\/ou h\u00f4tel<\/option><option value=\"Propri\u00e9taire ou directeur d&#039;un site de r\u00e9ception\">Propri\u00e9taire ou directeur d&#039;un site de r\u00e9ception<\/option><option value=\"Traiteur\">Traiteur<\/option><option value=\"Loueur de mat\u00e9riel de r\u00e9ception\">Loueur de mat\u00e9riel de r\u00e9ception<\/option><option value=\"Autre activit\u00e9\">Autre activit\u00e9<\/option><\/select><\/span>\n<\/p>\n<p><span class=\"wpcf7-form-control-wrap\" data-name=\"text-435\"><input size=\"40\" maxlength=\"400\" class=\"wpcf7-form-control wpcf7-text wpcf7-validates-as-required\" aria-required=\"true\" aria-invalid=\"false\" placeholder=\"Soci\u00e9t\u00e9\" value=\"\" type=\"text\" name=\"text-435\" \/><\/span>\n<\/p>\n<p><span class=\"wpcf7-form-control-wrap\" data-name=\"textarea-764\"><textarea cols=\"40\" rows=\"10\" maxlength=\"2000\" class=\"wpcf7-form-control wpcf7-textarea wpcf7-validates-as-required\" aria-required=\"true\" aria-invalid=\"false\" placeholder=\"Message\" name=\"textarea-764\"><\/textarea><\/span>\n<\/p>\n<input class=\"wpcf7-form-control wpcf7-hidden\" id=\"utm_source\" value=\"\" type=\"hidden\" name=\"utm_source\" \/>\n<p><input class=\"wpcf7-form-control wpcf7-submit has-spinner\" type=\"submit\" value=\"Envoyer\" \/>\n<\/p><div class=\"wpcf7-response-output\" aria-hidden=\"true\"><\/div>\n<\/form>\n<\/div>\n[\/vc_column][vc_column width=&#8221;1\/3&#8243;][vc_column_text]Nous sommes \u00e0 votre \u00e9coute aussi de vive voix ou par messagerie :<\/p>\n<p><a href=\"tel:+33241198001\">+33 2 41 19 80 01<\/a><\/p>\n<p><a href=\"https:\/\/wa.me\/33241198001\"><strong>Whatsapp<\/strong><\/a><\/p>\n<p>&nbsp;<\/p>\n<p>Villa M\u00e9dicis<\/p>\n<p>Angers Technopole French Tech<\/p>\n<p>8 Place Monseigneur Rumeau<\/p>\n<p>49100 Angers<\/p>\n<p>France<\/p>\n<hr \/>\n<p><ul class=\"clearfix seese-social-two  seese-socials-69e562be2beee\"><li><a href=\"https:\/\/fr-fr.facebook.com\/paranocta\/\" class=\"icon-fa-facebook\"><i class=\"fa fa-facebook\"><\/i><\/a><\/li><li><a href=\"https:\/\/www.instagram.com\/paranocta\/\" class=\"icon-fa-instagram\"><i class=\"fa fa-instagram\"><\/i><\/a><\/li><li><a href=\"https:\/\/www.linkedin.com\/company\/paranocta\/\" class=\"icon-fa-linkedin\"><i class=\"fa fa-linkedin\"><\/i><\/a><\/li><\/ul>[\/vc_column_text][\/vc_column][\/vc_row]<\/p>\n","protected":false},"excerpt":{"rendered":"<p>[vc_row][vc_column][vc_empty_space height=&#8221;94px&#8221;][vc_column_text]<\/p>\n<p>Contact<\/p>\n<p style=\"text-align: center; padding-bottom: 13px; padding-top: 2px; letter-spacing: .9px;\">Une question ?<\/p>\n<p>[\/vc_column_text][\/vc_column][\/vc_row][vc_row overlay_dotted=&#8221;&#8221; css=&#8221;.vc_custom_1480491358682{margin-top: 0px !important;margin-right: 0px !important;margin-bottom: 25px !important;margin-left: 0px !important;border-top-width: 0px !important;border-right-width: 0px !important;border-bottom-width: 0px !important;border-left-width: 0px !important;padding-top: 0px !important;padding-right: 0px !important;padding-bottom: 0px !important;padding-left: 0px !important;}&#8221;][vc_column css=&#8221;.vc_custom_1478579926524{margin: 0px !important;border-width: 0px !important;padding: 0px !important;}&#8221;][vc_single_image image=&#8221;2879&#8243; img_size=&#8221;full&#8221; alignment=&#8221;center&#8221;][\/vc_column][\/vc_row][vc_row][vc_column width=&#8221;2\/3&#8243; el_class=&#8221;contact-form&#8221;]<\/p>\n<p role=\"status\" aria-live=\"polite\" aria-atomic=\"true\">\n<\/p>\n<p>FonctionParticulierPropri\u00e9taire ou directeur d&#039;un restaurant et\/ou h\u00f4telPropri\u00e9taire ou directeur d&#039;un site de r\u00e9ceptionTraiteurLoueur de mat\u00e9riel de r\u00e9ceptionAutre activit\u00e9\n<\/p>\n<\/p>\n<\/p>\n<p>[\/vc_column][vc_column width=&#8221;1\/3&#8243;][vc_column_text]Nous sommes \u00e0 votre \u00e9coute aussi de vive voix ou par messagerie :<\/p>\n<p>+33 2 41 19 80 01<\/p>\n<p>Whatsapp<\/p>\n<p>&nbsp;<\/p>\n<p>Villa M\u00e9dicis<\/p>\n<p>Angers Technopole French Tech<\/p>\n<p>8 Place Monseigneur Rumeau<\/p>\n<p>49100 Angers<\/p>\n<p>France<\/p>\n<p><i class=\"fa fa-facebook\"><\/i><i class=\"fa fa-instagram\"><\/i><i class=\"fa fa-linkedin\"><\/i>[\/vc_column_text][\/vc_column][\/vc_row]<\/p>\n","protected":false},"author":1,"featured_media":0,"parent":0,"menu_order":0,"comment_status":"closed","ping_status":"closed","template":"","meta":{"footnotes":""},"class_list":["post-19535","page","type-page","status-publish","hentry"],"yoast_head":"<!-- This site is optimized with the Yoast SEO plugin v27.3 - https:\/\/yoast.com\/product\/yoast-seo-wordpress\/ -->\n<title>Contattaci - Paranocta<\/title>\n<meta name=\"robots\" content=\"index, follow, max-snippet:-1, max-image-preview:large, max-video-preview:-1\" \/>\n<link rel=\"canonical\" href=\"https:\/\/paranocta.com\/it\/contattaci\/\" \/>\n<meta property=\"og:locale\" content=\"it_IT\" \/>\n<meta property=\"og:type\" content=\"article\" \/>\n<meta property=\"og:title\" content=\"Contattaci - Paranocta\" \/>\n<meta property=\"og:description\" content=\"[vc_row][vc_column][vc_empty_space height=&#8221;94px&#8221;][vc_column_text] Contact Une question ? [\/vc_column_text][\/vc_column][\/vc_row][vc_row overlay_dotted=&#8221;&#8221; css=&#8221;.vc_custom_1480491358682{margin-top: 0px !important;margin-right: 0px !important;margin-bottom: 25px !important;margin-left: 0px !important;border-top-width: 0px !important;border-right-width: 0px !important;border-bottom-width: 0px !important;border-left-width: 0px !important;padding-top: 0px !important;padding-right: 0px !important;padding-bottom: 0px !important;padding-left: 0px !important;}&#8221;][vc_column css=&#8221;.vc_custom_1478579926524{margin: 0px !important;border-width: 0px !important;padding: 0px !important;}&#8221;][vc_single_image image=&#8221;2879&#8243; img_size=&#8221;full&#8221; alignment=&#8221;center&#8221;][\/vc_column][\/vc_row][vc_row][vc_column width=&#8221;2\/3&#8243; el_class=&#8221;contact-form&#8221;]      FonctionParticulierPropri\u00e9taire ou directeur d&#039;un restaurant et\/ou h\u00f4telPropri\u00e9taire ou directeur d&#039;un site de r\u00e9ceptionTraiteurLoueur de mat\u00e9riel de r\u00e9ceptionAutre activit\u00e9      [\/vc_column][vc_column width=&#8221;1\/3&#8243;][vc_column_text]Nous sommes \u00e0 votre \u00e9coute aussi de vive voix ou par messagerie : +33 2 41 19 80 01 Whatsapp &nbsp; Villa M\u00e9dicis Angers Technopole French Tech 8 Place Monseigneur Rumeau 49100 Angers France [\/vc_column_text][\/vc_column][\/vc_row]\" \/>\n<meta property=\"og:url\" content=\"https:\/\/paranocta.com\/it\/contattaci\/\" \/>\n<meta property=\"og:site_name\" content=\"Paranocta\" \/>\n<meta property=\"article:publisher\" content=\"https:\/\/www.facebook.com\/paranocta\/\" \/>\n<meta property=\"article:modified_time\" content=\"2026-01-29T20:40:06+00:00\" \/>\n<meta name=\"twitter:card\" content=\"summary_large_image\" \/>\n<meta name=\"twitter:label1\" content=\"Tempo di lettura stimato\" \/>\n\t<meta name=\"twitter:data1\" content=\"1 minuto\" \/>\n<script type=\"application\/ld+json\" class=\"yoast-schema-graph\">{\"@context\":\"https:\\\/\\\/schema.org\",\"@graph\":[{\"@type\":\"WebPage\",\"@id\":\"https:\\\/\\\/paranocta.com\\\/it\\\/contattaci\\\/\",\"url\":\"https:\\\/\\\/paranocta.com\\\/it\\\/contattaci\\\/\",\"name\":\"Contattaci - Paranocta\",\"isPartOf\":{\"@id\":\"https:\\\/\\\/paranocta.com\\\/it\\\/#website\"},\"datePublished\":\"2026-01-29T20:38:02+00:00\",\"dateModified\":\"2026-01-29T20:40:06+00:00\",\"breadcrumb\":{\"@id\":\"https:\\\/\\\/paranocta.com\\\/it\\\/contattaci\\\/#breadcrumb\"},\"inLanguage\":\"it-IT\",\"potentialAction\":[{\"@type\":\"ReadAction\",\"target\":[\"https:\\\/\\\/paranocta.com\\\/it\\\/contattaci\\\/\"]}]},{\"@type\":\"BreadcrumbList\",\"@id\":\"https:\\\/\\\/paranocta.com\\\/it\\\/contattaci\\\/#breadcrumb\",\"itemListElement\":[{\"@type\":\"ListItem\",\"position\":1,\"name\":\"Accueil\",\"item\":\"https:\\\/\\\/paranocta.com\\\/it\\\/\"},{\"@type\":\"ListItem\",\"position\":2,\"name\":\"Contattaci\"}]},{\"@type\":\"WebSite\",\"@id\":\"https:\\\/\\\/paranocta.com\\\/it\\\/#website\",\"url\":\"https:\\\/\\\/paranocta.com\\\/it\\\/\",\"name\":\"Paranocta\",\"description\":\"Le lampadaire sans fil id\u00e9al pour toutes vos soir\u00e9es\",\"publisher\":{\"@id\":\"https:\\\/\\\/paranocta.com\\\/it\\\/#organization\"},\"potentialAction\":[{\"@type\":\"SearchAction\",\"target\":{\"@type\":\"EntryPoint\",\"urlTemplate\":\"https:\\\/\\\/paranocta.com\\\/it\\\/?s={search_term_string}\"},\"query-input\":{\"@type\":\"PropertyValueSpecification\",\"valueRequired\":true,\"valueName\":\"search_term_string\"}}],\"inLanguage\":\"it-IT\"},{\"@type\":\"Organization\",\"@id\":\"https:\\\/\\\/paranocta.com\\\/it\\\/#organization\",\"name\":\"Paranocta\",\"url\":\"https:\\\/\\\/paranocta.com\\\/it\\\/\",\"logo\":{\"@type\":\"ImageObject\",\"inLanguage\":\"it-IT\",\"@id\":\"https:\\\/\\\/paranocta.com\\\/it\\\/#\\\/schema\\\/logo\\\/image\\\/\",\"url\":\"https:\\\/\\\/paranocta.com\\\/wp-content\\\/uploads\\\/2023\\\/09\\\/LOGO-Paranocta-header-VEC.png\",\"contentUrl\":\"https:\\\/\\\/paranocta.com\\\/wp-content\\\/uploads\\\/2023\\\/09\\\/LOGO-Paranocta-header-VEC.png\",\"width\":355,\"height\":285,\"caption\":\"Paranocta\"},\"image\":{\"@id\":\"https:\\\/\\\/paranocta.com\\\/it\\\/#\\\/schema\\\/logo\\\/image\\\/\"},\"sameAs\":[\"https:\\\/\\\/www.facebook.com\\\/paranocta\\\/\",\"https:\\\/\\\/www.instagram.com\\\/paranocta\\\/\"]}]}<\/script>\n<!-- \/ Yoast SEO plugin. -->","yoast_head_json":{"title":"Contattaci - Paranocta","robots":{"index":"index","follow":"follow","max-snippet":"max-snippet:-1","max-image-preview":"max-image-preview:large","max-video-preview":"max-video-preview:-1"},"canonical":"https:\/\/paranocta.com\/it\/contattaci\/","og_locale":"it_IT","og_type":"article","og_title":"Contattaci - Paranocta","og_description":"[vc_row][vc_column][vc_empty_space height=&#8221;94px&#8221;][vc_column_text] Contact Une question ? [\/vc_column_text][\/vc_column][\/vc_row][vc_row overlay_dotted=&#8221;&#8221; css=&#8221;.vc_custom_1480491358682{margin-top: 0px !important;margin-right: 0px !important;margin-bottom: 25px !important;margin-left: 0px !important;border-top-width: 0px !important;border-right-width: 0px !important;border-bottom-width: 0px !important;border-left-width: 0px !important;padding-top: 0px !important;padding-right: 0px !important;padding-bottom: 0px !important;padding-left: 0px !important;}&#8221;][vc_column css=&#8221;.vc_custom_1478579926524{margin: 0px !important;border-width: 0px !important;padding: 0px !important;}&#8221;][vc_single_image image=&#8221;2879&#8243; img_size=&#8221;full&#8221; alignment=&#8221;center&#8221;][\/vc_column][\/vc_row][vc_row][vc_column width=&#8221;2\/3&#8243; el_class=&#8221;contact-form&#8221;]      FonctionParticulierPropri\u00e9taire ou directeur d&#039;un restaurant et\/ou h\u00f4telPropri\u00e9taire ou directeur d&#039;un site de r\u00e9ceptionTraiteurLoueur de mat\u00e9riel de r\u00e9ceptionAutre activit\u00e9      [\/vc_column][vc_column width=&#8221;1\/3&#8243;][vc_column_text]Nous sommes \u00e0 votre \u00e9coute aussi de vive voix ou par messagerie : +33 2 41 19 80 01 Whatsapp &nbsp; Villa M\u00e9dicis Angers Technopole French Tech 8 Place Monseigneur Rumeau 49100 Angers France [\/vc_column_text][\/vc_column][\/vc_row]","og_url":"https:\/\/paranocta.com\/it\/contattaci\/","og_site_name":"Paranocta","article_publisher":"https:\/\/www.facebook.com\/paranocta\/","article_modified_time":"2026-01-29T20:40:06+00:00","twitter_card":"summary_large_image","twitter_misc":{"Tempo di lettura stimato":"1 minuto"},"schema":{"@context":"https:\/\/schema.org","@graph":[{"@type":"WebPage","@id":"https:\/\/paranocta.com\/it\/contattaci\/","url":"https:\/\/paranocta.com\/it\/contattaci\/","name":"Contattaci - Paranocta","isPartOf":{"@id":"https:\/\/paranocta.com\/it\/#website"},"datePublished":"2026-01-29T20:38:02+00:00","dateModified":"2026-01-29T20:40:06+00:00","breadcrumb":{"@id":"https:\/\/paranocta.com\/it\/contattaci\/#breadcrumb"},"inLanguage":"it-IT","potentialAction":[{"@type":"ReadAction","target":["https:\/\/paranocta.com\/it\/contattaci\/"]}]},{"@type":"BreadcrumbList","@id":"https:\/\/paranocta.com\/it\/contattaci\/#breadcrumb","itemListElement":[{"@type":"ListItem","position":1,"name":"Accueil","item":"https:\/\/paranocta.com\/it\/"},{"@type":"ListItem","position":2,"name":"Contattaci"}]},{"@type":"WebSite","@id":"https:\/\/paranocta.com\/it\/#website","url":"https:\/\/paranocta.com\/it\/","name":"Paranocta","description":"Le lampadaire sans fil id\u00e9al pour toutes vos soir\u00e9es","publisher":{"@id":"https:\/\/paranocta.com\/it\/#organization"},"potentialAction":[{"@type":"SearchAction","target":{"@type":"EntryPoint","urlTemplate":"https:\/\/paranocta.com\/it\/?s={search_term_string}"},"query-input":{"@type":"PropertyValueSpecification","valueRequired":true,"valueName":"search_term_string"}}],"inLanguage":"it-IT"},{"@type":"Organization","@id":"https:\/\/paranocta.com\/it\/#organization","name":"Paranocta","url":"https:\/\/paranocta.com\/it\/","logo":{"@type":"ImageObject","inLanguage":"it-IT","@id":"https:\/\/paranocta.com\/it\/#\/schema\/logo\/image\/","url":"https:\/\/paranocta.com\/wp-content\/uploads\/2023\/09\/LOGO-Paranocta-header-VEC.png","contentUrl":"https:\/\/paranocta.com\/wp-content\/uploads\/2023\/09\/LOGO-Paranocta-header-VEC.png","width":355,"height":285,"caption":"Paranocta"},"image":{"@id":"https:\/\/paranocta.com\/it\/#\/schema\/logo\/image\/"},"sameAs":["https:\/\/www.facebook.com\/paranocta\/","https:\/\/www.instagram.com\/paranocta\/"]}]}},"_links":{"self":[{"href":"https:\/\/paranocta.com\/it\/wp-json\/wp\/v2\/pages\/19535","targetHints":{"allow":["GET"]}}],"collection":[{"href":"https:\/\/paranocta.com\/it\/wp-json\/wp\/v2\/pages"}],"about":[{"href":"https:\/\/paranocta.com\/it\/wp-json\/wp\/v2\/types\/page"}],"author":[{"embeddable":true,"href":"https:\/\/paranocta.com\/it\/wp-json\/wp\/v2\/users\/1"}],"replies":[{"embeddable":true,"href":"https:\/\/paranocta.com\/it\/wp-json\/wp\/v2\/comments?post=19535"}],"version-history":[{"count":2,"href":"https:\/\/paranocta.com\/it\/wp-json\/wp\/v2\/pages\/19535\/revisions"}],"predecessor-version":[{"id":19537,"href":"https:\/\/paranocta.com\/it\/wp-json\/wp\/v2\/pages\/19535\/revisions\/19537"}],"wp:attachment":[{"href":"https:\/\/paranocta.com\/it\/wp-json\/wp\/v2\/media?parent=19535"}],"curies":[{"name":"wp","href":"https:\/\/api.w.org\/{rel}","templated":true}]}}