{"id":19509,"date":"2026-01-29T21:17:47","date_gmt":"2026-01-29T20:17:47","guid":{"rendered":"https:\/\/paranocta.com\/?page_id=19509"},"modified":"2026-01-29T21:21:06","modified_gmt":"2026-01-29T20:21:06","slug":"chi-siamo","status":"publish","type":"page","link":"https:\/\/paranocta.com\/it\/chi-siamo\/","title":{"rendered":"Chi siamo"},"content":{"rendered":"<p>[vc_row][vc_column]<div class=\"seese-prslr seese-product-slider-69e5742f027c1 seese-slick-controls-light seese-prslr-height-adaptive \"><div class=\"seese-prslr-box seese-prslr-box-69e5742f027de\" ><div class=\"seese-prslr-img\"><img decoding=\"async\" src=\"https:\/\/paranocta.com\/wp-content\/uploads\/2022\/10\/les-createurs-de-Paranocta.png\" class=\"seese-prslr-image\"><\/div><div class=\"seese-prslr-content h_left v_center align_left\" style=\"\"><div class=\"seese-prslr-text\"><\/div><\/div><\/div><\/div>\n    <script type=\"text\/javascript\">\n\n    \tjQuery(window).load(function() {\n\n    \t\tvar $sliderGrid = jQuery('.seese-product-slider-69e5742f027c1');\n\n    \t\t$sliderGrid.on('init', function(event, slick) {\n    \t\t\tjQuery(document).trigger('banner-slider-loaded');\n  \t\t    var $slideActive   = $sliderGrid.find('.slick-track .slick-active');\n  \t\t    var $bannerContent = $slideActive.find('.seese-animate');\n  \t\t    $sliderGrid.find('.seese-prslr-price').css('visibility', 'visible');\n\t\t\t\t\tif ($bannerContent.length) {\n\t\t\t\t\t\t$bannerContent.css('opacity', '1');\n\t\t\t\t\t\t$bannerAnimation = $bannerContent.data('animate');\n\t\t\t\t\t\t$bannerContent.addClass($bannerAnimation);\n\t\t\t\t\t}\n\t\t    });\n\n    \t\t$sliderGrid.slick({\n\t        rows:           1,\n\t        slidesPerRow:   1,\n\t        slidesToShow:   1,\n\t        adaptiveHeight: true,\n\t        arrows:         false,\n\t        autoplay:       true,\n\t        autoplaySpeed:  3000,\n\t        dots:           true,\n\t        fade:           true,\n\t        infinite:       true,\n\t        pauseOnHover:   true,\n\t        prevArrow:      \"<div class='seese-prslr-nav prslr-prev'><i class='fa fa-angle-left' aria-hidden='true'><\/i><\/div>\",\n\t        nextArrow:      \"<div class='seese-prslr-nav prslr-next'><i class='fa fa-angle-right' aria-hidden='true'><\/i><\/div>\",\n\t        speed:          300,\n        });\n\n        $sliderGrid.on('beforeChange', function(event, slick, currentSlide, nextSlide) {\n        \tvar $currentSlide  = jQuery(slick.$slides[slick.currentSlide]);\n        \tvar $bannerContent = $currentSlide.find('.seese-animate');\n        \tif ($bannerContent.length) {\n        \t\t$bannerContent.css('opacity', '0');\n\t\t\t\t\t\t$bannerAnimation = $bannerContent.data('animate');\n\t\t\t\t\t\t$bannerContent.removeClass($bannerAnimation);\n\t\t\t\t\t}\n\t\t\t\t});\n\n        $sliderGrid.on('afterChange', function(event, slick, currentSlide, nextSlide) {\n        \tvar $currentSlide  = jQuery(slick.$slides[slick.currentSlide]);\n        \tvar $bannerContent = $currentSlide.find('.seese-animate');\n        \tif ($bannerContent.length) {\n        \t\t$bannerContent.css('opacity', '1');\n\t\t\t\t\t\t$bannerAnimation = $bannerContent.data('animate');\n\t\t\t\t\t\t$bannerContent.addClass($bannerAnimation);\n\t\t\t\t\t}\n        });\n\n      });\n\n    <\/script>\n\n  [\/vc_column][\/vc_row][vc_row el_class=&#8221;pt-md&#8221;][vc_column width=&#8221;1\/4&#8243;][\/vc_column][vc_column css_animation=&#8221;fadeIn&#8221; width=&#8221;1\/2&#8243;][vc_column_text el_class=&#8221;f-15&#8243;]<\/p>\n<p style=\"text-align: center;\">Associ\u00e9s et mari\u00e9s, nous avons eu l&#8217;id\u00e9e du lampadaire sans fil au d\u00e9but des ann\u00e9es 2000. Nos exp\u00e9riences dans le secteur du tourisme et du paysage nous ont conduit 15 ans plus tard \u00e0 lui donner vie.<\/p>\n<p style=\"text-align: center;\">Depuis trop longtemps, l&#8217;\u00e9clairage est fig\u00e9, d\u00e9pendant de c\u00e2bles, d&#8217;installations co\u00fbteuses et contraignantes, parfois impossibles. Nous, nous l&#8217;envisageons autrement : <strong>libre, sans limite, flexible et ultra pratique<\/strong> !<\/p>\n<p style=\"text-align: center;\"><strong>L&#8217;\u00e9clairage<\/strong> n&#8217;est pas une contrainte, elle <strong>est une opportunit\u00e9 de cr\u00e9er de l&#8217;\u00e9motion<\/strong>, d&#8217;attirer les regards, de sublimer les espaces et de partager de la convivialit\u00e9 en toute circonstance.<\/p>\n<p style=\"text-align: center;\">Nous redonnons le pouvoir aux restaurateurs, aux h\u00f4teliers et aux lieux \u00e9v\u00e9nementiels de <strong>ma\u00eetriser<\/strong> leur <strong>ambiance lumineuse<\/strong>, librement, <strong>sans travaux ni c\u00e2bles.<\/strong><\/p>\n<p style=\"text-align: center;\">Nous leur offrons une <strong>libert\u00e9 totale d&#8217;\u00e9clairage<\/strong> pour bien <strong>accueillir<\/strong>, bouger leur mobilier, <strong>mieux exploiter leurs espaces<\/strong> pour, in fine, surprendre, combler et fid\u00e9liser leurs clients.<\/p>\n<p style=\"text-align: center;\">Nos \u00e9clairages ne suivent pas les r\u00e8gles d&#8217;hier&#8230; nous cr\u00e9ons ceux de demain :<\/p>\n<p style=\"text-align: center;\">pour que chaque espace se dote, en un instant, de l&#8217;atmosph\u00e8re parfaite, parce que leurs mat\u00e9riaux sont durables et leur design \u00e9co-responsable pens\u00e9 pour l&#8217;avenir, que leur technologie optimise la consommation \u00e9nerg\u00e9tique.<\/p>\n<p>&nbsp;<\/p>\n<p style=\"text-align: center;\">La lumi\u00e8re influence tout : elle inspire, elle transforme, elle rassemble. La lumi\u00e8re fait la vie.<\/p>\n<p style=\"text-align: center;\">Nous sommes l\u00e0 pour <strong>r\u00e9volutionner la lumi\u00e8re<\/strong> !<\/p>\n<p>[\/vc_column_text][\/vc_column][vc_column width=&#8221;1\/4&#8243;][\/vc_column][\/vc_row][vc_row el_class=&#8221;pt-md mobile-reverse-row p pt-m-20&#8243;][vc_column el_class=&#8221;centered-col mobile-center-all&#8221; offset=&#8221;vc_col-lg-6 vc_col-md-12&#8243;][vc_column_text el_class=&#8221;wpb_animate_when_almost_visible em-anim-fadeInUp&#8221;]<\/p>\n<h2>Une id\u00e9e<br \/>\n<span class=\"padded-br\">lumineuse<\/span><\/h2>\n<p>[\/vc_column_text][vc_column_text el_class=&#8221;padded-bloc border wpb_animate_when_almost_visible em-anim-fadeInUp&#8221; css=&#8221;.vc_custom_1743088484490{margin-bottom: 0px !important;}&#8221;]Le PARANOCTA est \u00e0 la nuit ce que le PARASOL est au jour.<\/p>\n<p>Son \u00e9clairage repousse la nuit gr\u00e2ce \u00e0 sa lumi\u00e8re efficace \u00e0 360\u00b0 de la m\u00eame fa\u00e7on que le parasol offre l&#8217;ombre, le jour.[\/vc_column_text][\/vc_column][vc_column el_class=&#8221;centered-col-600&#8243; offset=&#8221;vc_col-lg-6 vc_col-md-12&#8243;][vc_single_image image=&#8221;19519&#8243; img_size=&#8221;full&#8221; alignment=&#8221;center&#8221; el_class=&#8221;wpb_animate_when_almost_visible em-anim-fadeInUp&#8221;][\/vc_column][\/vc_row][vc_row el_class=&#8221;pt-lg pt-m-20&#8243;][vc_column offset=&#8221;vc_col-lg-6 vc_col-md-12&#8243;][vc_single_image image=&#8221;8820&#8243; img_size=&#8221;full&#8221; alignment=&#8221;center&#8221; el_class=&#8221;pattern bottom-right em-img-responsive wpb_animate_when_almost_visible em-anim-fadeInUp max-w-500&#8243;][\/vc_column][vc_column css=&#8221;.vc_custom_1591950015561{padding-top: 7% !important;}&#8221; el_class=&#8221;centered-col mobile-center-all&#8221; offset=&#8221;vc_col-lg-6 vc_col-md-12&#8243;][vc_column_text el_class=&#8221;wpb_animate_when_almost_visible em-anim-fadeInUp&#8221;]<\/p>\n<h2>Innovante, avant-gardiste<br \/>\n<span class=\"padded-br\">et performante<\/span><\/h2>\n<p>[\/vc_column_text][vc_column_text el_class=&#8221;padded-bloc border wpb_animate_when_almost_visible em-anim-fadeInUp&#8221; css=&#8221;.vc_custom_1743091902629{margin-bottom: 0px !important;}&#8221;]Nous avons con\u00e7u et fabriqu\u00e9 le lampadaire Paranocta sans fil tel que nous en avions besoin : puissant mais confortable, l\u00e9ger mais robuste, \u00e9lanc\u00e9 mais pliable. Nous le voulions avant tout fiable et performant.<\/p>\n<p>2020 marque un tournant c\u00f4t\u00e9 design : la lampe LED sans fil devient<strong> &#8216;l&#8217;ampoule BULBEE&#8217;<\/strong> et sort de la lanterne. Son dissipateur de couleur bronze lui apporte esth\u00e9tisme et sophistication.<\/p>\n<p>Sur son pas de vis, un bouton en laiton molt\u00e9 et une sangle \u00e9l\u00e9gante, imitant le cuir, la change en baladeuse ou suspension compacte. Nous avons pour elle de grandes ambitions !<\/p>\n<p>Dehors\/dedans, lampadaire, lanterne, lampe, \u00e0 poser, \u00e0 suspendre&#8230; la modularit\u00e9 incarne notre ADN : avant-gardiste et r\u00e9solument pragmatique.[\/vc_column_text][\/vc_column][\/vc_row][vc_row el_class=&#8221;pt-lg pt-m-20&#8243;][vc_column width=&#8221;1\/2&#8243; css=&#8221;.vc_custom_1591950015561{padding-top: 7% !important;}&#8221; el_class=&#8221;centered-col mobile-center-all&#8221; offset=&#8221;vc_col-lg-6 vc_col-md-12&#8243;][vc_column_text el_class=&#8221;wpb_animate_when_almost_visible em-anim-fadeInUp&#8221;]<\/p>\n<h2>R\u00e9volutionnaire<\/h2>\n<p>[\/vc_column_text][vc_column_text el_class=&#8221;padded-bloc border wpb_animate_when_almost_visible em-anim-fadeInUp&#8221; css=&#8221;.vc_custom_1743091570927{margin-bottom: 0px !important;}&#8221;]2025, l&#8217;\u00e2ge de raison : de plus en plus fonctionnel et toujours tr\u00e8s pratique, PARANOCTA se d\u00e9cline d\u00e9sormais en <strong>suspension<\/strong> gr\u00e2ce \u00e0 un <strong>adaptateur magn\u00e9tique r\u00e9volutionnaire<\/strong>. Format tr\u00e8s d\u00e9coratif et ouvrant le champ du possible en mati\u00e8re de personnalisation, la suspension continue d&#8217;offrir la lumi\u00e8re de l&#8217;ampoule BULBEE du haut vers le bas et garantit un v\u00e9ritable \u00e9clairage install\u00e9 sans aucune contrainte.[\/vc_column_text][\/vc_column][vc_column width=&#8221;1\/2&#8243;][vc_video link=&#8221;https:\/\/www.youtube.com\/watch?v=jHbub0v6Y4Y&#8221;][\/vc_column][\/vc_row][vc_row overlay_dotted=&#8221;&#8221; el_class=&#8221;pt-md em-clients-slider&#8221;][vc_column]<div style=\"text-align:center;\"><a class=\"seese-btn btn-secondary seese-btn-69e5742f030a2 btn-hover-one em-button\" href=\"https:\/\/paranocta.com\/catalogue\/professionnel\/\"><span class=\"btn-text\">D\u00e9couvrir notre collection<\/span><\/a><\/div><div class=\"seese-img-carousel \"><ul class=\"owl-carousel\" id=\"seese-img-carousel-69e5742f030f5\"><li><div class=\"\"><img decoding=\"async\" src=\"\" alt=\"\"><\/div><\/li><\/ul><\/div>\n    <script type=\"text\/javascript\">\n      jQuery(document).ready(function($) {\n        var $owl = $('#seese-img-carousel-69e5742f030f5');\n        $owl.imagesLoaded(function() {\n          $owl.owlCarousel({\n            items:         4,\n            margin:        10,\n            loop:          false,\n            nav:           false,\n            dots:          false,\n            autoplay:      false,\n            navSpeed:      500,\n            dotsSpeed:     500,\n            autoplaySpeed: 500,\n            autoHeight:    false,\n            navText:       [\"<i class='fa fa-angle-left' aria-hidden='true'><\/i>\", \"<i class='fa fa-angle-right' aria-hidden='true'><\/i>\"],\n            responsive:    {\n                              0: {\n                                  items: 3\n                              },\n                              400: {\n                                  items: 4\n                              },\n                              600: {\n                                  items: 4                              }\n                           },\n            onInitialized: setOwlStageColor,\n            onResized:     setOwlStageColor,\n            onTranslated:  setOwlStageColor\n          });\n        });\n        function setOwlStageColor(event) {\n          $('#seese-img-carousel-69e5742f030f5 .owl-stage').css('background', \"\");\n        }\n      });\n    <\/script>\n\n    [\/vc_column][\/vc_row][vc_row][vc_column][\/vc_column][\/vc_row]<\/p>\n","protected":false},"excerpt":{"rendered":"<p>[vc_row][vc_column]<\/p>\n<p>  [\/vc_column][\/vc_row][vc_row el_class=&#8221;pt-md&#8221;][vc_column width=&#8221;1\/4&#8243;][\/vc_column][vc_column css_animation=&#8221;fadeIn&#8221; width=&#8221;1\/2&#8243;][vc_column_text el_class=&#8221;f-15&#8243;]<\/p>\n<p style=\"text-align: center;\">Associ\u00e9s et mari\u00e9s, nous avons eu l&#8217;id\u00e9e du lampadaire sans fil au d\u00e9but des ann\u00e9es 2000. Nos exp\u00e9riences dans le secteur du tourisme et du paysage nous ont conduit 15 ans plus tard \u00e0 lui donner vie.<\/p>\n<p style=\"text-align: center;\">Depuis trop longtemps, l&#8217;\u00e9clairage est fig\u00e9, d\u00e9pendant de c\u00e2bles, d&#8217;installations co\u00fbteuses et contraignantes, parfois impossibles. Nous, nous l&#8217;envisageons autrement : libre, sans limite, flexible et ultra pratique !<\/p>\n<p style=\"text-align: center;\">L&#8217;\u00e9clairage n&#8217;est pas une contrainte, elle est une opportunit\u00e9 de cr\u00e9er de l&#8217;\u00e9motion, d&#8217;attirer les regards, de sublimer les espaces et de partager de la convivialit\u00e9 en toute circonstance.<\/p>\n<p style=\"text-align: center;\">Nous redonnons le pouvoir aux restaurateurs, aux h\u00f4teliers et aux lieux \u00e9v\u00e9nementiels de ma\u00eetriser leur ambiance lumineuse, librement, sans travaux ni c\u00e2bles.<\/p>\n<p style=\"text-align: center;\">Nous leur offrons une libert\u00e9 totale d&#8217;\u00e9clairage pour bien accueillir, bouger leur mobilier, mieux exploiter leurs espaces pour, in fine, surprendre, combler et fid\u00e9liser leurs clients.<\/p>\n<p style=\"text-align: center;\">Nos \u00e9clairages ne suivent pas les r\u00e8gles d&#8217;hier&#8230; nous cr\u00e9ons ceux de demain :<\/p>\n<p style=\"text-align: center;\">pour que chaque espace se dote, en un instant, de l&#8217;atmosph\u00e8re parfaite, parce que leurs mat\u00e9riaux sont durables et leur design \u00e9co-responsable pens\u00e9 pour l&#8217;avenir, que leur technologie optimise la consommation \u00e9nerg\u00e9tique.<\/p>\n<p>&nbsp;<\/p>\n<p style=\"text-align: center;\">La lumi\u00e8re influence tout : elle inspire, elle transforme, elle rassemble. La lumi\u00e8re fait la vie.<\/p>\n<p style=\"text-align: center;\">Nous sommes l\u00e0 pour r\u00e9volutionner la lumi\u00e8re !<\/p>\n<p>[\/vc_column_text][\/vc_column][vc_column width=&#8221;1\/4&#8243;][\/vc_column][\/vc_row][vc_row el_class=&#8221;pt-md mobile-reverse-row p pt-m-20&#8243;][vc_column el_class=&#8221;centered-col mobile-center-all&#8221; offset=&#8221;vc_col-lg-6 vc_col-md-12&#8243;][vc_column_text el_class=&#8221;wpb_animate_when_almost_visible em-anim-fadeInUp&#8221;]<\/p>\n<p>Une id\u00e9e<br \/>\nlumineuse<\/p>\n<p>[\/vc_column_text][vc_column_text el_class=&#8221;padded-bloc border wpb_animate_when_almost_visible em-anim-fadeInUp&#8221; css=&#8221;.vc_custom_1743088484490{margin-bottom: 0px !important;}&#8221;]Le PARANOCTA est \u00e0 la nuit ce que le PARASOL est au jour.<\/p>\n<p>Son \u00e9clairage repousse la nuit gr\u00e2ce \u00e0 sa lumi\u00e8re efficace \u00e0 360\u00b0 de la m\u00eame fa\u00e7on que le parasol offre l&#8217;ombre, le jour.[\/vc_column_text][\/vc_column][vc_column el_class=&#8221;centered-col-600&#8243; offset=&#8221;vc_col-lg-6 vc_col-md-12&#8243;][vc_single_image image=&#8221;19519&#8243; img_size=&#8221;full&#8221; alignment=&#8221;center&#8221; el_class=&#8221;wpb_animate_when_almost_visible em-anim-fadeInUp&#8221;][\/vc_column][\/vc_row][vc_row el_class=&#8221;pt-lg pt-m-20&#8243;][vc_column offset=&#8221;vc_col-lg-6 vc_col-md-12&#8243;][vc_single_image image=&#8221;8820&#8243; img_size=&#8221;full&#8221; alignment=&#8221;center&#8221; el_class=&#8221;pattern bottom-right em-img-responsive wpb_animate_when_almost_visible em-anim-fadeInUp max-w-500&#8243;][\/vc_column][vc_column css=&#8221;.vc_custom_1591950015561{padding-top: 7% !important;}&#8221; el_class=&#8221;centered-col mobile-center-all&#8221; offset=&#8221;vc_col-lg-6 vc_col-md-12&#8243;][vc_column_text el_class=&#8221;wpb_animate_when_almost_visible em-anim-fadeInUp&#8221;]<\/p>\n<p>Innovante, avant-gardiste<br \/>\net performante<\/p>\n<p>[\/vc_column_text][vc_column_text el_class=&#8221;padded-bloc border wpb_animate_when_almost_visible em-anim-fadeInUp&#8221; css=&#8221;.vc_custom_1743091902629{margin-bottom: 0px !important;}&#8221;]Nous avons con\u00e7u et fabriqu\u00e9 le lampadaire Paranocta sans fil tel que nous en avions besoin : puissant mais confortable, l\u00e9ger mais robuste, \u00e9lanc\u00e9 mais pliable. Nous le voulions avant tout fiable et performant.<\/p>\n<p>2020 marque un tournant c\u00f4t\u00e9 design : la lampe LED sans fil devient &#8216;l&#8217;ampoule BULBEE&#8217; et sort de la lanterne. Son dissipateur de couleur bronze lui apporte esth\u00e9tisme et sophistication.<\/p>\n<p>Sur son pas de vis, un bouton en laiton molt\u00e9 et une sangle \u00e9l\u00e9gante, imitant le cuir, la change en baladeuse ou suspension compacte. Nous avons pour elle de grandes ambitions !<\/p>\n<p>Dehors\/dedans, lampadaire, lanterne, lampe, \u00e0 poser, \u00e0 suspendre&#8230; la modularit\u00e9 incarne notre ADN : avant-gardiste et r\u00e9solument pragmatique.[\/vc_column_text][\/vc_column][\/vc_row][vc_row el_class=&#8221;pt-lg pt-m-20&#8243;][vc_column width=&#8221;1\/2&#8243; css=&#8221;.vc_custom_1591950015561{padding-top: 7% !important;}&#8221; el_class=&#8221;centered-col mobile-center-all&#8221; offset=&#8221;vc_col-lg-6 vc_col-md-12&#8243;][vc_column_text el_class=&#8221;wpb_animate_when_almost_visible em-anim-fadeInUp&#8221;]<\/p>\n<p>R\u00e9volutionnaire<\/p>\n<p>[\/vc_column_text][vc_column_text el_class=&#8221;padded-bloc border wpb_animate_when_almost_visible em-anim-fadeInUp&#8221; css=&#8221;.vc_custom_1743091570927{margin-bottom: 0px !important;}&#8221;]2025, l&#8217;\u00e2ge de raison : de plus en plus fonctionnel et toujours tr\u00e8s pratique, PARANOCTA se d\u00e9cline d\u00e9sormais en suspension gr\u00e2ce \u00e0 un adaptateur magn\u00e9tique r\u00e9volutionnaire. Format tr\u00e8s d\u00e9coratif et ouvrant le champ du possible en mati\u00e8re de personnalisation, la suspension continue d&#8217;offrir la lumi\u00e8re de l&#8217;ampoule BULBEE du haut vers le bas et garantit un v\u00e9ritable \u00e9clairage install\u00e9 sans aucune contrainte.[\/vc_column_text][\/vc_column][vc_column width=&#8221;1\/2&#8243;][vc_video link=&#8221;https:\/\/www.youtube.com\/watch?v=jHbub0v6Y4Y&#8221;][\/vc_column][\/vc_row][vc_row overlay_dotted=&#8221;&#8221; el_class=&#8221;pt-md em-clients-slider&#8221;][vc_column]D\u00e9couvrir notre collection<\/p>\n<p>    [\/vc_column][\/vc_row][vc_row][vc_column][\/vc_column][\/vc_row]<\/p>\n","protected":false},"author":1,"featured_media":0,"parent":0,"menu_order":0,"comment_status":"closed","ping_status":"closed","template":"","meta":{"footnotes":""},"class_list":["post-19509","page","type-page","status-publish","hentry"],"yoast_head":"<!-- This site is optimized with the Yoast SEO plugin v27.3 - https:\/\/yoast.com\/product\/yoast-seo-wordpress\/ -->\n<title>Chi siamo - Paranocta<\/title>\n<meta name=\"description\" content=\"Nous ne fabriquons pas que des lampes, nous r\u00e9inventons la lumi\u00e8re pour transformer les espaces de vie des restaurants, des lieux de r\u00e9ception en exp\u00e9riences inoubliables.\" \/>\n<meta name=\"robots\" content=\"index, follow, max-snippet:-1, max-image-preview:large, max-video-preview:-1\" \/>\n<link rel=\"canonical\" href=\"https:\/\/paranocta.com\/it\/chi-siamo\/\" \/>\n<meta property=\"og:locale\" content=\"it_IT\" \/>\n<meta property=\"og:type\" content=\"article\" \/>\n<meta property=\"og:title\" content=\"Chi siamo - Paranocta\" \/>\n<meta property=\"og:description\" content=\"Nous ne fabriquons pas que des lampes, nous r\u00e9inventons la lumi\u00e8re pour transformer les espaces de vie des restaurants, des lieux de r\u00e9ception en exp\u00e9riences inoubliables.\" \/>\n<meta property=\"og:url\" content=\"https:\/\/paranocta.com\/it\/chi-siamo\/\" \/>\n<meta property=\"og:site_name\" content=\"Paranocta\" \/>\n<meta property=\"article:publisher\" content=\"https:\/\/www.facebook.com\/paranocta\/\" \/>\n<meta property=\"article:modified_time\" content=\"2026-01-29T20:21:06+00:00\" \/>\n<meta name=\"twitter:card\" content=\"summary_large_image\" \/>\n<meta name=\"twitter:label1\" content=\"Tempo di lettura stimato\" \/>\n\t<meta name=\"twitter:data1\" content=\"3 minuti\" \/>\n<script type=\"application\/ld+json\" class=\"yoast-schema-graph\">{\"@context\":\"https:\\\/\\\/schema.org\",\"@graph\":[{\"@type\":\"WebPage\",\"@id\":\"https:\\\/\\\/paranocta.com\\\/it\\\/chi-siamo\\\/\",\"url\":\"https:\\\/\\\/paranocta.com\\\/it\\\/chi-siamo\\\/\",\"name\":\"Chi siamo - Paranocta\",\"isPartOf\":{\"@id\":\"https:\\\/\\\/paranocta.com\\\/it\\\/#website\"},\"datePublished\":\"2026-01-29T20:17:47+00:00\",\"dateModified\":\"2026-01-29T20:21:06+00:00\",\"description\":\"Nous ne fabriquons pas que des lampes, nous r\u00e9inventons la lumi\u00e8re pour transformer les espaces de vie des restaurants, des lieux de r\u00e9ception en exp\u00e9riences inoubliables.\",\"breadcrumb\":{\"@id\":\"https:\\\/\\\/paranocta.com\\\/it\\\/chi-siamo\\\/#breadcrumb\"},\"inLanguage\":\"it-IT\",\"potentialAction\":[{\"@type\":\"ReadAction\",\"target\":[\"https:\\\/\\\/paranocta.com\\\/it\\\/chi-siamo\\\/\"]}]},{\"@type\":\"BreadcrumbList\",\"@id\":\"https:\\\/\\\/paranocta.com\\\/it\\\/chi-siamo\\\/#breadcrumb\",\"itemListElement\":[{\"@type\":\"ListItem\",\"position\":1,\"name\":\"Accueil\",\"item\":\"https:\\\/\\\/paranocta.com\\\/it\\\/\"},{\"@type\":\"ListItem\",\"position\":2,\"name\":\"Chi siamo\"}]},{\"@type\":\"WebSite\",\"@id\":\"https:\\\/\\\/paranocta.com\\\/it\\\/#website\",\"url\":\"https:\\\/\\\/paranocta.com\\\/it\\\/\",\"name\":\"Paranocta\",\"description\":\"Le lampadaire sans fil id\u00e9al pour toutes vos soir\u00e9es\",\"publisher\":{\"@id\":\"https:\\\/\\\/paranocta.com\\\/it\\\/#organization\"},\"potentialAction\":[{\"@type\":\"SearchAction\",\"target\":{\"@type\":\"EntryPoint\",\"urlTemplate\":\"https:\\\/\\\/paranocta.com\\\/it\\\/?s={search_term_string}\"},\"query-input\":{\"@type\":\"PropertyValueSpecification\",\"valueRequired\":true,\"valueName\":\"search_term_string\"}}],\"inLanguage\":\"it-IT\"},{\"@type\":\"Organization\",\"@id\":\"https:\\\/\\\/paranocta.com\\\/it\\\/#organization\",\"name\":\"Paranocta\",\"url\":\"https:\\\/\\\/paranocta.com\\\/it\\\/\",\"logo\":{\"@type\":\"ImageObject\",\"inLanguage\":\"it-IT\",\"@id\":\"https:\\\/\\\/paranocta.com\\\/it\\\/#\\\/schema\\\/logo\\\/image\\\/\",\"url\":\"https:\\\/\\\/paranocta.com\\\/wp-content\\\/uploads\\\/2023\\\/09\\\/LOGO-Paranocta-header-VEC.png\",\"contentUrl\":\"https:\\\/\\\/paranocta.com\\\/wp-content\\\/uploads\\\/2023\\\/09\\\/LOGO-Paranocta-header-VEC.png\",\"width\":355,\"height\":285,\"caption\":\"Paranocta\"},\"image\":{\"@id\":\"https:\\\/\\\/paranocta.com\\\/it\\\/#\\\/schema\\\/logo\\\/image\\\/\"},\"sameAs\":[\"https:\\\/\\\/www.facebook.com\\\/paranocta\\\/\",\"https:\\\/\\\/www.instagram.com\\\/paranocta\\\/\"]}]}<\/script>\n<!-- \/ Yoast SEO plugin. -->","yoast_head_json":{"title":"Chi siamo - Paranocta","description":"Nous ne fabriquons pas que des lampes, nous r\u00e9inventons la lumi\u00e8re pour transformer les espaces de vie des restaurants, des lieux de r\u00e9ception en exp\u00e9riences inoubliables.","robots":{"index":"index","follow":"follow","max-snippet":"max-snippet:-1","max-image-preview":"max-image-preview:large","max-video-preview":"max-video-preview:-1"},"canonical":"https:\/\/paranocta.com\/it\/chi-siamo\/","og_locale":"it_IT","og_type":"article","og_title":"Chi siamo - Paranocta","og_description":"Nous ne fabriquons pas que des lampes, nous r\u00e9inventons la lumi\u00e8re pour transformer les espaces de vie des restaurants, des lieux de r\u00e9ception en exp\u00e9riences inoubliables.","og_url":"https:\/\/paranocta.com\/it\/chi-siamo\/","og_site_name":"Paranocta","article_publisher":"https:\/\/www.facebook.com\/paranocta\/","article_modified_time":"2026-01-29T20:21:06+00:00","twitter_card":"summary_large_image","twitter_misc":{"Tempo di lettura stimato":"3 minuti"},"schema":{"@context":"https:\/\/schema.org","@graph":[{"@type":"WebPage","@id":"https:\/\/paranocta.com\/it\/chi-siamo\/","url":"https:\/\/paranocta.com\/it\/chi-siamo\/","name":"Chi siamo - Paranocta","isPartOf":{"@id":"https:\/\/paranocta.com\/it\/#website"},"datePublished":"2026-01-29T20:17:47+00:00","dateModified":"2026-01-29T20:21:06+00:00","description":"Nous ne fabriquons pas que des lampes, nous r\u00e9inventons la lumi\u00e8re pour transformer les espaces de vie des restaurants, des lieux de r\u00e9ception en exp\u00e9riences inoubliables.","breadcrumb":{"@id":"https:\/\/paranocta.com\/it\/chi-siamo\/#breadcrumb"},"inLanguage":"it-IT","potentialAction":[{"@type":"ReadAction","target":["https:\/\/paranocta.com\/it\/chi-siamo\/"]}]},{"@type":"BreadcrumbList","@id":"https:\/\/paranocta.com\/it\/chi-siamo\/#breadcrumb","itemListElement":[{"@type":"ListItem","position":1,"name":"Accueil","item":"https:\/\/paranocta.com\/it\/"},{"@type":"ListItem","position":2,"name":"Chi siamo"}]},{"@type":"WebSite","@id":"https:\/\/paranocta.com\/it\/#website","url":"https:\/\/paranocta.com\/it\/","name":"Paranocta","description":"Le lampadaire sans fil id\u00e9al pour toutes vos soir\u00e9es","publisher":{"@id":"https:\/\/paranocta.com\/it\/#organization"},"potentialAction":[{"@type":"SearchAction","target":{"@type":"EntryPoint","urlTemplate":"https:\/\/paranocta.com\/it\/?s={search_term_string}"},"query-input":{"@type":"PropertyValueSpecification","valueRequired":true,"valueName":"search_term_string"}}],"inLanguage":"it-IT"},{"@type":"Organization","@id":"https:\/\/paranocta.com\/it\/#organization","name":"Paranocta","url":"https:\/\/paranocta.com\/it\/","logo":{"@type":"ImageObject","inLanguage":"it-IT","@id":"https:\/\/paranocta.com\/it\/#\/schema\/logo\/image\/","url":"https:\/\/paranocta.com\/wp-content\/uploads\/2023\/09\/LOGO-Paranocta-header-VEC.png","contentUrl":"https:\/\/paranocta.com\/wp-content\/uploads\/2023\/09\/LOGO-Paranocta-header-VEC.png","width":355,"height":285,"caption":"Paranocta"},"image":{"@id":"https:\/\/paranocta.com\/it\/#\/schema\/logo\/image\/"},"sameAs":["https:\/\/www.facebook.com\/paranocta\/","https:\/\/www.instagram.com\/paranocta\/"]}]}},"_links":{"self":[{"href":"https:\/\/paranocta.com\/it\/wp-json\/wp\/v2\/pages\/19509","targetHints":{"allow":["GET"]}}],"collection":[{"href":"https:\/\/paranocta.com\/it\/wp-json\/wp\/v2\/pages"}],"about":[{"href":"https:\/\/paranocta.com\/it\/wp-json\/wp\/v2\/types\/page"}],"author":[{"embeddable":true,"href":"https:\/\/paranocta.com\/it\/wp-json\/wp\/v2\/users\/1"}],"replies":[{"embeddable":true,"href":"https:\/\/paranocta.com\/it\/wp-json\/wp\/v2\/comments?post=19509"}],"version-history":[{"count":3,"href":"https:\/\/paranocta.com\/it\/wp-json\/wp\/v2\/pages\/19509\/revisions"}],"predecessor-version":[{"id":19525,"href":"https:\/\/paranocta.com\/it\/wp-json\/wp\/v2\/pages\/19509\/revisions\/19525"}],"wp:attachment":[{"href":"https:\/\/paranocta.com\/it\/wp-json\/wp\/v2\/media?parent=19509"}],"curies":[{"name":"wp","href":"https:\/\/api.w.org\/{rel}","templated":true}]}}