{"id":19629,"date":"2026-01-30T11:10:25","date_gmt":"2026-01-30T10:10:25","guid":{"rendered":"https:\/\/paranocta.com\/?post_type=product&#038;p=19629"},"modified":"2026-02-13T14:36:06","modified_gmt":"2026-02-13T13:36:06","slug":"galanocta-woven-poly-rattan-lampshade","status":"publish","type":"product","link":"https:\/\/paranocta.com\/en\/catalogue\/abat-jour-polyrotin-tresse-galanocta\/","title":{"rendered":"GalaNocta Woven Polyrattan Lampshade"},"content":{"rendered":"<p data-start=\"0\" data-end=\"40\"><strong data-start=\"0\" data-end=\"40\">GalaNocta Woven Polyrattan Lampshade<\/strong><\/p>\n<p data-start=\"42\" data-end=\"188\">Highly resistant to humidity and sunlight, polyrattan is a leading material for outdoor furniture thanks to its durability and timeless aesthetic.<\/p>\n<p data-start=\"190\" data-end=\"270\">Its woven design replicates the look of natural rattan, adapted for outdoor use.<\/p>\n<p data-start=\"272\" data-end=\"383\">Featuring a powder-coated stainless steel frame and synthetic fiber weave, it is designed for 100% outdoor use.<\/p>\n<p data-start=\"385\" data-end=\"481\" data-is-last-node=\"\" data-is-only-node=\"\"><strong data-start=\"385\" data-end=\"399\">Materials:<\/strong> 100% recyclable<\/p>\n<p data-start=\"385\" data-end=\"481\" data-is-last-node=\"\" data-is-only-node=\"\"><strong data-start=\"418\" data-end=\"427\">Size:<\/strong> H20 \u2013 \u00d830 cm<\/p>\n<p data-start=\"385\" data-end=\"481\" data-is-last-node=\"\" data-is-only-node=\"\"><strong data-start=\"443\" data-end=\"453\" data-is-only-node=\"\">Color:<\/strong> Natural<\/p>\n<p data-start=\"385\" data-end=\"481\" data-is-last-node=\"\" data-is-only-node=\"\"><strong data-start=\"464\" data-end=\"475\">Weight:<\/strong> 540 g<\/p>\n<p><iframe title=\"YouTube video player\" src=\"https:\/\/www.youtube.com\/embed\/jHbub0v6Y4Y\" width=\"560\" height=\"315\" frameborder=\"0\" allowfullscreen=\"allowfullscreen\"><\/iframe><\/p>\n","protected":false},"excerpt":{"rendered":"<div class=\"flex flex-col text-sm pb-25\">\n<article class=\"text-token-text-primary w-full focus:outline-none [--shadow-height:45px] has-data-writing-block:pointer-events-none has-data-writing-block:-mt-(--shadow-height) has-data-writing-block:pt-(--shadow-height) [&amp;:has([data-writing-block])&gt;*]:pointer-events-auto scroll-mt-[calc(var(--header-height)+min(200px,max(70px,20svh)))]\" dir=\"auto\" tabindex=\"-1\" data-turn-id=\"request-698d925e-96b4-8397-bdc3-9274d13e2e7b-8\" data-testid=\"conversation-turn-26\" data-scroll-anchor=\"true\" data-turn=\"assistant\">\n<div class=\"text-base my-auto mx-auto pb-10 [--thread-content-margin:--spacing(4)] @w-sm\/main:[--thread-content-margin:--spacing(6)] @w-lg\/main:[--thread-content-margin:--spacing(16)] px-(--thread-content-margin)\">\n<div class=\"[--thread-content-max-width:40rem] @w-lg\/main:[--thread-content-max-width:48rem] mx-auto max-w-(--thread-content-max-width) flex-1 group\/turn-messages focus-visible:outline-hidden relative flex w-full min-w-0 flex-col agent-turn\" tabindex=\"-1\">\n<div class=\"flex max-w-full flex-col grow\">\n<div class=\"min-h-8 text-message relative flex w-full flex-col items-end gap-2 text-start break-words whitespace-normal [.text-message+&amp;]:mt-1\" dir=\"auto\" data-message-author-role=\"assistant\" data-message-id=\"51f3f476-7c6f-49bf-96c6-1000d80c8514\" data-message-model-slug=\"gpt-5-2\">\n<div class=\"flex w-full flex-col gap-1 empty:hidden first:pt-[1px]\">\n<div class=\"markdown prose dark:prose-invert w-full wrap-break-word dark markdown-new-styling\">\n<p data-start=\"0\" data-end=\"119\">Mounted on its offset arm with a clean, minimalist design, the woven polyrattan lampshade brings both style and warmth.<\/p>\n<p data-start=\"121\" data-end=\"352\">This combination works beautifully to create a <strong>cozy atmosphere<\/strong> on a terrace, patio, or restaurant fa\u00e7ade. The woven texture softly filters the light, while the offset arm provides <strong>targeted illumination<\/strong> without cluttering the space.<\/p>\n<p data-start=\"354\" data-end=\"478\">The result: a welcoming ambiance, a look that is both natural and structure, <strong>distinctive and with strong aesthetic impact.<\/strong><\/p>\n<h3 data-start=\"480\" data-end=\"501\"><strong data-start=\"480\" data-end=\"501\" data-is-last-node=\"\">\u20ac105.00 excl. VAT<\/strong><\/h3>\n<\/div>\n<\/div>\n<\/div>\n<\/div>\n<\/div>\n<\/div>\n<\/article>\n<\/div>\n","protected":false},"featured_media":14969,"template":"","meta":[],"product_brand":[],"product_cat":[295],"product_tag":[],"class_list":{"0":"post-19629","1":"product","2":"type-product","3":"status-publish","4":"has-post-thumbnail","6":"product_cat-galanocta","8":"first","9":"instock","10":"sold-individually","11":"taxable","12":"shipping-taxable","13":"product-type-simple"},"yoast_head":"<!-- This site is optimized with the Yoast SEO plugin v27.3 - https:\/\/yoast.com\/product\/yoast-seo-wordpress\/ -->\n<title>GalaNocta Woven Polyrattan Lampshade - Paranocta<\/title>\n<meta name=\"description\" content=\"Mounted on its sleek offset arm, the woven poly rattan lampshade brings style and warmth to a terrace table or a caterer\u2019s buffet.\" \/>\n<meta name=\"robots\" content=\"index, follow, max-snippet:-1, max-image-preview:large, max-video-preview:-1\" \/>\n<link rel=\"canonical\" href=\"https:\/\/paranocta.com\/en\/catalogue\/abat-jour-polyrotin-tresse-galanocta\/\" \/>\n<meta property=\"og:locale\" content=\"en_US\" \/>\n<meta property=\"og:type\" content=\"article\" \/>\n<meta property=\"og:title\" content=\"GalaNocta Woven Polyrattan Lampshade - Paranocta\" \/>\n<meta property=\"og:description\" content=\"Mounted on its sleek offset arm, the woven poly rattan lampshade brings style and warmth to a terrace table or a caterer\u2019s buffet.\" \/>\n<meta property=\"og:url\" content=\"https:\/\/paranocta.com\/en\/catalogue\/abat-jour-polyrotin-tresse-galanocta\/\" \/>\n<meta property=\"og:site_name\" content=\"Paranocta\" \/>\n<meta property=\"article:publisher\" content=\"https:\/\/www.facebook.com\/paranocta\/\" \/>\n<meta property=\"article:modified_time\" content=\"2026-02-13T13:36:06+00:00\" \/>\n<meta property=\"og:image\" content=\"https:\/\/paranocta.com\/wp-content\/uploads\/2025\/03\/Abat-jour-polyrotin-tresse-coloris-naturel-pour-bras-deporte-GalaNocta-ideal-pour-eclairage-terrasse-restaurant-ou-evenementiel-by-Paranocta.png\" \/>\n\t<meta property=\"og:image:width\" content=\"600\" \/>\n\t<meta property=\"og:image:height\" content=\"600\" \/>\n\t<meta property=\"og:image:type\" content=\"image\/png\" \/>\n<meta name=\"twitter:card\" content=\"summary_large_image\" \/>\n<meta name=\"twitter:label1\" content=\"Est. reading time\" \/>\n\t<meta name=\"twitter:data1\" content=\"1 minute\" \/>\n<script type=\"application\/ld+json\" class=\"yoast-schema-graph\">{\"@context\":\"https:\\\/\\\/schema.org\",\"@graph\":[{\"@type\":\"WebPage\",\"@id\":\"https:\\\/\\\/paranocta.com\\\/en\\\/catalogue\\\/abat-jour-polyrotin-tresse-galanocta\\\/\",\"url\":\"https:\\\/\\\/paranocta.com\\\/en\\\/catalogue\\\/abat-jour-polyrotin-tresse-galanocta\\\/\",\"name\":\"GalaNocta Woven Polyrattan Lampshade - Paranocta\",\"isPartOf\":{\"@id\":\"https:\\\/\\\/paranocta.com\\\/en\\\/#website\"},\"primaryImageOfPage\":{\"@id\":\"https:\\\/\\\/paranocta.com\\\/en\\\/catalogue\\\/abat-jour-polyrotin-tresse-galanocta\\\/#primaryimage\"},\"image\":{\"@id\":\"https:\\\/\\\/paranocta.com\\\/en\\\/catalogue\\\/abat-jour-polyrotin-tresse-galanocta\\\/#primaryimage\"},\"thumbnailUrl\":\"https:\\\/\\\/paranocta.com\\\/wp-content\\\/uploads\\\/2025\\\/03\\\/Abat-jour-polyrotin-tresse-coloris-naturel-pour-bras-deporte-GalaNocta-ideal-pour-eclairage-terrasse-restaurant-ou-evenementiel-by-Paranocta.png\",\"datePublished\":\"2026-01-30T10:10:25+00:00\",\"dateModified\":\"2026-02-13T13:36:06+00:00\",\"description\":\"Mounted on its sleek offset arm, the woven poly rattan lampshade brings style and warmth to a terrace table or a caterer\u2019s buffet.\",\"breadcrumb\":{\"@id\":\"https:\\\/\\\/paranocta.com\\\/en\\\/catalogue\\\/abat-jour-polyrotin-tresse-galanocta\\\/#breadcrumb\"},\"inLanguage\":\"en-US\",\"potentialAction\":[{\"@type\":\"ReadAction\",\"target\":[\"https:\\\/\\\/paranocta.com\\\/en\\\/catalogue\\\/abat-jour-polyrotin-tresse-galanocta\\\/\"]}]},{\"@type\":\"ImageObject\",\"inLanguage\":\"en-US\",\"@id\":\"https:\\\/\\\/paranocta.com\\\/en\\\/catalogue\\\/abat-jour-polyrotin-tresse-galanocta\\\/#primaryimage\",\"url\":\"https:\\\/\\\/paranocta.com\\\/wp-content\\\/uploads\\\/2025\\\/03\\\/Abat-jour-polyrotin-tresse-coloris-naturel-pour-bras-deporte-GalaNocta-ideal-pour-eclairage-terrasse-restaurant-ou-evenementiel-by-Paranocta.png\",\"contentUrl\":\"https:\\\/\\\/paranocta.com\\\/wp-content\\\/uploads\\\/2025\\\/03\\\/Abat-jour-polyrotin-tresse-coloris-naturel-pour-bras-deporte-GalaNocta-ideal-pour-eclairage-terrasse-restaurant-ou-evenementiel-by-Paranocta.png\",\"width\":600,\"height\":600,\"caption\":\"Abat-jour polyrotin tress\u00e9 coloris naturel pour bras d\u00e9port\u00e9 GalaNocta id\u00e9al pour \u00e9clairage terrasse restaurant ou \u00e9v\u00e9nementiel by Paranocta\"},{\"@type\":\"BreadcrumbList\",\"@id\":\"https:\\\/\\\/paranocta.com\\\/en\\\/catalogue\\\/abat-jour-polyrotin-tresse-galanocta\\\/#breadcrumb\",\"itemListElement\":[{\"@type\":\"ListItem\",\"position\":1,\"name\":\"Accueil\",\"item\":\"https:\\\/\\\/paranocta.com\\\/en\\\/\"},{\"@type\":\"ListItem\",\"position\":2,\"name\":\"Produits\",\"item\":\"https:\\\/\\\/paranocta.com\\\/boutique\\\/\"},{\"@type\":\"ListItem\",\"position\":3,\"name\":\"GalaNocta Woven Polyrattan Lampshade\"}]},{\"@type\":\"WebSite\",\"@id\":\"https:\\\/\\\/paranocta.com\\\/en\\\/#website\",\"url\":\"https:\\\/\\\/paranocta.com\\\/en\\\/\",\"name\":\"Paranocta\",\"description\":\"Le lampadaire sans fil id\u00e9al pour toutes vos soir\u00e9es\",\"publisher\":{\"@id\":\"https:\\\/\\\/paranocta.com\\\/en\\\/#organization\"},\"potentialAction\":[{\"@type\":\"SearchAction\",\"target\":{\"@type\":\"EntryPoint\",\"urlTemplate\":\"https:\\\/\\\/paranocta.com\\\/en\\\/?s={search_term_string}\"},\"query-input\":{\"@type\":\"PropertyValueSpecification\",\"valueRequired\":true,\"valueName\":\"search_term_string\"}}],\"inLanguage\":\"en-US\"},{\"@type\":\"Organization\",\"@id\":\"https:\\\/\\\/paranocta.com\\\/en\\\/#organization\",\"name\":\"Paranocta\",\"url\":\"https:\\\/\\\/paranocta.com\\\/en\\\/\",\"logo\":{\"@type\":\"ImageObject\",\"inLanguage\":\"en-US\",\"@id\":\"https:\\\/\\\/paranocta.com\\\/en\\\/#\\\/schema\\\/logo\\\/image\\\/\",\"url\":\"https:\\\/\\\/paranocta.com\\\/wp-content\\\/uploads\\\/2023\\\/09\\\/LOGO-Paranocta-header-VEC.png\",\"contentUrl\":\"https:\\\/\\\/paranocta.com\\\/wp-content\\\/uploads\\\/2023\\\/09\\\/LOGO-Paranocta-header-VEC.png\",\"width\":355,\"height\":285,\"caption\":\"Paranocta\"},\"image\":{\"@id\":\"https:\\\/\\\/paranocta.com\\\/en\\\/#\\\/schema\\\/logo\\\/image\\\/\"},\"sameAs\":[\"https:\\\/\\\/www.facebook.com\\\/paranocta\\\/\",\"https:\\\/\\\/www.instagram.com\\\/paranocta\\\/\"]}]}<\/script>\n<!-- \/ Yoast SEO plugin. -->","yoast_head_json":{"title":"GalaNocta Woven Polyrattan Lampshade - Paranocta","description":"Mounted on its sleek offset arm, the woven poly rattan lampshade brings style and warmth to a terrace table or a caterer\u2019s buffet.","robots":{"index":"index","follow":"follow","max-snippet":"max-snippet:-1","max-image-preview":"max-image-preview:large","max-video-preview":"max-video-preview:-1"},"canonical":"https:\/\/paranocta.com\/en\/catalogue\/abat-jour-polyrotin-tresse-galanocta\/","og_locale":"en_US","og_type":"article","og_title":"GalaNocta Woven Polyrattan Lampshade - Paranocta","og_description":"Mounted on its sleek offset arm, the woven poly rattan lampshade brings style and warmth to a terrace table or a caterer\u2019s buffet.","og_url":"https:\/\/paranocta.com\/en\/catalogue\/abat-jour-polyrotin-tresse-galanocta\/","og_site_name":"Paranocta","article_publisher":"https:\/\/www.facebook.com\/paranocta\/","article_modified_time":"2026-02-13T13:36:06+00:00","og_image":[{"width":600,"height":600,"url":"https:\/\/paranocta.com\/wp-content\/uploads\/2025\/03\/Abat-jour-polyrotin-tresse-coloris-naturel-pour-bras-deporte-GalaNocta-ideal-pour-eclairage-terrasse-restaurant-ou-evenementiel-by-Paranocta.png","type":"image\/png"}],"twitter_card":"summary_large_image","twitter_misc":{"Est. reading time":"1 minute"},"schema":{"@context":"https:\/\/schema.org","@graph":[{"@type":"WebPage","@id":"https:\/\/paranocta.com\/en\/catalogue\/abat-jour-polyrotin-tresse-galanocta\/","url":"https:\/\/paranocta.com\/en\/catalogue\/abat-jour-polyrotin-tresse-galanocta\/","name":"GalaNocta Woven Polyrattan Lampshade - Paranocta","isPartOf":{"@id":"https:\/\/paranocta.com\/en\/#website"},"primaryImageOfPage":{"@id":"https:\/\/paranocta.com\/en\/catalogue\/abat-jour-polyrotin-tresse-galanocta\/#primaryimage"},"image":{"@id":"https:\/\/paranocta.com\/en\/catalogue\/abat-jour-polyrotin-tresse-galanocta\/#primaryimage"},"thumbnailUrl":"https:\/\/paranocta.com\/wp-content\/uploads\/2025\/03\/Abat-jour-polyrotin-tresse-coloris-naturel-pour-bras-deporte-GalaNocta-ideal-pour-eclairage-terrasse-restaurant-ou-evenementiel-by-Paranocta.png","datePublished":"2026-01-30T10:10:25+00:00","dateModified":"2026-02-13T13:36:06+00:00","description":"Mounted on its sleek offset arm, the woven poly rattan lampshade brings style and warmth to a terrace table or a caterer\u2019s buffet.","breadcrumb":{"@id":"https:\/\/paranocta.com\/en\/catalogue\/abat-jour-polyrotin-tresse-galanocta\/#breadcrumb"},"inLanguage":"en-US","potentialAction":[{"@type":"ReadAction","target":["https:\/\/paranocta.com\/en\/catalogue\/abat-jour-polyrotin-tresse-galanocta\/"]}]},{"@type":"ImageObject","inLanguage":"en-US","@id":"https:\/\/paranocta.com\/en\/catalogue\/abat-jour-polyrotin-tresse-galanocta\/#primaryimage","url":"https:\/\/paranocta.com\/wp-content\/uploads\/2025\/03\/Abat-jour-polyrotin-tresse-coloris-naturel-pour-bras-deporte-GalaNocta-ideal-pour-eclairage-terrasse-restaurant-ou-evenementiel-by-Paranocta.png","contentUrl":"https:\/\/paranocta.com\/wp-content\/uploads\/2025\/03\/Abat-jour-polyrotin-tresse-coloris-naturel-pour-bras-deporte-GalaNocta-ideal-pour-eclairage-terrasse-restaurant-ou-evenementiel-by-Paranocta.png","width":600,"height":600,"caption":"Abat-jour polyrotin tress\u00e9 coloris naturel pour bras d\u00e9port\u00e9 GalaNocta id\u00e9al pour \u00e9clairage terrasse restaurant ou \u00e9v\u00e9nementiel by Paranocta"},{"@type":"BreadcrumbList","@id":"https:\/\/paranocta.com\/en\/catalogue\/abat-jour-polyrotin-tresse-galanocta\/#breadcrumb","itemListElement":[{"@type":"ListItem","position":1,"name":"Accueil","item":"https:\/\/paranocta.com\/en\/"},{"@type":"ListItem","position":2,"name":"Produits","item":"https:\/\/paranocta.com\/boutique\/"},{"@type":"ListItem","position":3,"name":"GalaNocta Woven Polyrattan Lampshade"}]},{"@type":"WebSite","@id":"https:\/\/paranocta.com\/en\/#website","url":"https:\/\/paranocta.com\/en\/","name":"Paranocta","description":"Le lampadaire sans fil id\u00e9al pour toutes vos soir\u00e9es","publisher":{"@id":"https:\/\/paranocta.com\/en\/#organization"},"potentialAction":[{"@type":"SearchAction","target":{"@type":"EntryPoint","urlTemplate":"https:\/\/paranocta.com\/en\/?s={search_term_string}"},"query-input":{"@type":"PropertyValueSpecification","valueRequired":true,"valueName":"search_term_string"}}],"inLanguage":"en-US"},{"@type":"Organization","@id":"https:\/\/paranocta.com\/en\/#organization","name":"Paranocta","url":"https:\/\/paranocta.com\/en\/","logo":{"@type":"ImageObject","inLanguage":"en-US","@id":"https:\/\/paranocta.com\/en\/#\/schema\/logo\/image\/","url":"https:\/\/paranocta.com\/wp-content\/uploads\/2023\/09\/LOGO-Paranocta-header-VEC.png","contentUrl":"https:\/\/paranocta.com\/wp-content\/uploads\/2023\/09\/LOGO-Paranocta-header-VEC.png","width":355,"height":285,"caption":"Paranocta"},"image":{"@id":"https:\/\/paranocta.com\/en\/#\/schema\/logo\/image\/"},"sameAs":["https:\/\/www.facebook.com\/paranocta\/","https:\/\/www.instagram.com\/paranocta\/"]}]}},"_links":{"self":[{"href":"https:\/\/paranocta.com\/en\/wp-json\/wp\/v2\/product\/19629","targetHints":{"allow":["GET"]}}],"collection":[{"href":"https:\/\/paranocta.com\/en\/wp-json\/wp\/v2\/product"}],"about":[{"href":"https:\/\/paranocta.com\/en\/wp-json\/wp\/v2\/types\/product"}],"wp:featuredmedia":[{"embeddable":true,"href":"https:\/\/paranocta.com\/en\/wp-json\/wp\/v2\/media\/14969"}],"wp:attachment":[{"href":"https:\/\/paranocta.com\/en\/wp-json\/wp\/v2\/media?parent=19629"}],"wp:term":[{"taxonomy":"product_brand","embeddable":true,"href":"https:\/\/paranocta.com\/en\/wp-json\/wp\/v2\/product_brand?post=19629"},{"taxonomy":"product_cat","embeddable":true,"href":"https:\/\/paranocta.com\/en\/wp-json\/wp\/v2\/product_cat?post=19629"},{"taxonomy":"product_tag","embeddable":true,"href":"https:\/\/paranocta.com\/en\/wp-json\/wp\/v2\/product_tag?post=19629"}],"curies":[{"name":"wp","href":"https:\/\/api.w.org\/{rel}","templated":true}]}}