{"id":19625,"date":"2026-01-30T11:10:24","date_gmt":"2026-01-30T10:10:24","guid":{"rendered":"https:\/\/paranocta.com\/?post_type=product&#038;p=19625"},"modified":"2026-02-13T15:02:03","modified_gmt":"2026-02-13T14:02:03","slug":"galanocta-rope-lampshade","status":"publish","type":"product","link":"https:\/\/paranocta.com\/en\/catalogue\/abat-jour-corde-galanocta\/","title":{"rendered":"GalaNocta Rope Lampshade"},"content":{"rendered":"<p data-start=\"0\" data-end=\"28\"><strong data-start=\"0\" data-end=\"28\">GalaNocta Rope Lampshade<\/strong><\/p>\n<p data-start=\"30\" data-end=\"109\">Elegant both outdoors and indoors, our lampshades are durable and eco-friendly.<\/p>\n<p data-start=\"111\" data-end=\"252\">Create your own atmosphere with our DiviNocta lampshades \u2014 suitable for outdoor\/indoor use (H20) \u2014 or pair the structure with your own shade.<\/p>\n<p data-start=\"254\" data-end=\"429\" data-is-last-node=\"\" data-is-only-node=\"\"><strong data-start=\"254\" data-end=\"267\">Material:<\/strong> 100% outdoor Ol\u00e9fine rope, powder-coated 304 stainless steel frame<\/p>\n<p data-start=\"254\" data-end=\"429\" data-is-last-node=\"\" data-is-only-node=\"\"><strong data-start=\"337\" data-end=\"346\">Size:<\/strong> Small model H20 \u2013 \u00d815\/30 cm<\/p>\n<p data-start=\"254\" data-end=\"429\" data-is-last-node=\"\" data-is-only-node=\"\"><strong data-start=\"377\" data-end=\"388\">Colors:<\/strong> Bronze, Linen, Black<\/p>\n<p data-start=\"254\" data-end=\"429\" data-is-last-node=\"\" data-is-only-node=\"\"><strong data-start=\"412\" data-end=\"423\">Weight:<\/strong> 830 g<\/p>\n<p><iframe title=\"YouTube video player\" src=\"https:\/\/www.youtube.com\/embed\/jHbub0v6Y4Y\" width=\"560\" height=\"315\" frameborder=\"0\" allowfullscreen=\"allowfullscreen\"><\/iframe><\/p>\n","protected":false},"excerpt":{"rendered":"<p data-start=\"0\" data-end=\"219\"><strong>Refined<\/strong> and <strong>durable<\/strong>, the <strong>Ol\u00e9fine rope<\/strong> pendant adds a chic, natural touch to outdoor lighting. Mounted on a sleek offset arm, it creates a soft and focused halo of light \u2014 perfect for enhancing restaurant terrace tables.<\/p>\n<p data-start=\"221\" data-end=\"463\">Designed for high-end <strong>catering professionals<\/strong>, easy to install and resistant to weather and wear, it instantly creates a <strong>warm and controlled lighting ambiance<\/strong>, whether for a cocktail reception, a chic countryside dinner, or an outdoor wedding.<\/p>\n<h3 data-start=\"465\" data-end=\"486\"><strong data-start=\"465\" data-end=\"486\" data-is-last-node=\"\">\u20ac115.00 excl. VAT<\/strong><\/h3>\n","protected":false},"featured_media":14851,"template":"","meta":[],"product_brand":[],"product_cat":[295],"product_tag":[],"class_list":{"0":"post-19625","1":"product","2":"type-product","3":"status-publish","4":"has-post-thumbnail","6":"product_cat-galanocta","8":"first","9":"instock","10":"sold-individually","11":"taxable","12":"shipping-taxable","13":"product-type-simple"},"yoast_head":"<!-- This site is optimized with the Yoast SEO plugin v27.3 - https:\/\/yoast.com\/product\/yoast-seo-wordpress\/ -->\n<title>GalaNocta Rope Lampshade - Paranocta<\/title>\n<meta name=\"description\" content=\"Elegant and designed for 100% outdoor use, our Olefin rope lampshades are durable and eco-friendly. The ultimate decorative asset for a chic and natural look.\" \/>\n<meta name=\"robots\" content=\"index, follow, max-snippet:-1, max-image-preview:large, max-video-preview:-1\" \/>\n<link rel=\"canonical\" href=\"https:\/\/paranocta.com\/en\/catalogue\/abat-jour-corde-galanocta\/\" \/>\n<meta property=\"og:locale\" content=\"en_US\" \/>\n<meta property=\"og:type\" content=\"article\" \/>\n<meta property=\"og:title\" content=\"GalaNocta Rope Lampshade - Paranocta\" \/>\n<meta property=\"og:description\" content=\"Elegant and designed for 100% outdoor use, our Olefin rope lampshades are durable and eco-friendly. The ultimate decorative asset for a chic and natural look.\" \/>\n<meta property=\"og:url\" content=\"https:\/\/paranocta.com\/en\/catalogue\/abat-jour-corde-galanocta\/\" \/>\n<meta property=\"og:site_name\" content=\"Paranocta\" \/>\n<meta property=\"article:publisher\" content=\"https:\/\/www.facebook.com\/paranocta\/\" \/>\n<meta property=\"article:modified_time\" content=\"2026-02-13T14:02:03+00:00\" \/>\n<meta property=\"og:image\" content=\"https:\/\/paranocta.com\/wp-content\/uploads\/2025\/04\/Bras-deporte-vert-sauge-GalaNocta-by-Paranocta-avec-abat-jour-corde-bronze-pour-eclairage-terrasse-restaurant.png\" \/>\n\t<meta property=\"og:image:width\" content=\"600\" \/>\n\t<meta property=\"og:image:height\" content=\"600\" \/>\n\t<meta property=\"og:image:type\" content=\"image\/png\" \/>\n<meta name=\"twitter:card\" content=\"summary_large_image\" \/>\n<meta name=\"twitter:label1\" content=\"Est. reading time\" \/>\n\t<meta name=\"twitter:data1\" content=\"1 minute\" \/>\n<script type=\"application\/ld+json\" class=\"yoast-schema-graph\">{\"@context\":\"https:\\\/\\\/schema.org\",\"@graph\":[{\"@type\":\"WebPage\",\"@id\":\"https:\\\/\\\/paranocta.com\\\/en\\\/catalogue\\\/abat-jour-corde-galanocta\\\/\",\"url\":\"https:\\\/\\\/paranocta.com\\\/en\\\/catalogue\\\/abat-jour-corde-galanocta\\\/\",\"name\":\"GalaNocta Rope Lampshade - Paranocta\",\"isPartOf\":{\"@id\":\"https:\\\/\\\/paranocta.com\\\/en\\\/#website\"},\"primaryImageOfPage\":{\"@id\":\"https:\\\/\\\/paranocta.com\\\/en\\\/catalogue\\\/abat-jour-corde-galanocta\\\/#primaryimage\"},\"image\":{\"@id\":\"https:\\\/\\\/paranocta.com\\\/en\\\/catalogue\\\/abat-jour-corde-galanocta\\\/#primaryimage\"},\"thumbnailUrl\":\"https:\\\/\\\/paranocta.com\\\/wp-content\\\/uploads\\\/2025\\\/04\\\/Bras-deporte-vert-sauge-GalaNocta-by-Paranocta-avec-abat-jour-corde-bronze-pour-eclairage-terrasse-restaurant.png\",\"datePublished\":\"2026-01-30T10:10:24+00:00\",\"dateModified\":\"2026-02-13T14:02:03+00:00\",\"description\":\"Elegant and designed for 100% outdoor use, our Olefin rope lampshades are durable and eco-friendly. The ultimate decorative asset for a chic and natural look.\",\"breadcrumb\":{\"@id\":\"https:\\\/\\\/paranocta.com\\\/en\\\/catalogue\\\/abat-jour-corde-galanocta\\\/#breadcrumb\"},\"inLanguage\":\"en-US\",\"potentialAction\":[{\"@type\":\"ReadAction\",\"target\":[\"https:\\\/\\\/paranocta.com\\\/en\\\/catalogue\\\/abat-jour-corde-galanocta\\\/\"]}]},{\"@type\":\"ImageObject\",\"inLanguage\":\"en-US\",\"@id\":\"https:\\\/\\\/paranocta.com\\\/en\\\/catalogue\\\/abat-jour-corde-galanocta\\\/#primaryimage\",\"url\":\"https:\\\/\\\/paranocta.com\\\/wp-content\\\/uploads\\\/2025\\\/04\\\/Bras-deporte-vert-sauge-GalaNocta-by-Paranocta-avec-abat-jour-corde-bronze-pour-eclairage-terrasse-restaurant.png\",\"contentUrl\":\"https:\\\/\\\/paranocta.com\\\/wp-content\\\/uploads\\\/2025\\\/04\\\/Bras-deporte-vert-sauge-GalaNocta-by-Paranocta-avec-abat-jour-corde-bronze-pour-eclairage-terrasse-restaurant.png\",\"width\":600,\"height\":600,\"caption\":\"Bras d\u00e9port\u00e9 vert sauge GalaNocta by Paranocta avec abat-jour corde bronze pour \u00e9clairage terrasse restaurant\"},{\"@type\":\"BreadcrumbList\",\"@id\":\"https:\\\/\\\/paranocta.com\\\/en\\\/catalogue\\\/abat-jour-corde-galanocta\\\/#breadcrumb\",\"itemListElement\":[{\"@type\":\"ListItem\",\"position\":1,\"name\":\"Accueil\",\"item\":\"https:\\\/\\\/paranocta.com\\\/en\\\/\"},{\"@type\":\"ListItem\",\"position\":2,\"name\":\"Produits\",\"item\":\"https:\\\/\\\/paranocta.com\\\/boutique\\\/\"},{\"@type\":\"ListItem\",\"position\":3,\"name\":\"GalaNocta Rope Lampshade\"}]},{\"@type\":\"WebSite\",\"@id\":\"https:\\\/\\\/paranocta.com\\\/en\\\/#website\",\"url\":\"https:\\\/\\\/paranocta.com\\\/en\\\/\",\"name\":\"Paranocta\",\"description\":\"Le lampadaire sans fil id\u00e9al pour toutes vos soir\u00e9es\",\"publisher\":{\"@id\":\"https:\\\/\\\/paranocta.com\\\/en\\\/#organization\"},\"potentialAction\":[{\"@type\":\"SearchAction\",\"target\":{\"@type\":\"EntryPoint\",\"urlTemplate\":\"https:\\\/\\\/paranocta.com\\\/en\\\/?s={search_term_string}\"},\"query-input\":{\"@type\":\"PropertyValueSpecification\",\"valueRequired\":true,\"valueName\":\"search_term_string\"}}],\"inLanguage\":\"en-US\"},{\"@type\":\"Organization\",\"@id\":\"https:\\\/\\\/paranocta.com\\\/en\\\/#organization\",\"name\":\"Paranocta\",\"url\":\"https:\\\/\\\/paranocta.com\\\/en\\\/\",\"logo\":{\"@type\":\"ImageObject\",\"inLanguage\":\"en-US\",\"@id\":\"https:\\\/\\\/paranocta.com\\\/en\\\/#\\\/schema\\\/logo\\\/image\\\/\",\"url\":\"https:\\\/\\\/paranocta.com\\\/wp-content\\\/uploads\\\/2023\\\/09\\\/LOGO-Paranocta-header-VEC.png\",\"contentUrl\":\"https:\\\/\\\/paranocta.com\\\/wp-content\\\/uploads\\\/2023\\\/09\\\/LOGO-Paranocta-header-VEC.png\",\"width\":355,\"height\":285,\"caption\":\"Paranocta\"},\"image\":{\"@id\":\"https:\\\/\\\/paranocta.com\\\/en\\\/#\\\/schema\\\/logo\\\/image\\\/\"},\"sameAs\":[\"https:\\\/\\\/www.facebook.com\\\/paranocta\\\/\",\"https:\\\/\\\/www.instagram.com\\\/paranocta\\\/\"]}]}<\/script>\n<!-- \/ Yoast SEO plugin. -->","yoast_head_json":{"title":"GalaNocta Rope Lampshade - Paranocta","description":"Elegant and designed for 100% outdoor use, our Olefin rope lampshades are durable and eco-friendly. The ultimate decorative asset for a chic and natural look.","robots":{"index":"index","follow":"follow","max-snippet":"max-snippet:-1","max-image-preview":"max-image-preview:large","max-video-preview":"max-video-preview:-1"},"canonical":"https:\/\/paranocta.com\/en\/catalogue\/abat-jour-corde-galanocta\/","og_locale":"en_US","og_type":"article","og_title":"GalaNocta Rope Lampshade - Paranocta","og_description":"Elegant and designed for 100% outdoor use, our Olefin rope lampshades are durable and eco-friendly. The ultimate decorative asset for a chic and natural look.","og_url":"https:\/\/paranocta.com\/en\/catalogue\/abat-jour-corde-galanocta\/","og_site_name":"Paranocta","article_publisher":"https:\/\/www.facebook.com\/paranocta\/","article_modified_time":"2026-02-13T14:02:03+00:00","og_image":[{"width":600,"height":600,"url":"https:\/\/paranocta.com\/wp-content\/uploads\/2025\/04\/Bras-deporte-vert-sauge-GalaNocta-by-Paranocta-avec-abat-jour-corde-bronze-pour-eclairage-terrasse-restaurant.png","type":"image\/png"}],"twitter_card":"summary_large_image","twitter_misc":{"Est. reading time":"1 minute"},"schema":{"@context":"https:\/\/schema.org","@graph":[{"@type":"WebPage","@id":"https:\/\/paranocta.com\/en\/catalogue\/abat-jour-corde-galanocta\/","url":"https:\/\/paranocta.com\/en\/catalogue\/abat-jour-corde-galanocta\/","name":"GalaNocta Rope Lampshade - Paranocta","isPartOf":{"@id":"https:\/\/paranocta.com\/en\/#website"},"primaryImageOfPage":{"@id":"https:\/\/paranocta.com\/en\/catalogue\/abat-jour-corde-galanocta\/#primaryimage"},"image":{"@id":"https:\/\/paranocta.com\/en\/catalogue\/abat-jour-corde-galanocta\/#primaryimage"},"thumbnailUrl":"https:\/\/paranocta.com\/wp-content\/uploads\/2025\/04\/Bras-deporte-vert-sauge-GalaNocta-by-Paranocta-avec-abat-jour-corde-bronze-pour-eclairage-terrasse-restaurant.png","datePublished":"2026-01-30T10:10:24+00:00","dateModified":"2026-02-13T14:02:03+00:00","description":"Elegant and designed for 100% outdoor use, our Olefin rope lampshades are durable and eco-friendly. The ultimate decorative asset for a chic and natural look.","breadcrumb":{"@id":"https:\/\/paranocta.com\/en\/catalogue\/abat-jour-corde-galanocta\/#breadcrumb"},"inLanguage":"en-US","potentialAction":[{"@type":"ReadAction","target":["https:\/\/paranocta.com\/en\/catalogue\/abat-jour-corde-galanocta\/"]}]},{"@type":"ImageObject","inLanguage":"en-US","@id":"https:\/\/paranocta.com\/en\/catalogue\/abat-jour-corde-galanocta\/#primaryimage","url":"https:\/\/paranocta.com\/wp-content\/uploads\/2025\/04\/Bras-deporte-vert-sauge-GalaNocta-by-Paranocta-avec-abat-jour-corde-bronze-pour-eclairage-terrasse-restaurant.png","contentUrl":"https:\/\/paranocta.com\/wp-content\/uploads\/2025\/04\/Bras-deporte-vert-sauge-GalaNocta-by-Paranocta-avec-abat-jour-corde-bronze-pour-eclairage-terrasse-restaurant.png","width":600,"height":600,"caption":"Bras d\u00e9port\u00e9 vert sauge GalaNocta by Paranocta avec abat-jour corde bronze pour \u00e9clairage terrasse restaurant"},{"@type":"BreadcrumbList","@id":"https:\/\/paranocta.com\/en\/catalogue\/abat-jour-corde-galanocta\/#breadcrumb","itemListElement":[{"@type":"ListItem","position":1,"name":"Accueil","item":"https:\/\/paranocta.com\/en\/"},{"@type":"ListItem","position":2,"name":"Produits","item":"https:\/\/paranocta.com\/boutique\/"},{"@type":"ListItem","position":3,"name":"GalaNocta Rope Lampshade"}]},{"@type":"WebSite","@id":"https:\/\/paranocta.com\/en\/#website","url":"https:\/\/paranocta.com\/en\/","name":"Paranocta","description":"Le lampadaire sans fil id\u00e9al pour toutes vos soir\u00e9es","publisher":{"@id":"https:\/\/paranocta.com\/en\/#organization"},"potentialAction":[{"@type":"SearchAction","target":{"@type":"EntryPoint","urlTemplate":"https:\/\/paranocta.com\/en\/?s={search_term_string}"},"query-input":{"@type":"PropertyValueSpecification","valueRequired":true,"valueName":"search_term_string"}}],"inLanguage":"en-US"},{"@type":"Organization","@id":"https:\/\/paranocta.com\/en\/#organization","name":"Paranocta","url":"https:\/\/paranocta.com\/en\/","logo":{"@type":"ImageObject","inLanguage":"en-US","@id":"https:\/\/paranocta.com\/en\/#\/schema\/logo\/image\/","url":"https:\/\/paranocta.com\/wp-content\/uploads\/2023\/09\/LOGO-Paranocta-header-VEC.png","contentUrl":"https:\/\/paranocta.com\/wp-content\/uploads\/2023\/09\/LOGO-Paranocta-header-VEC.png","width":355,"height":285,"caption":"Paranocta"},"image":{"@id":"https:\/\/paranocta.com\/en\/#\/schema\/logo\/image\/"},"sameAs":["https:\/\/www.facebook.com\/paranocta\/","https:\/\/www.instagram.com\/paranocta\/"]}]}},"_links":{"self":[{"href":"https:\/\/paranocta.com\/en\/wp-json\/wp\/v2\/product\/19625","targetHints":{"allow":["GET"]}}],"collection":[{"href":"https:\/\/paranocta.com\/en\/wp-json\/wp\/v2\/product"}],"about":[{"href":"https:\/\/paranocta.com\/en\/wp-json\/wp\/v2\/types\/product"}],"wp:featuredmedia":[{"embeddable":true,"href":"https:\/\/paranocta.com\/en\/wp-json\/wp\/v2\/media\/14851"}],"wp:attachment":[{"href":"https:\/\/paranocta.com\/en\/wp-json\/wp\/v2\/media?parent=19625"}],"wp:term":[{"taxonomy":"product_brand","embeddable":true,"href":"https:\/\/paranocta.com\/en\/wp-json\/wp\/v2\/product_brand?post=19625"},{"taxonomy":"product_cat","embeddable":true,"href":"https:\/\/paranocta.com\/en\/wp-json\/wp\/v2\/product_cat?post=19625"},{"taxonomy":"product_tag","embeddable":true,"href":"https:\/\/paranocta.com\/en\/wp-json\/wp\/v2\/product_tag?post=19625"}],"curies":[{"name":"wp","href":"https:\/\/api.w.org\/{rel}","templated":true}]}}