{"id":19602,"date":"2026-01-30T10:51:44","date_gmt":"2026-01-30T09:51:44","guid":{"rendered":"https:\/\/paranocta.com\/?post_type=product&#038;p=19602"},"modified":"2026-02-18T14:49:30","modified_gmt":"2026-02-18T13:49:30","slug":"pied-base","status":"publish","type":"product","link":"https:\/\/paranocta.com\/en\/catalogue\/professionnel\/accessoires-pro\/pied-base\/","title":{"rendered":"Pied base"},"content":{"rendered":"<p>Accessoire indispensable pour dresser le lampadaire sans fil Paranocta <b class=\"color-black\">sur tout type de sol<\/b>, il lui permet aussi une<b class=\"color-black\"> grande mobilit\u00e9.<\/b><\/p>\n<p>En acier et aluminium, son thermolaquage avec poudrage anti UV haute r\u00e9sistance finition sabl\u00e9e garantit un usage ext\u00e9rieur toute l&#8217;ann\u00e9e.<\/p>\n<p>De finition sabl\u00e9e mate, il se d\u00e9cline en 4 coloris : ivoire (RAL 1013), vert sauge (RAL 7034), noir graphite (RAL 2200) et rouille (RAL 2525)<\/p>\n<p><img decoding=\"async\" class=\"alignnone size-full wp-image-10287 aligncenter\" src=\"https:\/\/paranocta.com\/wp-content\/uploads\/2023\/11\/PICTO-Conception-francaise-seul-VEC.png\" alt=\"\" width=\"85\" height=\"84\" \/><\/p>\n<p><em>Livr\u00e9 avec cl\u00e9 allen et vis inox, montage simple et rapide<\/em><\/p>\n<p><b class=\"color-black\">Diam\u00e8tre platine <\/b>: 38 cm<\/p>\n<p><b class=\"color-black\">Hauteur manchon <\/b>: 15 cm<\/p>\n<p><b class=\"color-black\">Diam\u00e8tre int. manchon <\/b>: 3 cm<\/p>\n<p><b class=\"color-black\">Poids <\/b>: 5,500 kg<\/p>\n","protected":false},"excerpt":{"rendered":"<p>A la silhouette \u00e9pure, le pied base coordonn\u00e9 au lampadaire se marie avec tous les styles d&#8217;ext\u00e9rieur et convient aux sols durs.<\/p>\n<p>Id\u00e9al pour le d\u00e9placer au gr\u00e9 des dressages de table, des \u00e9v\u00e9nements nocturnes et pour optimiser son utilisation sur tous les espaces ext\u00e9rieurs : entr\u00e9e, terrasse, plage de piscine, espace d\u00e9tente&#8230;<\/p>\n<p>Utile dehors comme dedans, il permet aussi de dresser le lampadaire sur 2 de ses 3 tubes pour l&#8217;utiliser en bout de canap\u00e9 dans un espace lounge.<\/p>\n<h3>74.17 \u20ac HT<\/h3>\n<p><img decoding=\"async\" class=\"alignnone size-full wp-image-10287\" src=\"https:\/\/paranocta.com\/wp-content\/uploads\/2023\/11\/PICTO-Conception-francaise-seul-VEC.png\" alt=\"\" width=\"85\" height=\"84\" \/><\/p>\n","protected":false},"featured_media":11847,"template":"","meta":[],"product_brand":[],"product_cat":[294],"product_tag":[],"class_list":{"0":"post-19602","1":"product","2":"type-product","3":"status-publish","4":"has-post-thumbnail","6":"product_cat-accessories-pro","8":"first","9":"instock","10":"sold-individually","11":"taxable","12":"shipping-taxable","13":"product-type-simple"},"yoast_head":"<!-- This site is optimized with the Yoast SEO plugin v27.3 - https:\/\/yoast.com\/product\/yoast-seo-wordpress\/ -->\n<title>Pied base - Paranocta<\/title>\n<meta name=\"description\" content=\"Thanks to its base, the Paranocta cordless floor lamp stands anywhere on a terrace and can be moved easily. 100% made in France.\" \/>\n<meta name=\"robots\" content=\"index, follow, max-snippet:-1, max-image-preview:large, max-video-preview:-1\" \/>\n<link rel=\"canonical\" href=\"https:\/\/paranocta.com\/en\/catalogue\/professionnel\/accessoires-pro\/pied-base\/\" \/>\n<meta property=\"og:locale\" content=\"en_US\" \/>\n<meta property=\"og:type\" content=\"article\" \/>\n<meta property=\"og:title\" content=\"Pied base - Paranocta\" \/>\n<meta property=\"og:description\" content=\"Thanks to its base, the Paranocta cordless floor lamp stands anywhere on a terrace and can be moved easily. 100% made in France.\" \/>\n<meta property=\"og:url\" content=\"https:\/\/paranocta.com\/en\/catalogue\/professionnel\/accessoires-pro\/pied-base\/\" \/>\n<meta property=\"og:site_name\" content=\"Paranocta\" \/>\n<meta property=\"article:publisher\" content=\"https:\/\/www.facebook.com\/paranocta\/\" \/>\n<meta property=\"article:modified_time\" content=\"2026-02-18T13:49:30+00:00\" \/>\n<meta property=\"og:image\" content=\"https:\/\/paranocta.com\/wp-content\/uploads\/2020\/05\/Pied-base-ivoire-pour-lampadaire-PARANOCTA-2024.png\" \/>\n\t<meta property=\"og:image:width\" content=\"1000\" \/>\n\t<meta property=\"og:image:height\" content=\"706\" \/>\n\t<meta property=\"og:image:type\" content=\"image\/png\" \/>\n<meta name=\"twitter:card\" content=\"summary_large_image\" \/>\n<meta name=\"twitter:label1\" content=\"Est. reading time\" \/>\n\t<meta name=\"twitter:data1\" content=\"1 minute\" \/>\n<script type=\"application\/ld+json\" class=\"yoast-schema-graph\">{\"@context\":\"https:\\\/\\\/schema.org\",\"@graph\":[{\"@type\":\"WebPage\",\"@id\":\"https:\\\/\\\/paranocta.com\\\/en\\\/catalogue\\\/professionnel\\\/accessoires-pro\\\/pied-base\\\/\",\"url\":\"https:\\\/\\\/paranocta.com\\\/en\\\/catalogue\\\/professionnel\\\/accessoires-pro\\\/pied-base\\\/\",\"name\":\"Pied base - Paranocta\",\"isPartOf\":{\"@id\":\"https:\\\/\\\/paranocta.com\\\/en\\\/#website\"},\"primaryImageOfPage\":{\"@id\":\"https:\\\/\\\/paranocta.com\\\/en\\\/catalogue\\\/professionnel\\\/accessoires-pro\\\/pied-base\\\/#primaryimage\"},\"image\":{\"@id\":\"https:\\\/\\\/paranocta.com\\\/en\\\/catalogue\\\/professionnel\\\/accessoires-pro\\\/pied-base\\\/#primaryimage\"},\"thumbnailUrl\":\"https:\\\/\\\/paranocta.com\\\/wp-content\\\/uploads\\\/2020\\\/05\\\/Pied-base-ivoire-pour-lampadaire-PARANOCTA-2024.png\",\"datePublished\":\"2026-01-30T09:51:44+00:00\",\"dateModified\":\"2026-02-18T13:49:30+00:00\",\"description\":\"Thanks to its base, the Paranocta cordless floor lamp stands anywhere on a terrace and can be moved easily. 100% made in France.\",\"breadcrumb\":{\"@id\":\"https:\\\/\\\/paranocta.com\\\/en\\\/catalogue\\\/professionnel\\\/accessoires-pro\\\/pied-base\\\/#breadcrumb\"},\"inLanguage\":\"en-US\",\"potentialAction\":[{\"@type\":\"ReadAction\",\"target\":[\"https:\\\/\\\/paranocta.com\\\/en\\\/catalogue\\\/professionnel\\\/accessoires-pro\\\/pied-base\\\/\"]}]},{\"@type\":\"ImageObject\",\"inLanguage\":\"en-US\",\"@id\":\"https:\\\/\\\/paranocta.com\\\/en\\\/catalogue\\\/professionnel\\\/accessoires-pro\\\/pied-base\\\/#primaryimage\",\"url\":\"https:\\\/\\\/paranocta.com\\\/wp-content\\\/uploads\\\/2020\\\/05\\\/Pied-base-ivoire-pour-lampadaire-PARANOCTA-2024.png\",\"contentUrl\":\"https:\\\/\\\/paranocta.com\\\/wp-content\\\/uploads\\\/2020\\\/05\\\/Pied-base-ivoire-pour-lampadaire-PARANOCTA-2024.png\",\"width\":1000,\"height\":706},{\"@type\":\"BreadcrumbList\",\"@id\":\"https:\\\/\\\/paranocta.com\\\/en\\\/catalogue\\\/professionnel\\\/accessoires-pro\\\/pied-base\\\/#breadcrumb\",\"itemListElement\":[{\"@type\":\"ListItem\",\"position\":1,\"name\":\"Accueil\",\"item\":\"https:\\\/\\\/paranocta.com\\\/en\\\/\"},{\"@type\":\"ListItem\",\"position\":2,\"name\":\"Produits\",\"item\":\"https:\\\/\\\/paranocta.com\\\/boutique\\\/\"},{\"@type\":\"ListItem\",\"position\":3,\"name\":\"Pied base\"}]},{\"@type\":\"WebSite\",\"@id\":\"https:\\\/\\\/paranocta.com\\\/en\\\/#website\",\"url\":\"https:\\\/\\\/paranocta.com\\\/en\\\/\",\"name\":\"Paranocta\",\"description\":\"Le lampadaire sans fil id\u00e9al pour toutes vos soir\u00e9es\",\"publisher\":{\"@id\":\"https:\\\/\\\/paranocta.com\\\/en\\\/#organization\"},\"potentialAction\":[{\"@type\":\"SearchAction\",\"target\":{\"@type\":\"EntryPoint\",\"urlTemplate\":\"https:\\\/\\\/paranocta.com\\\/en\\\/?s={search_term_string}\"},\"query-input\":{\"@type\":\"PropertyValueSpecification\",\"valueRequired\":true,\"valueName\":\"search_term_string\"}}],\"inLanguage\":\"en-US\"},{\"@type\":\"Organization\",\"@id\":\"https:\\\/\\\/paranocta.com\\\/en\\\/#organization\",\"name\":\"Paranocta\",\"url\":\"https:\\\/\\\/paranocta.com\\\/en\\\/\",\"logo\":{\"@type\":\"ImageObject\",\"inLanguage\":\"en-US\",\"@id\":\"https:\\\/\\\/paranocta.com\\\/en\\\/#\\\/schema\\\/logo\\\/image\\\/\",\"url\":\"https:\\\/\\\/paranocta.com\\\/wp-content\\\/uploads\\\/2023\\\/09\\\/LOGO-Paranocta-header-VEC.png\",\"contentUrl\":\"https:\\\/\\\/paranocta.com\\\/wp-content\\\/uploads\\\/2023\\\/09\\\/LOGO-Paranocta-header-VEC.png\",\"width\":355,\"height\":285,\"caption\":\"Paranocta\"},\"image\":{\"@id\":\"https:\\\/\\\/paranocta.com\\\/en\\\/#\\\/schema\\\/logo\\\/image\\\/\"},\"sameAs\":[\"https:\\\/\\\/www.facebook.com\\\/paranocta\\\/\",\"https:\\\/\\\/www.instagram.com\\\/paranocta\\\/\"]}]}<\/script>\n<!-- \/ Yoast SEO plugin. -->","yoast_head_json":{"title":"Pied base - Paranocta","description":"Thanks to its base, the Paranocta cordless floor lamp stands anywhere on a terrace and can be moved easily. 100% made in France.","robots":{"index":"index","follow":"follow","max-snippet":"max-snippet:-1","max-image-preview":"max-image-preview:large","max-video-preview":"max-video-preview:-1"},"canonical":"https:\/\/paranocta.com\/en\/catalogue\/professionnel\/accessoires-pro\/pied-base\/","og_locale":"en_US","og_type":"article","og_title":"Pied base - Paranocta","og_description":"Thanks to its base, the Paranocta cordless floor lamp stands anywhere on a terrace and can be moved easily. 100% made in France.","og_url":"https:\/\/paranocta.com\/en\/catalogue\/professionnel\/accessoires-pro\/pied-base\/","og_site_name":"Paranocta","article_publisher":"https:\/\/www.facebook.com\/paranocta\/","article_modified_time":"2026-02-18T13:49:30+00:00","og_image":[{"width":1000,"height":706,"url":"https:\/\/paranocta.com\/wp-content\/uploads\/2020\/05\/Pied-base-ivoire-pour-lampadaire-PARANOCTA-2024.png","type":"image\/png"}],"twitter_card":"summary_large_image","twitter_misc":{"Est. reading time":"1 minute"},"schema":{"@context":"https:\/\/schema.org","@graph":[{"@type":"WebPage","@id":"https:\/\/paranocta.com\/en\/catalogue\/professionnel\/accessoires-pro\/pied-base\/","url":"https:\/\/paranocta.com\/en\/catalogue\/professionnel\/accessoires-pro\/pied-base\/","name":"Pied base - Paranocta","isPartOf":{"@id":"https:\/\/paranocta.com\/en\/#website"},"primaryImageOfPage":{"@id":"https:\/\/paranocta.com\/en\/catalogue\/professionnel\/accessoires-pro\/pied-base\/#primaryimage"},"image":{"@id":"https:\/\/paranocta.com\/en\/catalogue\/professionnel\/accessoires-pro\/pied-base\/#primaryimage"},"thumbnailUrl":"https:\/\/paranocta.com\/wp-content\/uploads\/2020\/05\/Pied-base-ivoire-pour-lampadaire-PARANOCTA-2024.png","datePublished":"2026-01-30T09:51:44+00:00","dateModified":"2026-02-18T13:49:30+00:00","description":"Thanks to its base, the Paranocta cordless floor lamp stands anywhere on a terrace and can be moved easily. 100% made in France.","breadcrumb":{"@id":"https:\/\/paranocta.com\/en\/catalogue\/professionnel\/accessoires-pro\/pied-base\/#breadcrumb"},"inLanguage":"en-US","potentialAction":[{"@type":"ReadAction","target":["https:\/\/paranocta.com\/en\/catalogue\/professionnel\/accessoires-pro\/pied-base\/"]}]},{"@type":"ImageObject","inLanguage":"en-US","@id":"https:\/\/paranocta.com\/en\/catalogue\/professionnel\/accessoires-pro\/pied-base\/#primaryimage","url":"https:\/\/paranocta.com\/wp-content\/uploads\/2020\/05\/Pied-base-ivoire-pour-lampadaire-PARANOCTA-2024.png","contentUrl":"https:\/\/paranocta.com\/wp-content\/uploads\/2020\/05\/Pied-base-ivoire-pour-lampadaire-PARANOCTA-2024.png","width":1000,"height":706},{"@type":"BreadcrumbList","@id":"https:\/\/paranocta.com\/en\/catalogue\/professionnel\/accessoires-pro\/pied-base\/#breadcrumb","itemListElement":[{"@type":"ListItem","position":1,"name":"Accueil","item":"https:\/\/paranocta.com\/en\/"},{"@type":"ListItem","position":2,"name":"Produits","item":"https:\/\/paranocta.com\/boutique\/"},{"@type":"ListItem","position":3,"name":"Pied base"}]},{"@type":"WebSite","@id":"https:\/\/paranocta.com\/en\/#website","url":"https:\/\/paranocta.com\/en\/","name":"Paranocta","description":"Le lampadaire sans fil id\u00e9al pour toutes vos soir\u00e9es","publisher":{"@id":"https:\/\/paranocta.com\/en\/#organization"},"potentialAction":[{"@type":"SearchAction","target":{"@type":"EntryPoint","urlTemplate":"https:\/\/paranocta.com\/en\/?s={search_term_string}"},"query-input":{"@type":"PropertyValueSpecification","valueRequired":true,"valueName":"search_term_string"}}],"inLanguage":"en-US"},{"@type":"Organization","@id":"https:\/\/paranocta.com\/en\/#organization","name":"Paranocta","url":"https:\/\/paranocta.com\/en\/","logo":{"@type":"ImageObject","inLanguage":"en-US","@id":"https:\/\/paranocta.com\/en\/#\/schema\/logo\/image\/","url":"https:\/\/paranocta.com\/wp-content\/uploads\/2023\/09\/LOGO-Paranocta-header-VEC.png","contentUrl":"https:\/\/paranocta.com\/wp-content\/uploads\/2023\/09\/LOGO-Paranocta-header-VEC.png","width":355,"height":285,"caption":"Paranocta"},"image":{"@id":"https:\/\/paranocta.com\/en\/#\/schema\/logo\/image\/"},"sameAs":["https:\/\/www.facebook.com\/paranocta\/","https:\/\/www.instagram.com\/paranocta\/"]}]}},"_links":{"self":[{"href":"https:\/\/paranocta.com\/en\/wp-json\/wp\/v2\/product\/19602","targetHints":{"allow":["GET"]}}],"collection":[{"href":"https:\/\/paranocta.com\/en\/wp-json\/wp\/v2\/product"}],"about":[{"href":"https:\/\/paranocta.com\/en\/wp-json\/wp\/v2\/types\/product"}],"wp:featuredmedia":[{"embeddable":true,"href":"https:\/\/paranocta.com\/en\/wp-json\/wp\/v2\/media\/11847"}],"wp:attachment":[{"href":"https:\/\/paranocta.com\/en\/wp-json\/wp\/v2\/media?parent=19602"}],"wp:term":[{"taxonomy":"product_brand","embeddable":true,"href":"https:\/\/paranocta.com\/en\/wp-json\/wp\/v2\/product_brand?post=19602"},{"taxonomy":"product_cat","embeddable":true,"href":"https:\/\/paranocta.com\/en\/wp-json\/wp\/v2\/product_cat?post=19602"},{"taxonomy":"product_tag","embeddable":true,"href":"https:\/\/paranocta.com\/en\/wp-json\/wp\/v2\/product_tag?post=19602"}],"curies":[{"name":"wp","href":"https:\/\/api.w.org\/{rel}","templated":true}]}}